{"id":1629,"date":"2019-04-18T10:51:32","date_gmt":"2019-04-18T10:51:32","guid":{"rendered":"https:\/\/satmediawp.edv-kroiss.com\/produkt\/koaxkabel-abisoliertool\/"},"modified":"2024-05-17T11:20:23","modified_gmt":"2024-05-17T09:20:23","slug":"koaxkabel-abisoliertool","status":"publish","type":"product","link":"https:\/\/satmediawp.edv-kroiss.com\/en\/product\/koaxkabel-abisoliertool\/","title":{"rendered":"Coaxial Cable Stripping Tool"},"content":{"rendered":"<p>Universal Koax Abisolierer f\u00fcr alle unsere Koax Kabel geeignet<br \/>Verf\u00fcgt \u00fcber ein &#8222;Zwei Klingen-System&#8220;.<\/p>\n<p>Das Messer kann die Abschirmung in 3 verschiedenen L\u00e4ngen (4, 6 und 8 mm) sowie den Innenleiter bei 4 bis 9mm Kabel-Au\u00dfendurchmesser in einem Arbeitsgang abisolieren.<\/p>\n<p>Scope of delivery:<br \/>1x Abisolierer f\u00fcr Koaxkabel<br \/>1x Schl\u00fcssel<\/p>","protected":false},"excerpt":{"rendered":"<p>Universal Koax Abisolierer f\u00fcr alle unsere Koax Kabel geeignetVerf\u00fcgt \u00fcber ein &#8222;Zwei Klingen-System&#8220;. Das Messer kann die Abschirmung in 3 verschiedenen L\u00e4ngen [&hellip;]<\/p>","protected":false},"featured_media":1628,"template":"","meta":[],"product_cat":[49,129],"product_tag":[],"_links":{"self":[{"href":"https:\/\/satmediawp.edv-kroiss.com\/en\/wp-json\/wp\/v2\/product\/1629"}],"collection":[{"href":"https:\/\/satmediawp.edv-kroiss.com\/en\/wp-json\/wp\/v2\/product"}],"about":[{"href":"https:\/\/satmediawp.edv-kroiss.com\/en\/wp-json\/wp\/v2\/types\/product"}],"wp:featuredmedia":[{"embeddable":true,"href":"https:\/\/satmediawp.edv-kroiss.com\/en\/wp-json\/wp\/v2\/media\/1628"}],"wp:attachment":[{"href":"https:\/\/satmediawp.edv-kroiss.com\/en\/wp-json\/wp\/v2\/media?parent=1629"}],"wp:term":[{"taxonomy":"product_cat","embeddable":true,"href":"https:\/\/satmediawp.edv-kroiss.com\/en\/wp-json\/wp\/v2\/product_cat?post=1629"},{"taxonomy":"product_tag","embeddable":true,"href":"https:\/\/satmediawp.edv-kroiss.com\/en\/wp-json\/wp\/v2\/product_tag?post=1629"}],"curies":[{"name":"wp","href":"https:\/\/api.w.org\/{rel}","templated":true}]}}