{"id":1646,"date":"2019-07-22T16:25:44","date_gmt":"2019-07-22T16:25:44","guid":{"rendered":"https:\/\/satmediawp.edv-kroiss.com\/produkt\/clarke-tech-set-one-tx-114-monoblock-quad-lnb-02db-uhd\/"},"modified":"2024-05-17T11:21:09","modified_gmt":"2024-05-17T09:21:09","slug":"clarke-tech-set-one-tx-114-monoblock-quad-lnb-02db-uhd","status":"publish","type":"product","link":"https:\/\/satmediawp.edv-kroiss.com\/en\/product\/clarke-tech-set-one-tx-114-monoblock-quad-lnb-02db-uhd\/","title":{"rendered":"Clarke-Tech SET-One TX-114 Monoblock Quad LNB 0,2dB UHD"},"content":{"rendered":"<p>Clarke-Tech\/Set-One Universal Monoblock Quad LNB mit 0.2dB Rauschma\u00df. <br \/>Einziges Monoblock LNB mit DiseqC Astra = A und DiseqC Hotbird = B !!<\/p>\n<p>Andere Monoblock LNBs haben Hotbird = A und Astra = B. Dies f\u00fchrt bei manchen TV-Ger\u00e4ten zu Probleme, welche zwingend Astra = A ben\u00f6tigen.<\/p>\n<p>Geeignet f\u00fcr den direkten Anschlu\u00df von 4 Digital Receiver mit gleichzeitigen Astra und Hotbird Empfang, da der DiseqC-Multischalter bereits integriert ist. <br \/>Dieses LNB kann auf jede Sat-Antenne mit einer 23mm oder 40mm Feed-Aufnahme montiert werden. Full HD, UHD, 3D tauglich.<\/p>","protected":false},"excerpt":{"rendered":"<p>Clarke-Tech\/Set-One Universal Monoblock Quad LNB mit 0.2dB Rauschma\u00df. Einziges Monoblock LNB mit DiseqC Astra = A und DiseqC Hotbird = B !! [&hellip;]<\/p>","protected":false},"featured_media":1645,"template":"","meta":[],"product_cat":[47,108],"product_tag":[],"_links":{"self":[{"href":"https:\/\/satmediawp.edv-kroiss.com\/en\/wp-json\/wp\/v2\/product\/1646"}],"collection":[{"href":"https:\/\/satmediawp.edv-kroiss.com\/en\/wp-json\/wp\/v2\/product"}],"about":[{"href":"https:\/\/satmediawp.edv-kroiss.com\/en\/wp-json\/wp\/v2\/types\/product"}],"wp:featuredmedia":[{"embeddable":true,"href":"https:\/\/satmediawp.edv-kroiss.com\/en\/wp-json\/wp\/v2\/media\/1645"}],"wp:attachment":[{"href":"https:\/\/satmediawp.edv-kroiss.com\/en\/wp-json\/wp\/v2\/media?parent=1646"}],"wp:term":[{"taxonomy":"product_cat","embeddable":true,"href":"https:\/\/satmediawp.edv-kroiss.com\/en\/wp-json\/wp\/v2\/product_cat?post=1646"},{"taxonomy":"product_tag","embeddable":true,"href":"https:\/\/satmediawp.edv-kroiss.com\/en\/wp-json\/wp\/v2\/product_tag?post=1646"}],"curies":[{"name":"wp","href":"https:\/\/api.w.org\/{rel}","templated":true}]}}