{"id":1653,"date":"2019-08-13T09:12:35","date_gmt":"2019-08-13T09:12:35","guid":{"rendered":"https:\/\/satmediawp.edv-kroiss.com\/produkt\/wave-toridial-t90-dunkelgrau-anthrazit\/"},"modified":"2024-05-17T11:24:38","modified_gmt":"2024-05-17T09:24:38","slug":"wave-toridial-t90-dunkelgrau-anthrazit","status":"publish","type":"product","link":"https:\/\/satmediawp.edv-kroiss.com\/en\/product\/wave-toridial-t90-dunkelgrau-anthrazit\/","title":{"rendered":"Wave Toridial T90 Dunkelgrau\/Anthrazit"},"content":{"rendered":"<p>Aktuell nicht lieferbar.<\/p>\n<p>Bis zu 16 Satelliten auf einmal empfangbar!<\/p>\n<p>Vorteil gegen\u00fcber einer Drehanlage, keine Verz\u00f6gerungen durch drehen, somit sind die Programme sofort verf\u00fcgbar, da keine beweglichen Teile keine (Dreh-)Ger\u00e4usche, kein Verschlei\u00df, keine Wartung, Weltweit einsetzbar.<br \/>&#8211; Einfache Installation<br \/>&#8211; Einzigartige und formsch\u00f6ne Toroidal Antenne mit zwei Reflektoren<br \/>&#8211; Empfangsbereich von 40\u00b0<br \/>&#8211; Mastaufnahme: 60mm<br \/>&#8211; 5 LNBF-Halterungen sind im Lieferumfang enthalten.<\/p>","protected":false},"excerpt":{"rendered":"<p>Aktuell nicht lieferbar. Bis zu 16 Satelliten auf einmal empfangbar! Vorteil gegen\u00fcber einer Drehanlage, keine Verz\u00f6gerungen durch drehen, somit sind die Programme [&hellip;]<\/p>","protected":false},"featured_media":1652,"template":"","meta":[],"product_cat":[46,117],"product_tag":[],"_links":{"self":[{"href":"https:\/\/satmediawp.edv-kroiss.com\/en\/wp-json\/wp\/v2\/product\/1653"}],"collection":[{"href":"https:\/\/satmediawp.edv-kroiss.com\/en\/wp-json\/wp\/v2\/product"}],"about":[{"href":"https:\/\/satmediawp.edv-kroiss.com\/en\/wp-json\/wp\/v2\/types\/product"}],"wp:featuredmedia":[{"embeddable":true,"href":"https:\/\/satmediawp.edv-kroiss.com\/en\/wp-json\/wp\/v2\/media\/1652"}],"wp:attachment":[{"href":"https:\/\/satmediawp.edv-kroiss.com\/en\/wp-json\/wp\/v2\/media?parent=1653"}],"wp:term":[{"taxonomy":"product_cat","embeddable":true,"href":"https:\/\/satmediawp.edv-kroiss.com\/en\/wp-json\/wp\/v2\/product_cat?post=1653"},{"taxonomy":"product_tag","embeddable":true,"href":"https:\/\/satmediawp.edv-kroiss.com\/en\/wp-json\/wp\/v2\/product_tag?post=1653"}],"curies":[{"name":"wp","href":"https:\/\/api.w.org\/{rel}","templated":true}]}}