{"id":1655,"date":"2019-10-01T11:13:02","date_gmt":"2019-10-01T11:13:02","guid":{"rendered":"https:\/\/satmediawp.edv-kroiss.com\/produkt\/24-fach-unicable-multischalter\/"},"modified":"2024-05-17T11:20:22","modified_gmt":"2024-05-17T09:20:22","slug":"24-fach-unicable-multischalter","status":"publish","type":"product","link":"https:\/\/satmediawp.edv-kroiss.com\/en\/product\/24-fach-unicable-multischalter\/","title":{"rendered":"24 fach Unicable-Multischalter"},"content":{"rendered":"<p>Dieser Unicable Multischalter unterst\u00fctzt sowohl das Unicable I als auch das Unicable II Protokoll.<br \/>Somit k\u00f6nnen \u00fcber diesem Schalter bis zu 8 \u00e4ltere Sat Receiver (Unicable I) und 16 SAT-Receiver mit Unicable II Protokoll (fast alle Ger\u00e4te ab 2013) angeschlossen werden.<\/p>\n<p>Insgesamt somit 24 Receiver an nur einer Koax-Leitung. Ein 8-fach Splitter zur besseren Verteilung liegt unserem Angebot bei.<br \/>Nat\u00fcrlich k\u00f6nnen mit diesem Unicable System auch Mehrfach Tuner Receiver (Twin Tuner, 4-fach Tuner, Octo FBC Tuner) \u00fcber eine Koax Leitung betrieben werden. <\/p>\n<p>Der Schalter ben\u00f6tigt ein Quattro LNB f\u00fcr den Betrieb und kann in eine bestehende Anlage integriert werden.<br \/>Dank der LNB Ausg\u00e4nge am Schalter kann dieser vor dem bestehenden Multischalter integriert werden. <\/p>\n<p>Wichtig:<br \/>Zum Weiterschleifen der Koax-Leitung kann entweder eine Unicable taugliche SAT-Dose mit DC-Durchlass oder ein Unicable tauglicher SAT-Splitter verwendet werden.<br \/>Ein 8fach Splitter liegt unserem SET bereits bei.<\/p>\n<p>Scope of delivery:<br \/>1 x 24fach Unicable Multischalter inkl. Netzteil &#8211; Programmiert auf Unicable I\/II<\/p>","protected":false},"excerpt":{"rendered":"<p>Dieser Unicable Multischalter unterst\u00fctzt sowohl das Unicable I als auch das Unicable II Protokoll.Somit k\u00f6nnen \u00fcber diesem Schalter bis zu 8 \u00e4ltere [&hellip;]<\/p>","protected":false},"featured_media":1654,"template":"","meta":[],"product_cat":[48,123,124],"product_tag":[],"_links":{"self":[{"href":"https:\/\/satmediawp.edv-kroiss.com\/en\/wp-json\/wp\/v2\/product\/1655"}],"collection":[{"href":"https:\/\/satmediawp.edv-kroiss.com\/en\/wp-json\/wp\/v2\/product"}],"about":[{"href":"https:\/\/satmediawp.edv-kroiss.com\/en\/wp-json\/wp\/v2\/types\/product"}],"wp:featuredmedia":[{"embeddable":true,"href":"https:\/\/satmediawp.edv-kroiss.com\/en\/wp-json\/wp\/v2\/media\/1654"}],"wp:attachment":[{"href":"https:\/\/satmediawp.edv-kroiss.com\/en\/wp-json\/wp\/v2\/media?parent=1655"}],"wp:term":[{"taxonomy":"product_cat","embeddable":true,"href":"https:\/\/satmediawp.edv-kroiss.com\/en\/wp-json\/wp\/v2\/product_cat?post=1655"},{"taxonomy":"product_tag","embeddable":true,"href":"https:\/\/satmediawp.edv-kroiss.com\/en\/wp-json\/wp\/v2\/product_tag?post=1655"}],"curies":[{"name":"wp","href":"https:\/\/api.w.org\/{rel}","templated":true}]}}