{"id":1713,"date":"2019-10-02T11:37:17","date_gmt":"2019-10-02T11:37:17","guid":{"rendered":"https:\/\/satmediawp.edv-kroiss.com\/produkt\/hotel-kopfstation-englischeitalienische-filme-serien-2tp-erweiterung\/"},"modified":"2024-05-17T11:20:22","modified_gmt":"2024-05-17T09:20:22","slug":"hotel-kopfstation-englischeitalienische-filme-serien-2tp-erweiterung","status":"publish","type":"product","link":"https:\/\/satmediawp.edv-kroiss.com\/en\/product\/hotel-kopfstation-englischeitalienische-filme-serien-2tp-erweiterung\/","title":{"rendered":"Hotel Kopfstation Englische+Italienische Filme\/Serien 2TP Erweiterung"},"content":{"rendered":"<p>Die Satmedia Kopfstation ist nun in der Lage das Multistream Angebot von Eutelsat zu empfangen.<br \/>In diesem Sender-Paket senden \u00fcber 10 Movie\/Serien Kan\u00e4le, welche neben der italienischen Sprache auch die Original englische Sprache mitsenden!<br \/>Der Gast kann auf diesen Sendern somit zwischen Englisch und Italienisch ausw\u00e4hlen!<br \/>Auf Wunsch ist es auch m\u00f6glich, nur die englische Sprachspur in das TV-System einzuspeisen, wir empfehlen jedoch beide Sprachen.<br \/>Die Auswahl ist \u00fcber die Fernbedienung des TVs leicht m\u00f6glich.<br \/>Die neuen Sender k\u00f6nnen als Erweiterung f\u00fcr bestehende Systeme* (auch Fremdsysteme*) nachger\u00fcstet werden oder nat\u00fcrlich in neue Systeme fix integriert werden.<\/p>\n<p>Diese Erweiterung erm\u00f6glicht den Empfang von Englischen und Italienischen Film und Serien Kan\u00e4le und ist integrierbar in alle unsere Hotel SAT zu Kabel Kopfstellen.<br \/>Pro Erweiterung sind 2 Transponder empfangbar.<\/p>\n<p>Folgende Transponder\/Sender stehen zur Auswahl:<\/p>\n<ol>\n<li>Transponder<br \/>\n<table class=\"table table-bordered\" border=\"1\">\n<tbody>\n<tr>\n<td width=\"150\"><b>Paramount Network<\/p>\n<p>                   <a href=\"https:\/\/translate.google.com\/translate?sl=it&amp;tl=en&amp;u=https%3A%2F%2Fwww.programmi-tv.eu%2Fguidatv%2Fparamount-channel%2F%3Fvar%3Dtest\" target=\"_blank\" rel=\"noopener\">Aktuelles<br \/>TV-Programm<\/a><\/b><\/td>\n<td width=\"150\">ITA<br \/> \t\t\t\tENG&nbsp;(fast immer)<\/td>\n<td>Gro\u00dfes Kino ist hier bei Paramount Channel Italia an der Tagesordnung.  Hier kann man Kino aus jeder Epoche, in perfekter Bildqualit\u00e4t, zu Hause  erleben. Ob der Fan von schwarz-wei\u00df Filmen, Klassikern, Oldies,  Kinderfilmen oder der neuesten Blockbuster, hier ist f\u00fcr jeden etwas  dabei. Hollywood Gr\u00f6\u00dfen wie Jack Nicholson, Marlon Brando, Reese  Witherspoon, Audrey Hepburn und zahlreiche andere, werden hier in ihren  besten Rollen pr\u00e4sentiert. Hier wird das eigene Zuhause zum privaten  Kinosaal.<\/p>\n<p>Paramount Filme wie When in Rom, Chroniken von Narnia, Percy Jackson, Monster Trucks, Thelma &amp; Luise, Last holiday usw.<br \/> \t\t\t\tSerien wie Law &amp; Order, F\u00fcr alle F\u00e4lle Amy, Baywatch, Pater Brown, usw                  <\/p>\n<table class=\"table table-bordered\">\n<tbody>\n<tr>\n<td><img decoding=\"async\" src=\"http:\/\/satmediawp.edv-kroiss.com\/wp-content\/uploads\/2019\/10\/1001.jpg\" style=\"width: 150px;\">                    <\/td>\n<td><img decoding=\"async\" src=\"http:\/\/satmediawp.edv-kroiss.com\/wp-content\/uploads\/2019\/10\/1002.jpg\" style=\"width: 150px;\"><\/td>\n<td><img decoding=\"async\" src=\"http:\/\/satmediawp.edv-kroiss.com\/wp-content\/uploads\/2019\/10\/1003.jpg\" style=\"width: 150px;\"><\/td>\n<td><img decoding=\"async\" src=\"http:\/\/satmediawp.edv-kroiss.com\/wp-content\/uploads\/2019\/10\/156.jpg\" style=\"width: 150px;\"><\/td>\n<td><img decoding=\"async\" src=\"http:\/\/satmediawp.edv-kroiss.com\/wp-content\/uploads\/2019\/10\/100.jpg\" style=\"width: 150px;\"><\/td>\n<\/tr>\n<\/tbody>\n<\/table>\n<\/td>\n<\/tr>\n<\/tbody>\n<\/table>\n<\/li>\n<p> \t<\/p>\n<li>Transponder<br \/>\n<table class=\"table table-bordered\" border=\"1\">\n<tbody>\n<tr>\n<td width=\"150\"><b>20 Mediaset HD<\/p>\n<p>                   <a href=\"https:\/\/translate.google.com\/translate?sl=it&amp;tl=en&amp;u=https%3A%2F%2Fwww.programmi-tv.eu%2Fguidatv%2F20-mediaset%2F\" target=\"_blank\" rel=\"noopener\">Aktuelles<br \/>TV-Programm<\/a><\/b><\/td>\n<td width=\"150\">ITA<br \/> \t\t\t\tENG (fast immer)<\/td>\n<td>Der Sender 20 Mediaset zeigt rund um die Uhr hochwertige  Serienproduktionen sowie erstklassige Filme. Nicht nur Fans von  Klassikern kommen hier auf ihre Kosten. Auch eine gro\u00dfe Auswahl  aktueller Serien und Filme wird angeboten.<\/p>\n<p>Filme wie Momentum, Fury Road, Kampf der Titanen, The Premier, In Time usw.<br \/> \t\t\t\tSerien wie Big Bang Theory, Arrow, Shooter, Homeland, Dr. House, The 100 usw.                   <\/p>\n<table class=\"table table-bordered\">\n<tbody>\n<tr>\n<td><img decoding=\"async\" src=\"http:\/\/satmediawp.edv-kroiss.com\/wp-content\/uploads\/2019\/10\/shooter_telefilm_thumb.jpg\" style=\"width: 150px;\"><\/td>\n<td><img decoding=\"async\" src=\"https:\/\/shop.satmedia.at\/image\/catalog\/thumb\/11 (Custom).jpg\" style=\"width: 150px;\"><\/td>\n<td><img decoding=\"async\" src=\"https:\/\/shop.satmedia.at\/image\/catalog\/thumb\/227 (Custom).jpg\" style=\"width: 150px;\"><\/td>\n<td><img decoding=\"async\" src=\"https:\/\/shop.satmedia.at\/image\/catalog\/thumb\/27 (Custom).jpg\" style=\"width: 150px;\"><\/td>\n<td><img decoding=\"async\" src=\"https:\/\/shop.satmedia.at\/image\/catalog\/thumb\/396 (Custom).jpg\" style=\"width: 150px;\"><\/td>\n<\/tr>\n<\/tbody>\n<\/table>\n<\/td>\n<\/tr>\n<tr>\n<td><b>Italia 1 HD<\/p>\n<p>                   <a href=\"https:\/\/translate.google.com\/translate?sl=it&amp;tl=en&amp;u=https%3A%2F%2Fwww.programmi-tv.eu%2Fguidatv%2Fitalia1%2F\" target=\"_blank\" rel=\"noopener\">Aktuelles<br \/>TV-Programm<\/a><\/b><\/td>\n<td>ITA<br \/> \t\t\t\tENG (h\u00e4ufig)<\/td>\n<td>Das Programm von Italia1 HD reicht von US-Serien, Shows, Sport- und Musiksendungen, bis hin zu Zeichentrickserien in bester Bildqualit\u00e4t. Erg\u00e4nzt wird das vielf\u00e4ltige Unterhaltungsangebot durch aktuelle Nachrichten- und Informationssendungen.&nbsp;<\/p>\n<p>Filme wie Herkules, Green Lantern, Guardians of the Galaxy II, Ich einfach unverbesserlich, Hals \u00fcber Kopf usw.&nbsp;<br \/> \t\t\t\tSerien wie Big Bang Theory, The Middle, Baby Daddy, CSI, Simpsons, Gotha, Dexter, Bones usw.<br \/> \t\t\t\tSport wie Champions League Zusammenfassung (Italienisch)                   <\/p>\n<table class=\"table table-bordered\">\n<tbody>\n<tr>\n<td><img decoding=\"async\" src=\"http:\/\/satmediawp.edv-kroiss.com\/wp-content\/uploads\/2019\/10\/100.jpg\" style=\"width: 150px;\"><\/td>\n<td><img decoding=\"async\" src=\"http:\/\/satmediawp.edv-kroiss.com\/wp-content\/uploads\/2019\/10\/1004.jpg\" style=\"width: 150px;\"><\/td>\n<td><img decoding=\"async\" src=\"http:\/\/satmediawp.edv-kroiss.com\/wp-content\/uploads\/2019\/10\/1005.jpg\" style=\"width: 150px;\"><\/td>\n<td><img decoding=\"async\" src=\"http:\/\/satmediawp.edv-kroiss.com\/wp-content\/uploads\/2019\/10\/31.jpg\" style=\"width: 150px;\"><\/td>\n<td><img decoding=\"async\" src=\"https:\/\/shop.satmedia.at\/image\/catalog\/thumb\/27 (Custom).jpg\" style=\"width: 150px;\"><\/td>\n<\/tr>\n<\/tbody>\n<\/table>\n<\/td>\n<\/tr>\n<tr>\n<td><b>Canale 5 HD<\/p>\n<p>                   <a href=\"https:\/\/translate.google.com\/translate?sl=it&amp;tl=en&amp;u=https%3A%2F%2Fwww.programmi-tv.eu%2Fguidatv%2Fcanale5%2F\" target=\"_blank\" rel=\"noopener\">Aktuelles<br \/>TV-Programm<\/a><\/b><\/td>\n<td>ITA<br \/> \t\t\t\tENG (US Filme)<\/td>\n<td>Das Programm des zur Mediaset Gruppe geh\u00f6renden, privaten italienischen Fernsehsenders Canale5 HD setzt sich aus Informationssendungen, nationalen sowie internationalen Filmen, Serien und Unterhaltungsprogrammen zusammen. Gezeigt werden unter anderem Gameshows, Talkshows, aber auch italienische Produktionen und bekannte US Filme.<\/p>\n<p>Filme wie Was passiert wenns passiert, Pl\u00f6tzlich Papa, Strangerland usw.&nbsp;                   <\/p>\n<table class=\"table table-bordered\">\n<tbody>\n<tr>\n<td><img decoding=\"async\" src=\"http:\/\/satmediawp.edv-kroiss.com\/wp-content\/uploads\/2019\/10\/1006.jpg\" style=\"width: 150px;\"><\/td>\n<td><img decoding=\"async\" src=\"http:\/\/satmediawp.edv-kroiss.com\/wp-content\/uploads\/2019\/10\/1007.jpg\" style=\"width: 150px;\"><\/td>\n<td><img decoding=\"async\" src=\"http:\/\/satmediawp.edv-kroiss.com\/wp-content\/uploads\/2019\/10\/1008.jpg\" style=\"width: 150px;\"><\/td>\n<td><img decoding=\"async\" src=\"http:\/\/satmediawp.edv-kroiss.com\/wp-content\/uploads\/2019\/10\/1009.jpg\" style=\"width: 150px;\"><\/td>\n<td><img decoding=\"async\" src=\"http:\/\/satmediawp.edv-kroiss.com\/wp-content\/uploads\/2019\/10\/1010.jpg\" style=\"width: 150px;\"><\/td>\n<\/tr>\n<\/tbody>\n<\/table>\n<\/td>\n<\/tr>\n<tr>\n<td><b>Rete 4 HD<\/p>\n<p>                   <a href=\"https:\/\/translate.google.com\/translate?sl=it&amp;tl=en&amp;u=https%3A%2F%2Fwww.programmi-tv.eu%2Fguidatv%2Frete4%2F\" target=\"_blank\" rel=\"noopener\">Aktuelles<br \/>TV-Programm<\/a><\/b>                <\/td>\n<td>ITA<br \/> \t\t\t\tENG (Serien\/Filme)<\/td>\n<td>Rete4 ist ein Fernsehprogramm der Mediaset-Gruppe. Der italienische  Privatsender zeigt rund um die Uhr ein abwechslungsreiches Angebot an  aktuellen Nachrichten, Magazinen, Sportberichten,  Unterhaltungssendungen, beliebten Serien und Spielfilmen.<\/p>\n<p>Filme wie Die letzte Festung, Jenseits von Africa, Claras Geheimnis, Bourne I\/II\/III usw.&nbsp;<br \/> \t\t\t\tSerien wie Justified, Mord ist ihr Hobby, usw.                                                         <\/p>\n<table class=\"table table-bordered\">\n<tbody>\n<tr>\n<td><img decoding=\"async\" src=\"http:\/\/satmediawp.edv-kroiss.com\/wp-content\/uploads\/2019\/10\/1011.jpg\" style=\"width: 150px;\"><\/td>\n<td><img decoding=\"async\" src=\"http:\/\/satmediawp.edv-kroiss.com\/wp-content\/uploads\/2019\/10\/1012.jpg\" style=\"width: 150px;\"><\/td>\n<td><img decoding=\"async\" src=\"http:\/\/satmediawp.edv-kroiss.com\/wp-content\/uploads\/2019\/10\/1016.jpg\" style=\"width: 150px;\"><\/td>\n<td><img decoding=\"async\" src=\"http:\/\/satmediawp.edv-kroiss.com\/wp-content\/uploads\/2019\/10\/1017.jpg\" style=\"width: 150px;\"><\/td>\n<td><img decoding=\"async\" src=\"http:\/\/satmediawp.edv-kroiss.com\/wp-content\/uploads\/2019\/10\/1018.jpg\" style=\"width: 150px;\"><\/td>\n<\/tr>\n<\/tbody>\n<\/table>\n<\/td>\n<\/tr>\n<\/tbody>\n<\/table>\n<\/li>\n<p> \t<\/p>\n<li>Transponder<br \/>\n<table class=\"table table-bordered\" border=\"1\">\n<tbody>\n<tr>\n<td width=\"150\"><b>Top Crime<\/p>\n<p>                   <a href=\"https:\/\/translate.google.com\/translate?sl=it&amp;tl=en&amp;u=https%3A%2F%2Fwww.programmi-tv.eu%2Fguidatv%2Ftopcrime%2F\" target=\"_blank\" rel=\"noopener\">Aktuelles<br \/>TV-Programm<\/a><\/b><\/td>\n<td width=\"150\">ITA<br \/> \t\t\t\tENG&nbsp;(fast immer)<\/td>\n<td>Crime-Fans aufgepasst! Hier gibt es 100% Crime und 100% Spannung.  Fesselnde Programme f\u00fcr Stunden vor dem Fernseher. Bei Top Crime werden  TV-Serien, Filme und Dokumentationen ausgestrahlt. Mit nur einer  Besonderheit \u2013 alle Formate geh\u00f6ren in das sogenannte \u201adetective\u2018 Genre.  Die beliebtesten und bekanntesten Crime-Serien aus den USA, haben hier  ihren Auftritt. Die neuesten Formate und auch Kult-Klassiker bekommen  ihre Sendezeit. Nicht nur Hitchcock und Grisham geben sich bei Top Crime  die Klinke in die Hand<\/p>\n<p>Serien wie Bones, Monk, Major Crimes, The mentalist, Chicago PD, Sinner, Covert Affairs, CSI, Chase, usw.                                                         <\/p>\n<table class=\"table table-bordered\">\n<tbody>\n<tr>\n<td><img decoding=\"async\" src=\"http:\/\/satmediawp.edv-kroiss.com\/wp-content\/uploads\/2019\/10\/1019.jpg\" style=\"width: 150px;\"><\/td>\n<td><img decoding=\"async\" src=\"http:\/\/satmediawp.edv-kroiss.com\/wp-content\/uploads\/2019\/10\/31.jpg\" style=\"width: 150px;\"><\/td>\n<td><img decoding=\"async\" src=\"http:\/\/satmediawp.edv-kroiss.com\/wp-content\/uploads\/2019\/10\/1020.jpg\" style=\"width: 150px;\"><\/td>\n<td><img decoding=\"async\" src=\"http:\/\/satmediawp.edv-kroiss.com\/wp-content\/uploads\/2019\/10\/1021.jpg\" style=\"width: 150px;\"><\/td>\n<td><img decoding=\"async\" src=\"http:\/\/satmediawp.edv-kroiss.com\/wp-content\/uploads\/2019\/10\/1022.jpg\" style=\"width: 150px;\"><\/td>\n<\/tr>\n<\/tbody>\n<\/table>\n<\/td>\n<\/tr>\n<tr>\n<td><b>Italia 2<\/p>\n<p>                   <a href=\"https:\/\/translate.google.com\/translate?sl=it&amp;tl=en&amp;u=https%3A%2F%2Fwww.programmi-tv.eu%2Fguidatv%2Fitalia2%2F\" target=\"_blank\" rel=\"noopener\">Aktuelles<br \/>TV-Programm<\/a><\/b><\/td>\n<td>ITA<br \/> \t\t\t\tENG (Serien\/Filme)<\/td>\n<td>Italia 2 ist ein Sender der viele Genres abdeckt. Morgens f\u00e4ngt der Tag  mit original italienischen Daily Soaps an und wird wenig sp\u00e4ter von  Teleshopping abgel\u00f6st. Amerikanische TV-Serien, Sportformate,  Comedy-Reality-Shows, Anime-Serien, Syfy-Formate, Mystery Serien,  Sitcoms und Filme runden die bunte Zusammensetzung der verschiedenen  Formatrichtungen ab. Hier ist f\u00fcr jeden etwas dabei.<\/p>\n<p>Filme wie Herr der Ringe, Fast &amp; Furious, Code of honor, usw.&nbsp;<br \/> \t\t\t\tSerien wie Vampire Diaries, The Following, Supergirl usw.                   <\/p>\n<table class=\"table table-bordered\">\n<tbody>\n<tr>\n<td><img decoding=\"async\" src=\"http:\/\/satmediawp.edv-kroiss.com\/wp-content\/uploads\/2019\/10\/1023.jpg\" style=\"width: 150px;\"><\/td>\n<td><img decoding=\"async\" src=\"http:\/\/satmediawp.edv-kroiss.com\/wp-content\/uploads\/2019\/10\/1024.jpg\" style=\"width: 150px\"><\/td>\n<td><img decoding=\"async\" src=\"http:\/\/satmediawp.edv-kroiss.com\/wp-content\/uploads\/2019\/10\/1025.jpg\" style=\"width: 150px;\"><\/td>\n<td><img decoding=\"async\" src=\"http:\/\/satmediawp.edv-kroiss.com\/wp-content\/uploads\/2019\/10\/1026.jpg\" style=\"width: 150px;\"><\/td>\n<td><img decoding=\"async\" src=\"http:\/\/satmediawp.edv-kroiss.com\/wp-content\/uploads\/2019\/10\/1027.jpg\" style=\"width: 150px;\"><\/td>\n<\/tr>\n<\/tbody>\n<\/table>\n<\/td>\n<\/tr>\n<tr>\n<td><b>La 5<\/p>\n<p>                   <a href=\"https:\/\/translate.google.com\/translate?sl=it&amp;tl=en&amp;u=https%3A%2F%2Fwww.programmi-tv.eu%2Fguidatv%2Fla5%2F\" target=\"_blank\" rel=\"noopener\">Aktuelles<br \/>TV-Programm<\/a><\/b><\/td>\n<td>ITA<br \/> \t\t\t\tENG&nbsp;(Serien\/Filme)<\/td>\n<td>La5 hat im Programm, was Frauen interessiert. Beliebte Serien,  mitreisende Spielfilme und Geschichten, die unter die Haut gehen. La5  sendet 24 Stunden t\u00e4glich ein abwechslungsreiches Programmangebot, bei  dem auch M\u00e4nner zusehen d\u00fcrfen.<\/p>\n<p>Filme wie The wedding date, A Novel Romance, The twilight saga usw.&nbsp;<br \/> \t\t\t\tSerien wie Gilmore Girls, The Originals, Odd Mom Out usw.               <\/p>\n<table class=\"table table-bordered\">\n<tbody>\n<tr>\n<td><img decoding=\"async\" src=\"http:\/\/satmediawp.edv-kroiss.com\/wp-content\/uploads\/2019\/10\/1030.jpg\" style=\"width: 150px;\"><\/td>\n<td><img decoding=\"async\" src=\"http:\/\/satmediawp.edv-kroiss.com\/wp-content\/uploads\/2019\/10\/1031.jpg\" style=\"width: 150px;\"><\/td>\n<td><img decoding=\"async\" src=\"http:\/\/satmediawp.edv-kroiss.com\/wp-content\/uploads\/2019\/10\/1032.jpg\" style=\"width: 150px;\"><\/td>\n<td><img decoding=\"async\" src=\"http:\/\/satmediawp.edv-kroiss.com\/wp-content\/uploads\/2019\/10\/1033.jpg\" style=\"width: 150px;\"><\/td>\n<td><img decoding=\"async\" src=\"http:\/\/satmediawp.edv-kroiss.com\/wp-content\/uploads\/2019\/10\/1034.jpg\" style=\"width: 150px;\"><\/td>\n<\/tr>\n<\/tbody>\n<\/table>\n<\/td>\n<\/tr>\n<tr>\n<td><b>Iris<\/p>\n<p>                   <a href=\"https:\/\/translate.google.com\/translate?sl=it&amp;tl=en&amp;u=https%3A%2F%2Fwww.programmi-tv.eu%2Fguidatv%2Firis%2F\" target=\"_blank\" rel=\"noopener\">Aktuelles<br \/>TV-Programm<\/a><\/b><\/td>\n<td>ITA<br \/> \t\t\t\tENG&nbsp;(teilweise)<\/td>\n<td>Iris ist ein italienisches Unterhaltungsprogramm der Mediaset-Gruppe. Im  vielf\u00e4ltigen Programmangebot finden sich neben Filmen und Serien auch  informative Dokumentationen. Ein weiteres Programm Highlight bilden  Musical- und Konzert\u00fcbertragungen.<\/p>\n<p>Filme wie Flags of our Fathers,&nbsp;Collateral damage, Blackhat, usw.&nbsp;<br \/> \t\t\t\tSerien wie&nbsp;Walker Texas Ranger, Ein Duke kommt selten allein usw.               <\/p>\n<table class=\"table table-bordered\">\n<tbody>\n<tr>\n<td><img decoding=\"async\" src=\"http:\/\/satmediawp.edv-kroiss.com\/wp-content\/uploads\/2019\/10\/1035.jpg\" style=\"width: 150px;\"><\/td>\n<td><img decoding=\"async\" src=\"http:\/\/satmediawp.edv-kroiss.com\/wp-content\/uploads\/2019\/10\/1036.jpg\" style=\"width: 150px;\"><\/td>\n<td><img decoding=\"async\" src=\"http:\/\/satmediawp.edv-kroiss.com\/wp-content\/uploads\/2019\/10\/1037.jpg\" style=\"width: 150px;\"><\/td>\n<td><img decoding=\"async\" src=\"http:\/\/satmediawp.edv-kroiss.com\/wp-content\/uploads\/2019\/10\/1038.jpg\" style=\"width: 150px;\"><\/td>\n<td><img decoding=\"async\" src=\"http:\/\/satmediawp.edv-kroiss.com\/wp-content\/uploads\/2019\/10\/1039.jpg\" style=\"width: 150px;\"><\/td>\n<\/tr>\n<\/tbody>\n<\/table>\n<\/td>\n<\/tr>\n<tr>\n<td><b>Italia 1<\/p>\n<p>                   <a href=\"https:\/\/translate.google.com\/translate?sl=it&amp;tl=en&amp;u=https%3A%2F%2Fwww.programmi-tv.eu%2Fguidatv%2Fitalia1%2F\" target=\"_blank\" rel=\"noopener\">Aktuelles<br \/>TV-Programm<\/a><\/b><\/td>\n<td>ITA<br \/> \t\t\t\tENG (h\u00e4ufig)<\/td>\n<td>Das Programm von Italia 1 reicht von US-Serien, Shows, Sport- und  Musiksendungen, bis hin zu Zeichentrickserien in bester Bildqualit\u00e4t.  Erg\u00e4nzt wird das vielf\u00e4ltige Unterhaltungsangebot durch aktuelle  Nachrichten- und Informationssendungen. <\/p>\n<p>Filme wie Herkules, Green Lantern, Guardians of the Galaxy II, Ich einfach unverbesserlich, Hals \u00fcber Kopf usw.&nbsp;<br \/> \t\t\t\tSerien wie Big Bang Theory, The Middle, Baby Daddy, CSI, Simpsons, Gotha, Dexter, Bones usw.<br \/> \t\t\t\tSport wie Champions League Zusammenfassung (Italienisch)                                      <\/p>\n<table class=\"table table-bordered\">\n<tbody>\n<tr>\n<td><img decoding=\"async\" src=\"http:\/\/satmediawp.edv-kroiss.com\/wp-content\/uploads\/2019\/10\/100.jpg\" style=\"width: 150px;\"><\/td>\n<td><img decoding=\"async\" src=\"http:\/\/satmediawp.edv-kroiss.com\/wp-content\/uploads\/2019\/10\/1004.jpg\" style=\"width: 150px;\"><\/td>\n<td><img decoding=\"async\" src=\"http:\/\/satmediawp.edv-kroiss.com\/wp-content\/uploads\/2019\/10\/1005.jpg\" style=\"width: 150px;\"><\/td>\n<td><img decoding=\"async\" src=\"http:\/\/satmediawp.edv-kroiss.com\/wp-content\/uploads\/2019\/10\/31.jpg\" style=\"width: 150px;\"><\/td>\n<td><img decoding=\"async\" src=\"https:\/\/shop.satmedia.at\/image\/catalog\/thumb\/27 (Custom).jpg\" style=\"width: 150px;\"><\/td>\n<\/tr>\n<\/tbody>\n<\/table>\n<\/td>\n<\/tr>\n<tr>\n<td><b>Canale 5<\/p>\n<p>                   <a href=\"https:\/\/translate.google.com\/translate?sl=it&amp;tl=en&amp;u=https%3A%2F%2Fwww.programmi-tv.eu%2Fguidatv%2Fcanale5%2F\" target=\"_blank\" rel=\"noopener\">Aktuelles<br \/>TV-Programm<\/a><\/b><\/td>\n<td>ITA<br \/> \t\t\t\tENG (Serien\/Filme)<\/td>\n<td>Das Programm des zur Mediaset Gruppe geh\u00f6renden, privaten italienischen  Fernsehsenders Canale5 setzt sich aus Informationssendungen,  nationalen sowie internationalen Filmen, Serien und  Unterhaltungsprogrammen zusammen. Gezeigt werden unter anderem  Gameshows, Talkshows, aber auch italienische Produktionen und bekannte  US Serien.<\/p>\n<p>Filme wie Was passiert wenns passiert, Pl\u00f6tzlich Papa, Strangerland usw.&nbsp;                                      <\/p>\n<table class=\"table table-bordered\">\n<tbody>\n<tr>\n<td><img decoding=\"async\" src=\"http:\/\/satmediawp.edv-kroiss.com\/wp-content\/uploads\/2019\/10\/1006.jpg\" style=\"width: 150px;\"><\/td>\n<td><img decoding=\"async\" src=\"http:\/\/satmediawp.edv-kroiss.com\/wp-content\/uploads\/2019\/10\/1007.jpg\" style=\"width: 150px;\"><\/td>\n<td><img decoding=\"async\" src=\"http:\/\/satmediawp.edv-kroiss.com\/wp-content\/uploads\/2019\/10\/1008.jpg\" style=\"width: 150px;\"><\/td>\n<td><img decoding=\"async\" src=\"http:\/\/satmediawp.edv-kroiss.com\/wp-content\/uploads\/2019\/10\/1009.jpg\" style=\"width: 150px;\"><\/td>\n<td><img decoding=\"async\" src=\"http:\/\/satmediawp.edv-kroiss.com\/wp-content\/uploads\/2019\/10\/1010.jpg\" style=\"width: 150px;\"><\/td>\n<\/tr>\n<\/tbody>\n<\/table>\n<\/td>\n<\/tr>\n<tr>\n<td><b>Rete 4<\/p>\n<p>                   <a href=\"https:\/\/translate.google.com\/translate?sl=it&amp;tl=en&amp;u=https%3A%2F%2Fwww.programmi-tv.eu%2Fguidatv%2Frete4%2F\" target=\"_blank\" rel=\"noopener\">Aktuelles<br \/>TV-Programm<\/a><\/b><\/td>\n<td>ITA<br \/> \t\t\t\tENG (Serien\/Filme)<\/td>\n<td>Rete4 ist ein Fernsehprogramm der Mediaset-Gruppe. Der italienische  Privatsender zeigt rund um die Uhr ein abwechslungsreiches Angebot an  aktuellen Nachrichten, Magazinen, Sportberichten,  Unterhaltungssendungen, beliebten Serien und Spielfilmen.<\/p>\n<p>Filme wie Die letzte Festung, Jenseits von Africa, Claras Geheimnis, Bourne I\/II\/III usw.&nbsp;<br \/> \t\t\t\tSerien wie Justified, Mord ist ihr Hobby, usw.                                  <\/p>\n<table class=\"table table-bordered\">\n<tbody>\n<tr>\n<td><img decoding=\"async\" src=\"http:\/\/satmediawp.edv-kroiss.com\/wp-content\/uploads\/2019\/10\/1011.jpg\" style=\"width: 150px;\"><\/td>\n<td><img decoding=\"async\" src=\"http:\/\/satmediawp.edv-kroiss.com\/wp-content\/uploads\/2019\/10\/1012.jpg\" style=\"width: 150px;\"><\/td>\n<td><img decoding=\"async\" src=\"http:\/\/satmediawp.edv-kroiss.com\/wp-content\/uploads\/2019\/10\/1016.jpg\" style=\"width: 150px;\"><\/td>\n<td><img decoding=\"async\" src=\"http:\/\/satmediawp.edv-kroiss.com\/wp-content\/uploads\/2019\/10\/1017.jpg\" style=\"width: 150px;\"><\/td>\n<td><img decoding=\"async\" src=\"http:\/\/satmediawp.edv-kroiss.com\/wp-content\/uploads\/2019\/10\/1018.jpg\" style=\"width: 150px;\"><\/td>\n<\/tr>\n<\/tbody>\n<\/table>\n<\/td>\n<\/tr>\n<\/tbody>\n<\/table>\n<\/li>\n<p> \t<\/p>\n<li>Transponder<br \/>\n<table class=\"table table-bordered\" border=\"1\">\n<tbody>\n<tr>\n<td width=\"150\"><b>Rai 4 HD<\/p>\n<p>                   <a href=\"https:\/\/translate.google.com\/translate?sl=it&amp;tl=en&amp;u=https%3A%2F%2Fwww.programmi-tv.eu%2Fguidatv%2Frai4%2F\" target=\"_blank\" rel=\"noopener\">Aktuelles<br \/>TV-Programm<\/a><\/b><\/td>\n<td width=\"150\">ITA<br \/> \t\t\t\tENG (fast immer)<\/td>\n<td>Rai 4 ist das vierte Programm des \u00f6ffentlich-rechtlichen Fernsehens RAI.  Der Sender bietet rund um die Uhr ein junges, abwechslungsreiches  Programm, das vorwiegend Serien und Spielfilme beinhaltet. Animes und  Reality Shows runden das Angebot ab.<\/p>\n<p>Filme wie Unsichtbare Gast, Identit\u00e4t usw.<br \/> \t\t\t\tSerien wie Elementary, Scorpion, Cold Case, Criminal Minds, Akte X, 24, usw.               <\/p>\n<table class=\"table table-bordered\">\n<tbody>\n<tr>\n<td><img decoding=\"async\" src=\"http:\/\/satmediawp.edv-kroiss.com\/wp-content\/uploads\/2019\/10\/1040.jpg\" style=\"width: 150px;\"><\/td>\n<td><img decoding=\"async\" src=\"http:\/\/satmediawp.edv-kroiss.com\/wp-content\/uploads\/2019\/10\/1041.jpg\" style=\"width: 150px;\"><\/td>\n<td><img decoding=\"async\" src=\"http:\/\/satmediawp.edv-kroiss.com\/wp-content\/uploads\/2019\/10\/1042.jpg\" style=\"width: 150px;\"><\/td>\n<td><img decoding=\"async\" src=\"http:\/\/satmediawp.edv-kroiss.com\/wp-content\/uploads\/2019\/10\/1043.jpg\" style=\"width: 150px;\"><\/td>\n<td><img decoding=\"async\" src=\"http:\/\/satmediawp.edv-kroiss.com\/wp-content\/uploads\/2019\/10\/1044.jpg\" style=\"width: 150px;\"><\/td>\n<\/tr>\n<\/tbody>\n<\/table>\n<\/td>\n<\/tr>\n<tr>\n<td><b>Rai Movie HD<\/p>\n<p>                   <a href=\"https:\/\/translate.google.com\/translate?sl=it&amp;tl=en&amp;u=https%3A%2F%2Fwww.programmi-tv.eu%2Fguidatv%2Fraimovie%2F\" target=\"_blank\" rel=\"noopener\">Aktuelles<br \/>TV-Programm<\/a><\/b><\/td>\n<td>ITA<br \/> \t\t\t\tENG (US Filme)<\/td>\n<td>Der italienische Fernsehsender Rai Movie geh\u00f6rt zur Gruppe Rai  Radiotelevisione Italiana und l\u00e4dt seine Zuschauer ausschlie\u00dflich zu  Kinofilmen ein. Italienische Filme der damaligen Zeit von Romantik bis  Action, aber auch aktuelle Filme mit gro\u00dfen internationalen Film-Stars,  die in Originalsprache ausgestrahlt werden, finden hier  Ihren Platz.<\/p>\n<p>Filme wie Operation Walk\u00fcre, Big eyes, The wistleblower, Schatten der Wahrheit, Reasonable doubt usw.&nbsp;               <\/p>\n<table class=\"table table-bordered\">\n<tbody>\n<tr>\n<td><img decoding=\"async\" src=\"http:\/\/satmediawp.edv-kroiss.com\/wp-content\/uploads\/2019\/10\/1045.jpg\" style=\"width: 150px;\"><\/td>\n<td><img decoding=\"async\" src=\"http:\/\/satmediawp.edv-kroiss.com\/wp-content\/uploads\/2019\/10\/1046.jpg\" style=\"width: 150px;\"><\/td>\n<td><img decoding=\"async\" src=\"http:\/\/satmediawp.edv-kroiss.com\/wp-content\/uploads\/2019\/10\/1047.jpg\" style=\"width: 150px;\"><\/td>\n<td><img decoding=\"async\" src=\"http:\/\/satmediawp.edv-kroiss.com\/wp-content\/uploads\/2019\/10\/1048.jpg\" style=\"width: 150px;\"><\/td>\n<td><img decoding=\"async\" src=\"http:\/\/satmediawp.edv-kroiss.com\/wp-content\/uploads\/2019\/10\/1049.jpg\" style=\"width: 150px;\"><\/td>\n<\/tr>\n<\/tbody>\n<\/table>\n<\/td>\n<\/tr>\n<\/tbody>\n<\/table>\n<\/li>\n<\/ol>\n<p>Die Sender von 2 Transponder k\u00f6nnen pro Set hinzugef\u00fcgt werden.<br \/> Bei den TV-Sendern handelt es sich um FTA Multistreams, welche mit dem DVB-S2X Multistream Spezialtunern dieses Sets empfangbar sind.&nbsp;<\/p>\n<p>* Preis g\u00fcltig in Verbindung mit einer neuen Hotel SAT auf Kabel DVB-C Kopfstation.<br \/>Bei Erweiterung einer bestehende Anlage, k\u00f6nnen noch Kosten f\u00fcr das Netzteil bzw. f\u00fcr die Einkabel-Einspeisung hinzukommen.<\/p>\n<p>Quellen:<br \/>Senderinfo: www.upc.ch<br \/>Bilder: www.imdb.com<\/p>","protected":false},"excerpt":{"rendered":"<p>Die Satmedia Kopfstation ist nun in der Lage das Multistream Angebot von Eutelsat zu empfangen.In diesem Sender-Paket senden \u00fcber 10 Movie\/Serien Kan\u00e4le, [&hellip;]<\/p>","protected":false},"featured_media":1659,"template":"","meta":[],"product_cat":[41,39],"product_tag":[],"_links":{"self":[{"href":"https:\/\/satmediawp.edv-kroiss.com\/en\/wp-json\/wp\/v2\/product\/1713"}],"collection":[{"href":"https:\/\/satmediawp.edv-kroiss.com\/en\/wp-json\/wp\/v2\/product"}],"about":[{"href":"https:\/\/satmediawp.edv-kroiss.com\/en\/wp-json\/wp\/v2\/types\/product"}],"wp:featuredmedia":[{"embeddable":true,"href":"https:\/\/satmediawp.edv-kroiss.com\/en\/wp-json\/wp\/v2\/media\/1659"}],"wp:attachment":[{"href":"https:\/\/satmediawp.edv-kroiss.com\/en\/wp-json\/wp\/v2\/media?parent=1713"}],"wp:term":[{"taxonomy":"product_cat","embeddable":true,"href":"https:\/\/satmediawp.edv-kroiss.com\/en\/wp-json\/wp\/v2\/product_cat?post=1713"},{"taxonomy":"product_tag","embeddable":true,"href":"https:\/\/satmediawp.edv-kroiss.com\/en\/wp-json\/wp\/v2\/product_tag?post=1713"}],"curies":[{"name":"wp","href":"https:\/\/api.w.org\/{rel}","templated":true}]}}