{"id":1718,"date":"2019-10-04T14:45:36","date_gmt":"2019-10-04T14:45:36","guid":{"rendered":"https:\/\/satmediawp.edv-kroiss.com\/produkt\/lg-55uu640c-uhd-smart-webos-hoteltv\/"},"modified":"2024-05-17T11:20:22","modified_gmt":"2024-05-17T09:20:22","slug":"lg-55uu640c-uhd-smart-webos-hoteltv","status":"publish","type":"product","link":"https:\/\/satmediawp.edv-kroiss.com\/en\/product\/lg-55uu640c-uhd-smart-webos-hoteltv\/","title":{"rendered":"LG 55UU640C UHD Smart WebOS HotelTV"},"content":{"rendered":"<div>\n<div>Steigern Sie das Raumerlebnis und das Image Ihrer Hotelmarke mit der interaktiven Smart-L\u00f6sung Pro:Centric SMART. Die UU640C-Serie bietet 4K Ultra HD-Display, anpassbare Apps und Software f\u00fcr das Content-Management im Gastgewerbe, Pro:Centric, mit der Sie auf einfache Weise angepasste Inhalte erstellen k\u00f6nnen. Pro:Idiom und andere Technologien sorgen auf sichere Weise f\u00fcr Unterhaltung und Komfort auf Ihrem G\u00e4stezimmer.<\/div>\n<div><\/div>\n<div><b>Schl\u00fcsselfunktionen<\/b><\/div>\n<div>&nbsp;<\/div>\n<div>Erstellen Sie Ihre eigene L\u00f6sung zusammen mit LG Smart Anpassungstools und deren Content-Management-Software. Mit der ma\u00dfgeschneiderten L\u00f6sung kann das Hotel ihre Marke auf ein neues Niveau heben.<\/div>\n<div>&nbsp;<\/div>\n<div>Der digitale HD-Triple Tuner erm\u00f6glicht den Empfang von Antennen-, Kabel- und Satellitenfernsehen in HD-Qualit\u00e4t.<\/div>\n<div>&nbsp;<\/div>\n<div>Erfreuen Sie Ihre G\u00e4ste mit lebendiger Bildqualit\u00e4t und unterhaltsame Features wie webOS 4.0 und seine intelligenten Apps.<\/div>\n<div>&nbsp;<\/div>\n<div>\u00dcberkreuzen Sie Display-Grenzen frei und ohne Probleme. Mit LG Smart Share, Spiegeln und Teilen von Inhalten zwischen TV und anderen intelligenten Ger\u00e4ten. Unglaublich einfach und benutzerfreundlich.<\/div>\n<\/div>\n<div><\/div>\n<div>\n<p style=\"color: rgb(51, 51, 51); font-family: Roboto, Arial, sans-serif;\"><strong><br \/>\u00dcberblick<\/strong><\/p>\n<ul style=\"color: rgb(51, 51, 51); font-family: Roboto, Arial, sans-serif;\">\n<li>integrierter DVB-T\/T2\/C\/S2 Tuner, MPEG 4<\/li>\n<li>erweiterter Hotelmode, USB&nbsp;Cloning<\/li>\n<li>LAN \/&nbsp;WLAN (Wi-Fi)<\/li>\n<li>Bildschirmbegr\u00fc\u00dfung<\/li>\n<li>Pro:Centric: Smart<\/li>\n<li>Pro:Centric Direct Ready<\/li>\n<li>Pro:Idiom<\/li>\n<li>Instant On<\/li>\n<li>Smart Connectivity \/ Smart Share<\/li>\n<li>Screen Mirroring<\/li>\n<li>Bluetooth Sound Sync<\/li>\n<li>Premium Design &amp; Sound<\/li>\n<li>Soft AP<\/li>\n<li>webOS 4.0<\/li>\n<li>Lock Mode<\/li>\n<li>Multi-IR Code<\/li>\n<li>One Channel Map<\/li>\n<li>USB Auto Playback+<\/li>\n<li>RS232C Schnittstelle<\/li>\n<li>IR Out<\/li>\n<li>RJ45 (SNMP)<\/li>\n<li>WOL (Wake on LAN)<\/li>\n<li>Frontal Speaker<\/li>\n<li>External Speaker Out<\/li>\n<li>External Power<\/li>\n<li>External Clock Ready<\/li>\n<li>Time Scheduler<\/li>\n<li>HDMI-CEC<\/li>\n<li>Drehbarer Standfu\u00df \/ Commercial Swivel Stand<\/li>\n<\/ul>\n<p><br style=\"color: rgb(51, 51, 51); font-family: Roboto, Arial, sans-serif;\"><strong style=\"color: rgb(51, 51, 51); font-family: Roboto, Arial, sans-serif;\">Bild und Ton<\/strong><span style=\"color: rgb(51, 51, 51); font-family: Roboto, Arial, sans-serif;\"><\/span><\/p>\n<ul style=\"color: rgb(51, 51, 51); font-family: Roboto, Arial, sans-serif;\">\n<li>Bildschirmdiagonale 55 Zoll (140cm)<\/li>\n<li>Bildformat 16:9, Aufl\u00f6sung 3.840 x 2.160, 4K<\/li>\n<li>integrierte Lautsprecher mit 2 x 10W<\/li>\n<\/ul>\n<p><br style=\"color: rgb(51, 51, 51); font-family: Roboto, Arial, sans-serif;\"><strong style=\"color: rgb(51, 51, 51); font-family: Roboto, Arial, sans-serif;\">Energieeffizienz<\/strong><span style=\"color: rgb(51, 51, 51); font-family: Roboto, Arial, sans-serif;\"><\/span><\/p>\n<ul style=\"color: rgb(51, 51, 51); font-family: Roboto, Arial, sans-serif;\">\n<li>Energieeffizienzklasse B<\/li>\n<\/ul>\n<p><br style=\"color: rgb(51, 51, 51); font-family: Roboto, Arial, sans-serif;\"><strong style=\"color: rgb(51, 51, 51); font-family: Roboto, Arial, sans-serif;\">Ma\u00dfe und Gewichte<\/strong><span style=\"color: rgb(51, 51, 51); font-family: Roboto, Arial, sans-serif;\"><\/span><\/p>\n<ul style=\"color: rgb(51, 51, 51); font-family: Roboto, Arial, sans-serif;\">\n<li>Ger\u00e4tema\u00dfe mit Fu\u00df (BxHxT) 1247 x 785 x 231 mm \/ 13.9&nbsp;kg<\/li>\n<li>Ger\u00e4tema\u00dfe ohne Fu\u00df (BxHxT)&nbsp;1,247 x 729 x 74.3&nbsp;mm \/ 13,7&nbsp;kg<\/li>\n<li>VESA&nbsp;Norm 300 x 300<\/li>\n<\/ul>\n<\/div>","protected":false},"excerpt":{"rendered":"<p>Steigern Sie das Raumerlebnis und das Image Ihrer Hotelmarke mit der interaktiven Smart-L\u00f6sung Pro:Centric SMART. Die UU640C-Serie bietet 4K Ultra HD-Display, anpassbare [&hellip;]<\/p>","protected":false},"featured_media":1717,"template":"","meta":[],"product_cat":[41,74,51,81],"product_tag":[],"_links":{"self":[{"href":"https:\/\/satmediawp.edv-kroiss.com\/en\/wp-json\/wp\/v2\/product\/1718"}],"collection":[{"href":"https:\/\/satmediawp.edv-kroiss.com\/en\/wp-json\/wp\/v2\/product"}],"about":[{"href":"https:\/\/satmediawp.edv-kroiss.com\/en\/wp-json\/wp\/v2\/types\/product"}],"wp:featuredmedia":[{"embeddable":true,"href":"https:\/\/satmediawp.edv-kroiss.com\/en\/wp-json\/wp\/v2\/media\/1717"}],"wp:attachment":[{"href":"https:\/\/satmediawp.edv-kroiss.com\/en\/wp-json\/wp\/v2\/media?parent=1718"}],"wp:term":[{"taxonomy":"product_cat","embeddable":true,"href":"https:\/\/satmediawp.edv-kroiss.com\/en\/wp-json\/wp\/v2\/product_cat?post=1718"},{"taxonomy":"product_tag","embeddable":true,"href":"https:\/\/satmediawp.edv-kroiss.com\/en\/wp-json\/wp\/v2\/product_tag?post=1718"}],"curies":[{"name":"wp","href":"https:\/\/api.w.org\/{rel}","templated":true}]}}