{"id":1723,"date":"2019-10-09T09:26:13","date_gmt":"2019-10-09T09:26:13","guid":{"rendered":"https:\/\/satmediawp.edv-kroiss.com\/produkt\/digital-infokanal-per-usb-100-iptv-streams-erweiterung\/"},"modified":"2024-05-17T11:20:21","modified_gmt":"2024-05-17T09:20:21","slug":"digital-infokanal-per-usb-100-iptv-streams-erweiterung","status":"publish","type":"product","link":"https:\/\/satmediawp.edv-kroiss.com\/en\/product\/digital-infokanal-per-usb-100-iptv-streams-erweiterung\/","title":{"rendered":"Digital Infokanal per USB + 100 IPTV Streams (Erweiterung)"},"content":{"rendered":"<p>Digitale Einspielung eines Infokanals als DVB-C Stream samt Kanalnummer.<br \/>Der Infokanal wird somit als DVB-C HD Kanal automatisch mit dem Sendersuchlauf des TV-Ger\u00e4ts gefunden!<br \/>Keine Extra Programmierung am TV-Ger\u00e4t notwendig.<br \/>Senden Sie uns einfach die Infokanal Videodatei. &#8211; Wir konvertieren dieses ins passende Format falls erforderlich, spielen diese auf einen USB-Stick und installieren den Infokanal auf den gew\u00fcnschten Sendeplatz.<\/p>\n<p>Zus\u00e4tzlich k\u00f6nnen bis zu 100 IPTV Streams (Web, IP Camera, usw) in das DVB-C Signal eingespeist werden!<br \/>Die IP Input Bandbreite betr\u00e4gt bis zu 200Mbps.<br \/>Das IP Input Format ist UDP\/RTP und RTSP.<br \/>Die DVB-C Ausgabe erfolgt auf 4 unterschiedlichen DVB-C Kan\u00e4len.<br \/>Es k\u00f6nnen neben dem USB-Infokanal somit 100 IP-Streams in SD Qualit\u00e4t bzw. 20 IP-Streams in FullHD Qualit\u00e4t \u00fcbertragen werden.<\/p>\n<p><\/p><\/p>","protected":false},"excerpt":{"rendered":"<p>Digitale Einspielung eines Infokanals als DVB-C Stream samt Kanalnummer.Der Infokanal wird somit als DVB-C HD Kanal automatisch mit dem Sendersuchlauf des TV-Ger\u00e4ts [&hellip;]<\/p>","protected":false},"featured_media":1722,"template":"","meta":[],"product_cat":[41,39],"product_tag":[],"_links":{"self":[{"href":"https:\/\/satmediawp.edv-kroiss.com\/en\/wp-json\/wp\/v2\/product\/1723"}],"collection":[{"href":"https:\/\/satmediawp.edv-kroiss.com\/en\/wp-json\/wp\/v2\/product"}],"about":[{"href":"https:\/\/satmediawp.edv-kroiss.com\/en\/wp-json\/wp\/v2\/types\/product"}],"wp:featuredmedia":[{"embeddable":true,"href":"https:\/\/satmediawp.edv-kroiss.com\/en\/wp-json\/wp\/v2\/media\/1722"}],"wp:attachment":[{"href":"https:\/\/satmediawp.edv-kroiss.com\/en\/wp-json\/wp\/v2\/media?parent=1723"}],"wp:term":[{"taxonomy":"product_cat","embeddable":true,"href":"https:\/\/satmediawp.edv-kroiss.com\/en\/wp-json\/wp\/v2\/product_cat?post=1723"},{"taxonomy":"product_tag","embeddable":true,"href":"https:\/\/satmediawp.edv-kroiss.com\/en\/wp-json\/wp\/v2\/product_tag?post=1723"}],"curies":[{"name":"wp","href":"https:\/\/api.w.org\/{rel}","templated":true}]}}