{"id":1738,"date":"2019-10-28T08:47:23","date_gmt":"2019-10-28T08:47:23","guid":{"rendered":"https:\/\/satmediawp.edv-kroiss.com\/produkt\/hotel-sat-auf-sat-kopfstation-set-3-2-international-135-sender-inkl-orf-hd-komplett\/"},"modified":"2024-05-17T11:20:21","modified_gmt":"2024-05-17T09:20:21","slug":"hotel-sat-auf-sat-kopfstation-set-3-2-international-135-sender-inkl-orf-hd-komplett","status":"publish","type":"product","link":"https:\/\/satmediawp.edv-kroiss.com\/en\/product\/hotel-sat-auf-sat-kopfstation-set-3-2-international-135-sender-inkl-orf-hd-komplett\/","title":{"rendered":"Hotel Sat auf SAT Kopfstation Set #3.2 (International >135 Sender inkl. ORF HD Komplett)"},"content":{"rendered":"<\/p>\n<p>Satmedia Eigenentwicklung:<br \/>SAT Kopfstation \/ SAT Kopfstellen SET. Hardwarekosteneinsparung von \u00fcber 50% gegen\u00fcber herk\u00f6mmlichen Kopfstellen, dank neuester Technologie!<br \/>Riesige TV-Senderauswahl mit \u00fcber 135 TV-Sendern inkl. ORF Programme &#8211; Senderliste nat\u00fcrlich individuell anpassbar.<br \/>Bieten Sie Ihren G\u00e4sten internationales TV aus \u00fcber 20 L\u00e4ndern an. <br \/>F\u00fcr die Standardprogramme ist der Empfang des Satelliten Astra 19\u00b0Ost erforderlich. Empfangbar ab 80cm Antennengr\u00f6\u00dfe.<br \/>Unser Set ist komplett vorbereitet f\u00fcr den Empfang von 4 Satelliten inkl. LNBs und Multischalteranlage.<br \/>Um die volle Programmvielfalt zu erhalten, wird eine Antenne ab 100cm Durchmesser ben\u00f6tigt und insgesamt 8 Koaxleitungen zur Kopfstelle.<\/p>\n<p>Unsere  Sets sind komplett ausgestattet inkl. aller ben\u00f6tigten Komponenten  (Professional CAMs f\u00fcr die Entschl\u00fcsselung der ORF-Programme,  LNBs, Multischalter, Kopfstelle) und programmiert mit den HD-Kan\u00e4len von ORF und den  HD-Kan\u00e4len der deutschen \u00f6ffentlich rechtlichen Fernsehsender.<br \/>Die SD-Abschaltung von ARD\/ZDF und co ist derzeit mit Ende des Jahres geplant.<br \/>Dieses Set beinhaltet bereits einen digitalen Info-Kanal welcher als Videodatei per USB-Stick abspielbar ist.<br \/> Dieses Set ben\u00f6tigt 2 ORF-Smartcard zur Entschl\u00fcsselung der Programme. Senderliste siehe weiter unten.<\/p>\n<p>Unterschied SAT-Kopfstelle zur Standard Kopfstelle<\/p>\n<ul>\n<li>TV-Ger\u00e4t mit Tripple DVB-S2\/C\/T Tuner erforderlich.<\/li>\n<li> Es m\u00fcssen SAT Durchgangs Dosen verwendet werden<\/li>\n<li>Senderliste ist im TV-Ger\u00e4t programmiert &#8211; Keine automatische Aktualisierung<\/li>\n<\/ul>\n<p>Die Vorteile unserer SAT Kopfstation kurz zusammengefasst:<\/p>\n<ul>\n<li>Komplett-Set &#8211; Auslieferung vorkonfiguriert inkl. aller notwendiger Komponenten &#8211; Individuelle Senderreihenfolge.<\/li>\n<li>Gro\u00dfe Sender-Vielfalt zum unschlagbaren Preis.<\/li>\n<li>ORF tauglich &#8211; ORF Module im Lieferumfang enthalten. Es werden nur die ORF-Smartcards ben\u00f6tigt.<\/li>\n<li>HD-Tauglich &#8211; Bereit f\u00fcr die SD Abschaltung von ARD\/ZDF\/Co<\/li>\n<li>inkl. digitalem Infokanal per Videodatei auf USB-Stick.<\/li>\n<li>Jederzeit erweiterbar f\u00fcr bis \u00fcber 300 Sender<\/li>\n<li>Unbegrenzte Anzahl an TV-Ger\u00e4ten anschlie\u00dfbar &#8211; Kein Limit<\/li>\n<li>Optional: Redundante Stromversorgung (Kein Ausfall bei einem Defekt des Netzteiles)<\/li>\n<li>Optional: Infokanal Einspielung \u00fcber Audio\/Video Input<\/li>\n<li>Optional: Optische \u00dcbertragung: Leitungsl\u00e4ngen von \u00fcber 10km m\u00f6glich\n<\/li>\n<\/ul>\n<p><b>Voraussetzungen:<\/b><\/p>\n<ul>\n<li>TV-Ger\u00e4t mit DVB-S2 Tuner (Meist Tripple DVB-S2\/DVB-C HD Tuner)<\/li>\n<li>Satelliten Antenne ab 100cm empfohlen (Es werden nur 2 Koax-Leitungen zur Kopfstation ben\u00f6tigt)<\/li>\n<li>Im Zimmer m\u00fcssen 3-Loch SAT Durchgangs Dosen installiert sein.\n<\/li>\n<\/ul>\n<p><b><b><b><b>Montage\/Service Partner<\/b><\/b><\/b><\/b><\/p>\n<ul>\n<li>Finden Sie Ihren Verkaufs- und Montage\/Servicepartner in Ihrem Bundesland aus unserem<b> <a href=\"https:\/\/hotel-kopfstation.com\/haendler\/\" target=\"_blank\" rel=\"noopener\">Vertriebspartner Verzeichnis<\/a>.<br \/><\/b><\/li>\n<\/ul>\n<p><b><br \/><\/b><b>Vorgeschlagene Senderliste: <\/b><br \/>(individuell \u00e4nderbar)<\/p>\n<p> <\/p>\n<style type=\"text\/css\"> \ttable.tableizer-table { \t\tfont-size: 12px; \t\tborder: 1px solid #CCC;  \t\tfont-family: Arial, Helvetica, sans-serif; \t}  \t.tableizer-table td { \t\tpadding: 4px; \t\tmargin: 3px; \t\tborder: 1px solid #CCC; \t} \t.tableizer-table th { \t\tbackground-color: #104E8B;  \t\tcolor: #FFF; \t\tfont-weight: bold; \t} <\/style>\n<table class=\"tableizer-table\">\n<thead>\n<tr class=\"tableizer-firstrow\">\n<th><\/th>\n<th>LCN<\/th>\n<th>Sender<\/th>\n<th>HD<\/th>\n<th>Land<\/th>\n<th>Kategorie<\/th>\n<th>Sprache<\/th>\n<\/tr>\n<\/thead>\n<tbody>\n<tr>\n<td>&nbsp;<\/td>\n<td>1<\/td>\n<td>ORF 1 HD<\/td>\n<td>HD<\/td>\n<td>\u00d6sterreich<\/td>\n<td>Allgemein <\/td>\n<td>Deutsch<\/td>\n<\/tr>\n<tr>\n<td>&nbsp;<\/td>\n<td>2<\/td>\n<td>ORF 2 HD<\/td>\n<td>HD<\/td>\n<td>\u00d6sterreich<\/td>\n<td>Allgemein <\/td>\n<td>Deutsch<\/td>\n<\/tr>\n<tr>\n<td>&nbsp;<\/td>\n<td>3<\/td>\n<td>ORF III HD (od ATV HD)<\/td>\n<td>HD<\/td>\n<td>\u00d6sterreich<\/td>\n<td>Allgemein <\/td>\n<td>Deutsch<\/td>\n<\/tr>\n<tr>\n<td>&nbsp;<\/td>\n<td>4<\/td>\n<td>ORF Sport+ HD (od ATV2)<\/td>\n<td>HD<\/td>\n<td>\u00d6sterreich<\/td>\n<td>Sport <\/td>\n<td>Deutsch<\/td>\n<\/tr>\n<tr>\n<td>&nbsp;<\/td>\n<td>5<\/td>\n<td>Das Erste HD<\/td>\n<td>HD<\/td>\n<td>Deutschland<\/td>\n<td>Allgemein <\/td>\n<td>Deutsch<\/td>\n<\/tr>\n<tr>\n<td>&nbsp;<\/td>\n<td>6<\/td>\n<td>ZDF HD<\/td>\n<td>HD<\/td>\n<td>Deutschland<\/td>\n<td>Allgemein <\/td>\n<td>Deutsch<\/td>\n<\/tr>\n<tr>\n<td>&nbsp;<\/td>\n<td>7<\/td>\n<td>3sat HD<\/td>\n<td>HD<\/td>\n<td>Deutschland<\/td>\n<td>Kultur<\/td>\n<td>Deutsch<\/td>\n<\/tr>\n<tr>\n<td>&nbsp;<\/td>\n<td>8<\/td>\n<td>arte HD<\/td>\n<td>HD<\/td>\n<td>Deutschland<\/td>\n<td>Kultur<\/td>\n<td>Deutsch<\/td>\n<\/tr>\n<tr>\n<td>&nbsp;<\/td>\n<td>9<\/td>\n<td>SAT 1<\/td>\n<td>&nbsp;<\/td>\n<td>Deutschland<\/td>\n<td>Allgemein <\/td>\n<td>Deutsch<\/td>\n<\/tr>\n<tr>\n<td>&nbsp;<\/td>\n<td>10<\/td>\n<td>ProSieben<\/td>\n<td>&nbsp;<\/td>\n<td>Deutschland<\/td>\n<td>Allgemein <\/td>\n<td>Deutsch<\/td>\n<\/tr>\n<tr>\n<td>&nbsp;<\/td>\n<td>11<\/td>\n<td>Kabel eins<\/td>\n<td>&nbsp;<\/td>\n<td>Deutschland<\/td>\n<td>Allgemein <\/td>\n<td>Deutsch<\/td>\n<\/tr>\n<tr>\n<td>&nbsp;<\/td>\n<td>12<\/td>\n<td>RTL Television<\/td>\n<td>&nbsp;<\/td>\n<td>Deutschland<\/td>\n<td>Allgemein <\/td>\n<td>Deutsch<\/td>\n<\/tr>\n<tr>\n<td>&nbsp;<\/td>\n<td>13<\/td>\n<td>RTL2<\/td>\n<td>&nbsp;<\/td>\n<td>Deutschland<\/td>\n<td>Allgemein <\/td>\n<td>Deutsch<\/td>\n<\/tr>\n<tr>\n<td>&nbsp;<\/td>\n<td>14<\/td>\n<td>VOX<\/td>\n<td>&nbsp;<\/td>\n<td>Deutschland<\/td>\n<td>Allgemein <\/td>\n<td>Deutsch<\/td>\n<\/tr>\n<tr>\n<td>&nbsp;<\/td>\n<td>15<\/td>\n<td>RTLPlus<\/td>\n<td>&nbsp;<\/td>\n<td>Deutschland<\/td>\n<td>Allgemein <\/td>\n<td>Deutsch<\/td>\n<\/tr>\n<tr>\n<td>&nbsp;<\/td>\n<td>16<\/td>\n<td>NITRO<\/td>\n<td>&nbsp;<\/td>\n<td>Deutschland<\/td>\n<td>Allgemein <\/td>\n<td>Deutsch<\/td>\n<\/tr>\n<tr>\n<td>&nbsp;<\/td>\n<td>17<\/td>\n<td>Super RTL<\/td>\n<td>&nbsp;<\/td>\n<td>Deutschland<\/td>\n<td>Kinderprogramm <\/td>\n<td>Deutsch<\/td>\n<\/tr>\n<tr>\n<td>&nbsp;<\/td>\n<td>18<\/td>\n<td>TOGGO plus<\/td>\n<td>&nbsp;<\/td>\n<td>Deutschland<\/td>\n<td>Kinderprogramm <\/td>\n<td>Deutsch<\/td>\n<\/tr>\n<tr>\n<td>&nbsp;<\/td>\n<td>19<\/td>\n<td>KIKA HD<\/td>\n<td>HD<\/td>\n<td>Deutschland<\/td>\n<td>Kinderprogramm <\/td>\n<td>Deutsch<\/td>\n<\/tr>\n<tr>\n<td>&nbsp;<\/td>\n<td>20<\/td>\n<td>Disney Channel<\/td>\n<td>&nbsp;<\/td>\n<td>Deutschland<\/td>\n<td>Kinderprogramm <\/td>\n<td>Deutsch<\/td>\n<\/tr>\n<tr>\n<td>&nbsp;<\/td>\n<td>21<\/td>\n<td>Nickelodeon<\/td>\n<td>&nbsp;<\/td>\n<td>Deutschland<\/td>\n<td>Kinderprogramm <\/td>\n<td>Deutsch<\/td>\n<\/tr>\n<tr>\n<td>&nbsp;<\/td>\n<td>22<\/td>\n<td>Sat 1 Gold<\/td>\n<td>&nbsp;<\/td>\n<td>Deutschland<\/td>\n<td>Allgemein <\/td>\n<td>Deutsch<\/td>\n<\/tr>\n<tr>\n<td>&nbsp;<\/td>\n<td>23<\/td>\n<td>Pro7 Maxx<\/td>\n<td>&nbsp;<\/td>\n<td>Deutschland<\/td>\n<td>Allgemein <\/td>\n<td>Deutsch<\/td>\n<\/tr>\n<tr>\n<td>&nbsp;<\/td>\n<td>24<\/td>\n<td>SIXX<\/td>\n<td>&nbsp;<\/td>\n<td>Deutschland<\/td>\n<td>Allgemein <\/td>\n<td>Deutsch<\/td>\n<\/tr>\n<tr>\n<td>&nbsp;<\/td>\n<td>25<\/td>\n<td>Tele 5<\/td>\n<td>&nbsp;<\/td>\n<td>Deutschland<\/td>\n<td>Allgemein <\/td>\n<td>Deutsch<\/td>\n<\/tr>\n<tr>\n<td>&nbsp;<\/td>\n<td>26<\/td>\n<td>kabel eins Doku<\/td>\n<td>&nbsp;<\/td>\n<td>Deutschland<\/td>\n<td>Dokus\/Reportagen<\/td>\n<td>Deutsch<\/td>\n<\/tr>\n<tr>\n<td>&nbsp;<\/td>\n<td>27<\/td>\n<td>N24 DOKU Austria<\/td>\n<td>&nbsp;<\/td>\n<td>Deutschland<\/td>\n<td>Dokus\/Reportagen<\/td>\n<td>Deutsch<\/td>\n<\/tr>\n<tr>\n<td>&nbsp;<\/td>\n<td>28<\/td>\n<td>DMAX Austria<\/td>\n<td>&nbsp;<\/td>\n<td>Deutschland<\/td>\n<td>Dokus\/Reportagen<\/td>\n<td>Deutsch<\/td>\n<\/tr>\n<tr>\n<td>&nbsp;<\/td>\n<td>29<\/td>\n<td>Welt der Wunder<\/td>\n<td>&nbsp;<\/td>\n<td>Deutschland<\/td>\n<td>Dokus\/Reportagen<\/td>\n<td>Deutsch<\/td>\n<\/tr>\n<tr>\n<td>&nbsp;<\/td>\n<td>30<\/td>\n<td>Welt<\/td>\n<td>&nbsp;<\/td>\n<td>Deutschland<\/td>\n<td>Nachrichten <\/td>\n<td>Deutsch<\/td>\n<\/tr>\n<tr>\n<td>&nbsp;<\/td>\n<td>31<\/td>\n<td>n-tv<\/td>\n<td>&nbsp;<\/td>\n<td>Deutschland<\/td>\n<td>Nachrichten <\/td>\n<td>Deutsch<\/td>\n<\/tr>\n<tr>\n<td>&nbsp;<\/td>\n<td>32<\/td>\n<td>oe24.TV HD<\/td>\n<td>HD<\/td>\n<td>\u00d6sterreich<\/td>\n<td>Nachrichten <\/td>\n<td>Deutsch<\/td>\n<\/tr>\n<tr>\n<td>&nbsp;<\/td>\n<td>33<\/td>\n<td>Tagesschau 24 HD<\/td>\n<td>HD<\/td>\n<td>Deutschland<\/td>\n<td>Nachrichten <\/td>\n<td>Deutsch<\/td>\n<\/tr>\n<tr>\n<td>&nbsp;<\/td>\n<td>34<\/td>\n<td>Euronews<\/td>\n<td>&nbsp;<\/td>\n<td>Deutschland<\/td>\n<td>Nachrichten <\/td>\n<td>Deutsch<\/td>\n<\/tr>\n<tr>\n<td>&nbsp;<\/td>\n<td>35<\/td>\n<td>Eurosport<\/td>\n<td>&nbsp;<\/td>\n<td>Deutschland<\/td>\n<td>Sport <\/td>\n<td>Deutsch<\/td>\n<\/tr>\n<tr>\n<td>&nbsp;<\/td>\n<td>36<\/td>\n<td>Sport 1<\/td>\n<td>&nbsp;<\/td>\n<td>Deutschland<\/td>\n<td>Sport <\/td>\n<td>Deutsch<\/td>\n<\/tr>\n<tr>\n<td>&nbsp;<\/td>\n<td>37<\/td>\n<td>Phoenix HD<\/td>\n<td>HD<\/td>\n<td>Deutschland<\/td>\n<td>Dokus\/Reportagen<\/td>\n<td>Deutsch<\/td>\n<\/tr>\n<tr>\n<td>&nbsp;<\/td>\n<td>38<\/td>\n<td>ZDFinfo HD<\/td>\n<td>HD<\/td>\n<td>Deutschland<\/td>\n<td>Dokus\/Reportagen<\/td>\n<td>Deutsch<\/td>\n<\/tr>\n<tr>\n<td>&nbsp;<\/td>\n<td>39<\/td>\n<td>Servus TV HD<\/td>\n<td>HD<\/td>\n<td>Deutschland<\/td>\n<td>Allgemein <\/td>\n<td>Deutsch<\/td>\n<\/tr>\n<tr>\n<td>&nbsp;<\/td>\n<td>40<\/td>\n<td>zdf_neo HD<\/td>\n<td>HD<\/td>\n<td>Deutschland<\/td>\n<td>Allgemein <\/td>\n<td>Deutsch<\/td>\n<\/tr>\n<tr>\n<td>&nbsp;<\/td>\n<td>41<\/td>\n<td>SWR Fernsehen HD<\/td>\n<td>HD<\/td>\n<td>Deutschland<\/td>\n<td>Allgemein <\/td>\n<td>Deutsch<\/td>\n<\/tr>\n<tr>\n<td>&nbsp;<\/td>\n<td>42<\/td>\n<td>BR Fernsehen HD<\/td>\n<td>HD<\/td>\n<td>Deutschland<\/td>\n<td>Allgemein <\/td>\n<td>Deutsch<\/td>\n<\/tr>\n<tr>\n<td>&nbsp;<\/td>\n<td>43<\/td>\n<td>NDR Fernsehen HD<\/td>\n<td>HD<\/td>\n<td>Deutschland<\/td>\n<td>Allgemein <\/td>\n<td>Deutsch<\/td>\n<\/tr>\n<tr>\n<td>&nbsp;<\/td>\n<td>44<\/td>\n<td>WDR HD<\/td>\n<td>HD<\/td>\n<td>Deutschland<\/td>\n<td>Allgemein <\/td>\n<td>Deutsch<\/td>\n<\/tr>\n<tr>\n<td>&nbsp;<\/td>\n<td>45<\/td>\n<td>rbb HD<\/td>\n<td>HD<\/td>\n<td>Deutschland<\/td>\n<td>Allgemein <\/td>\n<td>Deutsch<\/td>\n<\/tr>\n<tr>\n<td>&nbsp;<\/td>\n<td>46<\/td>\n<td>MDR HD<\/td>\n<td>HD<\/td>\n<td>Deutschland<\/td>\n<td>Allgemein <\/td>\n<td>Deutsch<\/td>\n<\/tr>\n<tr>\n<td>&nbsp;<\/td>\n<td>47<\/td>\n<td>HR-Fernsehen HD<\/td>\n<td>HD<\/td>\n<td>Deutschland<\/td>\n<td>Allgemein <\/td>\n<td>Deutsch<\/td>\n<\/tr>\n<tr>\n<td>&nbsp;<\/td>\n<td>48<\/td>\n<td>SR Fernsehen HD<\/td>\n<td>HD<\/td>\n<td>Deutschland<\/td>\n<td>Allgemein <\/td>\n<td>Deutsch<\/td>\n<\/tr>\n<tr>\n<td>&nbsp;<\/td>\n<td>49<\/td>\n<td>ONE HD<\/td>\n<td>HD<\/td>\n<td>Deutschland<\/td>\n<td>Allgemein <\/td>\n<td>Deutsch<\/td>\n<\/tr>\n<tr>\n<td>&nbsp;<\/td>\n<td>50<\/td>\n<td>LT1<\/td>\n<td>&nbsp;<\/td>\n<td>\u00d6sterreich<\/td>\n<td>Regional Programm <\/td>\n<td>Deutsch<\/td>\n<\/tr>\n<tr>\n<td>&nbsp;<\/td>\n<td>51<\/td>\n<td>Anixe<\/td>\n<td>&nbsp;<\/td>\n<td>Deutschland<\/td>\n<td>Allgemein <\/td>\n<td>Deutsch<\/td>\n<\/tr>\n<tr>\n<td>&nbsp;<\/td>\n<td>52<\/td>\n<td>TLC<\/td>\n<td>&nbsp;<\/td>\n<td>Deutschland<\/td>\n<td>Allgemein <\/td>\n<td>Deutsch<\/td>\n<\/tr>\n<tr>\n<td>&nbsp;<\/td>\n<td>53<\/td>\n<td>ComedyCentral\/Viva<\/td>\n<td>&nbsp;<\/td>\n<td>Deutschland<\/td>\n<td>Verschiedenes <\/td>\n<td>Deutsch<\/td>\n<\/tr>\n<tr>\n<td>&nbsp;<\/td>\n<td>54<\/td>\n<td>MTV<\/td>\n<td>&nbsp;<\/td>\n<td>Deutschland<\/td>\n<td>Musik <\/td>\n<td>Deutsch<\/td>\n<\/tr>\n<tr>\n<td>&nbsp;<\/td>\n<td>55<\/td>\n<td>Deluxe Music<\/td>\n<td>&nbsp;<\/td>\n<td>Deutschland<\/td>\n<td>Musik <\/td>\n<td>Deutsch<\/td>\n<\/tr>\n<tr>\n<td>&nbsp;<\/td>\n<td>56<\/td>\n<td>GoTV neu<\/td>\n<td>&nbsp;<\/td>\n<td>\u00d6sterreich<\/td>\n<td>Musik <\/td>\n<td>Deutsch<\/td>\n<\/tr>\n<tr>\n<td>&nbsp;<\/td>\n<td>57<\/td>\n<td>Starparadies AT<\/td>\n<td>&nbsp;<\/td>\n<td>\u00d6sterreich<\/td>\n<td>Musik <\/td>\n<td>Deutsch<\/td>\n<\/tr>\n<tr>\n<td>&nbsp;<\/td>\n<td>58<\/td>\n<td>Melodie TV <\/td>\n<td>&nbsp;<\/td>\n<td>\u00d6sterreich<\/td>\n<td>Musik <\/td>\n<td>Deutsch<\/td>\n<\/tr>\n<tr>\n<td>&nbsp;<\/td>\n<td>59<\/td>\n<td>R9 \u00d6sterreich HD<\/td>\n<td>HD<\/td>\n<td>\u00d6sterreich<\/td>\n<td>Regional Programm <\/td>\n<td>Deutsch<\/td>\n<\/tr>\n<tr>\n<td>&nbsp;<\/td>\n<td>60<\/td>\n<td>Aristo.TV<\/td>\n<td>&nbsp;<\/td>\n<td>Deutschland<\/td>\n<td>Shopping<\/td>\n<td>Deutsch<\/td>\n<\/tr>\n<tr>\n<td>&nbsp;<\/td>\n<td>61<\/td>\n<td>Schweiz 5<\/td>\n<td>&nbsp;<\/td>\n<td>Schweiz<\/td>\n<td>Allgemein <\/td>\n<td>Deutsch<\/td>\n<\/tr>\n<tr>\n<td>&nbsp;<\/td>\n<td>62<\/td>\n<td>BVN <\/td>\n<td>&nbsp;<\/td>\n<td>Holland <\/td>\n<td>Allgemein <\/td>\n<td>Niederl\u00e4ndisch<\/td>\n<\/tr>\n<tr>\n<td>&nbsp;<\/td>\n<td>63<\/td>\n<td>TV Drenthe <\/td>\n<td>&nbsp;<\/td>\n<td>Holland <\/td>\n<td>Regional Programm <\/td>\n<td>Niederl\u00e4ndisch<\/td>\n<\/tr>\n<tr>\n<td>&nbsp;<\/td>\n<td>64<\/td>\n<td>BBC World News HD<\/td>\n<td>HD<\/td>\n<td>England <\/td>\n<td>Nachrichten <\/td>\n<td>Englisch<\/td>\n<\/tr>\n<tr>\n<td>&nbsp;<\/td>\n<td>65<\/td>\n<td>Sky News Int.<\/td>\n<td>&nbsp;<\/td>\n<td>England <\/td>\n<td>Nachrichten <\/td>\n<td>Englisch<\/td>\n<\/tr>\n<tr>\n<td>&nbsp;<\/td>\n<td>66<\/td>\n<td>Cnn Int<\/td>\n<td>&nbsp;<\/td>\n<td>USA<\/td>\n<td>Nachrichten <\/td>\n<td>Englisch<\/td>\n<\/tr>\n<tr>\n<td>&nbsp;<\/td>\n<td>67<\/td>\n<td>CNBC<\/td>\n<td>&nbsp;<\/td>\n<td>England <\/td>\n<td>Nachrichten <\/td>\n<td>Englisch<\/td>\n<\/tr>\n<tr>\n<td>&nbsp;<\/td>\n<td>68<\/td>\n<td>Bloomberg<\/td>\n<td>&nbsp;<\/td>\n<td>England <\/td>\n<td>Wirtschaft <\/td>\n<td>Englisch<\/td>\n<\/tr>\n<tr>\n<td>&nbsp;<\/td>\n<td>69<\/td>\n<td>Fashion One <\/td>\n<td>&nbsp;<\/td>\n<td>England <\/td>\n<td>Verschiedenes <\/td>\n<td>Englisch<\/td>\n<\/tr>\n<tr>\n<td>&nbsp;<\/td>\n<td>70<\/td>\n<td>DW English<\/td>\n<td>&nbsp;<\/td>\n<td>Deutschland<\/td>\n<td>Nachrichten <\/td>\n<td>Englisch<\/td>\n<\/tr>\n<tr>\n<td>&nbsp;<\/td>\n<td>71<\/td>\n<td>France 24 Eng<\/td>\n<td>&nbsp;<\/td>\n<td>Frankreich<\/td>\n<td>Nachrichten <\/td>\n<td>Englisch<\/td>\n<\/tr>\n<tr>\n<td>&nbsp;<\/td>\n<td>72<\/td>\n<td>Russia Today Eng<\/td>\n<td>&nbsp;<\/td>\n<td>Russland <\/td>\n<td>Nachrichten <\/td>\n<td>Englisch<\/td>\n<\/tr>\n<tr>\n<td>&nbsp;<\/td>\n<td>73<\/td>\n<td>TRT World HD<\/td>\n<td>HD<\/td>\n<td>T\u00fcrkei<\/td>\n<td>Nachrichten <\/td>\n<td>Englisch<\/td>\n<\/tr>\n<tr>\n<td>&nbsp;<\/td>\n<td>74<\/td>\n<td>Al Jazerra English HD<\/td>\n<td>HD<\/td>\n<td>Katar<\/td>\n<td>Nachrichten <\/td>\n<td>Englisch<\/td>\n<\/tr>\n<tr>\n<td>&nbsp;<\/td>\n<td>75<\/td>\n<td>NHK World HD<\/td>\n<td>HD<\/td>\n<td>Japan<\/td>\n<td>Nachrichten <\/td>\n<td>Englisch<\/td>\n<\/tr>\n<tr>\n<td>&nbsp;<\/td>\n<td>76<\/td>\n<td>CGTN<\/td>\n<td>HD<\/td>\n<td>China <\/td>\n<td>Nachrichten <\/td>\n<td>Englisch<\/td>\n<\/tr>\n<tr>\n<td>&nbsp;<\/td>\n<td>77<\/td>\n<td>CGTN Documentary<\/td>\n<td>&nbsp;<\/td>\n<td>China <\/td>\n<td>Dokus\/Reportagen<\/td>\n<td>Englisch<\/td>\n<\/tr>\n<tr>\n<td>&nbsp;<\/td>\n<td>78<\/td>\n<td>CT 24 HD <\/td>\n<td>HD<\/td>\n<td>Tschechien <\/td>\n<td>Nachrichten <\/td>\n<td>Tschechisch<\/td>\n<\/tr>\n<tr>\n<td>&nbsp;<\/td>\n<td>79<\/td>\n<td>RELAX <\/td>\n<td>&nbsp;<\/td>\n<td>Tschechien <\/td>\n<td>Allgemein <\/td>\n<td>Tschechisch<\/td>\n<\/tr>\n<tr>\n<td>&nbsp;<\/td>\n<td>80<\/td>\n<td>REBEL <\/td>\n<td>&nbsp;<\/td>\n<td>Tschechien <\/td>\n<td>Musik <\/td>\n<td>Tschechisch<\/td>\n<\/tr>\n<tr>\n<td>&nbsp;<\/td>\n<td>81<\/td>\n<td>Power TV<\/td>\n<td>&nbsp;<\/td>\n<td>Tschechien <\/td>\n<td>Musik <\/td>\n<td>Tschechisch<\/td>\n<\/tr>\n<tr>\n<td>&nbsp;<\/td>\n<td>82<\/td>\n<td>Ocko Star<\/td>\n<td>&nbsp;<\/td>\n<td>Tschechien <\/td>\n<td>Musik <\/td>\n<td>Tschechisch<\/td>\n<\/tr>\n<tr>\n<td>&nbsp;<\/td>\n<td>83<\/td>\n<td>Slagr TV<\/td>\n<td>&nbsp;<\/td>\n<td>Tschechien <\/td>\n<td>Musik <\/td>\n<td>Tschechisch<\/td>\n<\/tr>\n<tr>\n<td>&nbsp;<\/td>\n<td>84<\/td>\n<td>Noe TV<\/td>\n<td>&nbsp;<\/td>\n<td>Tschechien <\/td>\n<td>Kultur<\/td>\n<td>Tschechisch<\/td>\n<\/tr>\n<tr>\n<td>&nbsp;<\/td>\n<td>85<\/td>\n<td>TA3 HD<\/td>\n<td>HD<\/td>\n<td>Slowakei<\/td>\n<td>Nachrichten <\/td>\n<td>Slowakisch<\/td>\n<\/tr>\n<tr>\n<td>&nbsp;<\/td>\n<td>86<\/td>\n<td>TV8 HD<\/td>\n<td>HD<\/td>\n<td>Slowakei<\/td>\n<td>Allgemein <\/td>\n<td>Slowakisch<\/td>\n<\/tr>\n<tr>\n<td>&nbsp;<\/td>\n<td>87<\/td>\n<td>Rai 1 <\/td>\n<td>&nbsp;<\/td>\n<td>Italien <\/td>\n<td>Allgemein <\/td>\n<td>Italienisch<\/td>\n<\/tr>\n<tr>\n<td>&nbsp;<\/td>\n<td>88<\/td>\n<td>Rai 2 <\/td>\n<td>&nbsp;<\/td>\n<td>Italien <\/td>\n<td>Allgemein <\/td>\n<td>Italienisch<\/td>\n<\/tr>\n<tr>\n<td>&nbsp;<\/td>\n<td>89<\/td>\n<td>Rai 3 <\/td>\n<td>&nbsp;<\/td>\n<td>Italien <\/td>\n<td>Allgemein <\/td>\n<td>Italienisch<\/td>\n<\/tr>\n<tr>\n<td>&nbsp;<\/td>\n<td>90<\/td>\n<td>Rai News 24 <\/td>\n<td>&nbsp;<\/td>\n<td>Italien <\/td>\n<td>Nachrichten <\/td>\n<td>Italienisch<\/td>\n<\/tr>\n<tr>\n<td>&nbsp;<\/td>\n<td>91<\/td>\n<td>Rai Gulp <\/td>\n<td>&nbsp;<\/td>\n<td>Italien <\/td>\n<td>Kinderprogramm <\/td>\n<td>Italienisch<\/td>\n<\/tr>\n<tr>\n<td>&nbsp;<\/td>\n<td>92<\/td>\n<td>Rai Scuola <\/td>\n<td>&nbsp;<\/td>\n<td>Italien <\/td>\n<td>Kultur <\/td>\n<td>Italienisch<\/td>\n<\/tr>\n<tr>\n<td>&nbsp;<\/td>\n<td>93<\/td>\n<td>Rai Sport <\/td>\n<td>&nbsp;<\/td>\n<td>Italien <\/td>\n<td>Sport <\/td>\n<td>Italienisch<\/td>\n<\/tr>\n<tr>\n<td>&nbsp;<\/td>\n<td>94<\/td>\n<td>Rai Storia <\/td>\n<td>&nbsp;<\/td>\n<td>Italien <\/td>\n<td>Allgemein <\/td>\n<td>Italienisch<\/td>\n<\/tr>\n<tr>\n<td>&nbsp;<\/td>\n<td>95<\/td>\n<td>Senato <\/td>\n<td>&nbsp;<\/td>\n<td>Italien <\/td>\n<td>Nachrichten <\/td>\n<td>Italienisch<\/td>\n<\/tr>\n<tr>\n<td>&nbsp;<\/td>\n<td>96<\/td>\n<td>Camera Deputati <\/td>\n<td>&nbsp;<\/td>\n<td>Italien <\/td>\n<td>Nachrichten <\/td>\n<td>Italienisch<\/td>\n<\/tr>\n<tr>\n<td>&nbsp;<\/td>\n<td>97<\/td>\n<td>UNINETTUNO UNIVERS <\/td>\n<td>&nbsp;<\/td>\n<td>Italien <\/td>\n<td>Kultur<\/td>\n<td>Italienisch<\/td>\n<\/tr>\n<tr>\n<td>&nbsp;<\/td>\n<td>98<\/td>\n<td>Radio Italia Rap TV HD <\/td>\n<td>HD<\/td>\n<td>Italien <\/td>\n<td>Musik <\/td>\n<td>Italienisch<\/td>\n<\/tr>\n<tr>\n<td>&nbsp;<\/td>\n<td>99<\/td>\n<td>Radio Italia Tv HD  <\/td>\n<td>HD<\/td>\n<td>Italien <\/td>\n<td>Musik <\/td>\n<td>Italienisch<\/td>\n<\/tr>\n<tr>\n<td>&nbsp;<\/td>\n<td>100<\/td>\n<td>RDS TV <\/td>\n<td>HD<\/td>\n<td>Italien <\/td>\n<td>Musik <\/td>\n<td>Italienisch<\/td>\n<\/tr>\n<tr>\n<td>&nbsp;<\/td>\n<td>101<\/td>\n<td>RETECONOMY <\/td>\n<td>&nbsp;<\/td>\n<td>Italien <\/td>\n<td>Wirtschaft <\/td>\n<td>Italienisch<\/td>\n<\/tr>\n<tr>\n<td>&nbsp;<\/td>\n<td>102<\/td>\n<td>TEF Channel <\/td>\n<td>&nbsp;<\/td>\n<td>Italien <\/td>\n<td>Allgemein <\/td>\n<td>Italienisch<\/td>\n<\/tr>\n<tr>\n<td>&nbsp;<\/td>\n<td>103<\/td>\n<td>TVA Vicenza <\/td>\n<td>&nbsp;<\/td>\n<td>Italien <\/td>\n<td>Lifestyle <\/td>\n<td>Italienisch<\/td>\n<\/tr>\n<tr>\n<td>&nbsp;<\/td>\n<td>104<\/td>\n<td>UNIRESAT HD <\/td>\n<td>HD<\/td>\n<td>Italien <\/td>\n<td>Sport <\/td>\n<td>Italienisch<\/td>\n<\/tr>\n<tr>\n<td>&nbsp;<\/td>\n<td>105<\/td>\n<td>France 24<\/td>\n<td>&nbsp;<\/td>\n<td>Frankreich<\/td>\n<td>Nachrichten <\/td>\n<td>Franz\u00f6sich<\/td>\n<\/tr>\n<tr>\n<td>&nbsp;<\/td>\n<td>106<\/td>\n<td>TV5Monde<\/td>\n<td>&nbsp;<\/td>\n<td>Frankreich<\/td>\n<td>Allgemein <\/td>\n<td>Franz\u00f6sich<\/td>\n<\/tr>\n<tr>\n<td>&nbsp;<\/td>\n<td>107<\/td>\n<td>C News HD<\/td>\n<td>HD<\/td>\n<td>Frankreich<\/td>\n<td>Nachrichten <\/td>\n<td>Franz\u00f6sich<\/td>\n<\/tr>\n<tr>\n<td>&nbsp;<\/td>\n<td>108<\/td>\n<td>LCI HD<\/td>\n<td>HD<\/td>\n<td>Frankreich<\/td>\n<td>Nachrichten <\/td>\n<td>Franz\u00f6sich<\/td>\n<\/tr>\n<tr>\n<td>&nbsp;<\/td>\n<td>109<\/td>\n<td>LCP HD<\/td>\n<td>HD<\/td>\n<td>Frankreich<\/td>\n<td>Allgemein <\/td>\n<td>Franz\u00f6sich<\/td>\n<\/tr>\n<tr>\n<td>&nbsp;<\/td>\n<td>110<\/td>\n<td>MB Live HD<\/td>\n<td>HD<\/td>\n<td>Frankreich<\/td>\n<td>Verschiedenes <\/td>\n<td>Franz\u00f6sich<\/td>\n<\/tr>\n<tr>\n<td>&nbsp;<\/td>\n<td>111<\/td>\n<td>CGTN F<\/td>\n<td>&nbsp;<\/td>\n<td>China<\/td>\n<td>Allgemein <\/td>\n<td>Franz\u00f6sich<\/td>\n<\/tr>\n<tr>\n<td>&nbsp;<\/td>\n<td>112<\/td>\n<td>TVE Int. Europa<\/td>\n<td>&nbsp;<\/td>\n<td>Spanien<\/td>\n<td>Nachrichten <\/td>\n<td>Spanisch<\/td>\n<\/tr>\n<tr>\n<td>&nbsp;<\/td>\n<td>113<\/td>\n<td>Canal 24 Horas<\/td>\n<td>&nbsp;<\/td>\n<td>Spanien<\/td>\n<td>Nachrichten <\/td>\n<td>Spanisch<\/td>\n<\/tr>\n<tr>\n<td>&nbsp;<\/td>\n<td>114<\/td>\n<td>CGTN E <\/td>\n<td>HD<\/td>\n<td>China <\/td>\n<td>Allgemein <\/td>\n<td>Spanisch<\/td>\n<\/tr>\n<tr>\n<td>&nbsp;<\/td>\n<td>115<\/td>\n<td>TVP Polonia <\/td>\n<td>&nbsp;<\/td>\n<td>Polen <\/td>\n<td>Allgemein <\/td>\n<td>Polnisch<\/td>\n<\/tr>\n<tr>\n<td>&nbsp;<\/td>\n<td>116<\/td>\n<td>TELE 5 <\/td>\n<td>&nbsp;<\/td>\n<td>Polen <\/td>\n<td>Allgemein <\/td>\n<td>Polnisch<\/td>\n<\/tr>\n<tr>\n<td>&nbsp;<\/td>\n<td>117<\/td>\n<td>Polonia 1 <\/td>\n<td>&nbsp;<\/td>\n<td>Polen <\/td>\n<td>Allgemein <\/td>\n<td>Polnisch<\/td>\n<\/tr>\n<tr>\n<td>&nbsp;<\/td>\n<td>118<\/td>\n<td>CCTV 4E <\/td>\n<td>HD<\/td>\n<td>China <\/td>\n<td>Allgemein <\/td>\n<td>Chinesisch<\/td>\n<\/tr>\n<tr>\n<td>&nbsp;<\/td>\n<td>119<\/td>\n<td>NetViet <\/td>\n<td>&nbsp;<\/td>\n<td>Vietnam <\/td>\n<td>Verschiedenes <\/td>\n<td>Vietnamesisch<\/td>\n<\/tr>\n<tr>\n<td>&nbsp;<\/td>\n<td>120<\/td>\n<td>Thai Global Network <\/td>\n<td>&nbsp;<\/td>\n<td>Thailand <\/td>\n<td>Allgemein <\/td>\n<td>Thail\u00e4ndisch<\/td>\n<\/tr>\n<tr>\n<td>&nbsp;<\/td>\n<td>121<\/td>\n<td>TVK <\/td>\n<td>&nbsp;<\/td>\n<td>Kambodscha <\/td>\n<td>Allgemein <\/td>\n<td>Kambodschanisch <\/td>\n<\/tr>\n<tr>\n<td>&nbsp;<\/td>\n<td>122<\/td>\n<td>ROSSIYA24 <\/td>\n<td>&nbsp;<\/td>\n<td>Russland <\/td>\n<td>Nachrichten <\/td>\n<td>Russisch<\/td>\n<\/tr>\n<tr>\n<td>&nbsp;<\/td>\n<td>123<\/td>\n<td>NTV MIR <\/td>\n<td>&nbsp;<\/td>\n<td>Russland <\/td>\n<td>Allgemein <\/td>\n<td>Russisch<\/td>\n<\/tr>\n<tr>\n<td>&nbsp;<\/td>\n<td>124<\/td>\n<td>RTR <\/td>\n<td>&nbsp;<\/td>\n<td>Russland <\/td>\n<td>Allgemein <\/td>\n<td>Russisch<\/td>\n<\/tr>\n<tr>\n<td>&nbsp;<\/td>\n<td>125<\/td>\n<td>STS International <\/td>\n<td>&nbsp;<\/td>\n<td>Russland <\/td>\n<td>Allgemein <\/td>\n<td>Russisch<\/td>\n<\/tr>\n<tr>\n<td>&nbsp;<\/td>\n<td>126<\/td>\n<td>THT <\/td>\n<td>&nbsp;<\/td>\n<td>Russland <\/td>\n<td>Allgemein <\/td>\n<td>Russisch<\/td>\n<\/tr>\n<tr>\n<td>&nbsp;<\/td>\n<td>127<\/td>\n<td>Music Box Russia <\/td>\n<td>&nbsp;<\/td>\n<td>Russland <\/td>\n<td>Musik <\/td>\n<td>Russisch<\/td>\n<\/tr>\n<tr>\n<td>&nbsp;<\/td>\n<td>128<\/td>\n<td>8 TV RU <\/td>\n<td>&nbsp;<\/td>\n<td>Russland <\/td>\n<td>Allgemein <\/td>\n<td>Russisch<\/td>\n<\/tr>\n<tr>\n<td>&nbsp;<\/td>\n<td>129<\/td>\n<td>Vozrojdenie.tv<\/td>\n<td>&nbsp;<\/td>\n<td>Russland <\/td>\n<td>Kultur<\/td>\n<td>Russisch<\/td>\n<\/tr>\n<tr>\n<td>&nbsp;<\/td>\n<td>130<\/td>\n<td>Shanson TV <\/td>\n<td>&nbsp;<\/td>\n<td>Russland <\/td>\n<td>Musik <\/td>\n<td>Russisch<\/td>\n<\/tr>\n<tr>\n<td>&nbsp;<\/td>\n<td>131<\/td>\n<td>BestMarket TV <\/td>\n<td>&nbsp;<\/td>\n<td>Russland <\/td>\n<td>Allgemein <\/td>\n<td>Russisch<\/td>\n<\/tr>\n<tr>\n<td>&nbsp;<\/td>\n<td>132<\/td>\n<td>TVR International HB <\/td>\n<td>&nbsp;<\/td>\n<td>Rum\u00e4nien <\/td>\n<td>Allgemein <\/td>\n<td>Rum\u00e4nisch<\/td>\n<\/tr>\n<tr>\n<td>&nbsp;<\/td>\n<td>133<\/td>\n<td>France 24 Arabic<\/td>\n<td>&nbsp;<\/td>\n<td>Frankreich<\/td>\n<td>Nachrichten <\/td>\n<td>Arabisch<\/td>\n<\/tr>\n<tr>\n<td>&nbsp;<\/td>\n<td>134<\/td>\n<td>Canal Algerie<\/td>\n<td>&nbsp;<\/td>\n<td>Algerien <\/td>\n<td>Allgemein <\/td>\n<td>Arabisch<\/td>\n<\/tr>\n<tr>\n<td>&nbsp;<\/td>\n<td>135<\/td>\n<td>Algerie 3<\/td>\n<td>&nbsp;<\/td>\n<td>Algerien <\/td>\n<td>Kultur<\/td>\n<td>Arabisch<\/td>\n<\/tr>\n<tr>\n<td>&nbsp;<\/td>\n<td>136<\/td>\n<td>2M Monde <\/td>\n<td>&nbsp;<\/td>\n<td>Marokko <\/td>\n<td>Allgemein <\/td>\n<td>Arabisch<\/td>\n<\/tr>\n<tr>\n<td>&nbsp;<\/td>\n<td>137<\/td>\n<td>TV TAMAZIGHT <\/td>\n<td>&nbsp;<\/td>\n<td>Algerien <\/td>\n<td>Allgemein <\/td>\n<td>Arabisch<\/td>\n<\/tr>\n<tr>\n<td>&nbsp;<\/td>\n<td>138<\/td>\n<td>Payam-E-Afghan <\/td>\n<td>&nbsp;<\/td>\n<td>Afghanistan <\/td>\n<td>Allgemein <\/td>\n<td>Arabisch<\/td>\n<\/tr>\n<tr>\n<td>&nbsp;<\/td>\n<td>139<\/td>\n<td>Suryoyo Sat <\/td>\n<td>&nbsp;<\/td>\n<td>Syrien<\/td>\n<td>Verschiedenes <\/td>\n<td>Arabisch<\/td>\n<\/tr>\n<tr>\n<td>&nbsp;<\/td>\n<td>140<\/td>\n<td>CTV AP<\/td>\n<td>&nbsp;<\/td>\n<td>Egypten<\/td>\n<td>Kultur<\/td>\n<td>Arabisch<\/td>\n<\/tr>\n<\/tbody>\n<\/table>","protected":false},"excerpt":{"rendered":"<p>Satmedia Eigenentwicklung:SAT Kopfstation \/ SAT Kopfstellen SET. Hardwarekosteneinsparung von \u00fcber 50% gegen\u00fcber herk\u00f6mmlichen Kopfstellen, dank neuester Technologie!Riesige TV-Senderauswahl mit \u00fcber 135 TV-Sendern [&hellip;]<\/p>","protected":false},"featured_media":1660,"template":"","meta":[],"product_cat":[41,40],"product_tag":[],"_links":{"self":[{"href":"https:\/\/satmediawp.edv-kroiss.com\/en\/wp-json\/wp\/v2\/product\/1738"}],"collection":[{"href":"https:\/\/satmediawp.edv-kroiss.com\/en\/wp-json\/wp\/v2\/product"}],"about":[{"href":"https:\/\/satmediawp.edv-kroiss.com\/en\/wp-json\/wp\/v2\/types\/product"}],"wp:featuredmedia":[{"embeddable":true,"href":"https:\/\/satmediawp.edv-kroiss.com\/en\/wp-json\/wp\/v2\/media\/1660"}],"wp:attachment":[{"href":"https:\/\/satmediawp.edv-kroiss.com\/en\/wp-json\/wp\/v2\/media?parent=1738"}],"wp:term":[{"taxonomy":"product_cat","embeddable":true,"href":"https:\/\/satmediawp.edv-kroiss.com\/en\/wp-json\/wp\/v2\/product_cat?post=1738"},{"taxonomy":"product_tag","embeddable":true,"href":"https:\/\/satmediawp.edv-kroiss.com\/en\/wp-json\/wp\/v2\/product_tag?post=1738"}],"curies":[{"name":"wp","href":"https:\/\/api.w.org\/{rel}","templated":true}]}}