{"id":1740,"date":"2019-10-28T09:07:16","date_gmt":"2019-10-28T09:07:16","guid":{"rendered":"https:\/\/satmediawp.edv-kroiss.com\/produkt\/hotel-sat-auf-sat-kopfstation-set-3-4-international-135-sender-inkl-orf-hd-komplettatvpuls4\/"},"modified":"2024-05-17T11:20:21","modified_gmt":"2024-05-17T09:20:21","slug":"hotel-sat-auf-sat-kopfstation-set-3-4-international-135-sender-inkl-orf-hd-komplettatvpuls4","status":"publish","type":"product","link":"https:\/\/satmediawp.edv-kroiss.com\/en\/product\/hotel-sat-auf-sat-kopfstation-set-3-4-international-135-sender-inkl-orf-hd-komplettatvpuls4\/","title":{"rendered":"Hotel Sat auf SAT Kopfstation Set #3.4 (International >135 Sender inkl. ORF HD Komplett&#038;ATV&#038;Puls4)"},"content":{"rendered":"<\/p>\n<p>Satmedia Eigenentwicklung:<br \/>SAT Kopfstation \/ SAT Kopfstellen SET. Hardwarekosteneinsparung von \u00fcber 50% gegen\u00fcber herk\u00f6mmlichen Kopfstellen, dank neuester Technologie!<br \/>Riesige TV-Senderauswahl mit \u00fcber 135 TV-Sendern inkl. ORF Programme &#8211; Senderliste nat\u00fcrlich individuell anpassbar.<br \/>Bieten Sie Ihren G\u00e4sten internationales TV aus \u00fcber 20 L\u00e4ndern an. <br \/>F\u00fcr die Standardprogramme ist der Empfang des Satelliten Astra 19\u00b0Ost erforderlich. Empfangbar ab 80cm Antennengr\u00f6\u00dfe.<br \/>Unser Set ist komplett vorbereitet f\u00fcr den Empfang von 4 Satelliten inkl. LNBs und Multischalteranlage.<br \/>Um die volle Programmvielfalt zu erhalten, wird eine Antenne ab 100cm Durchmesser ben\u00f6tigt und insgesamt 8 Koaxleitungen zur Kopfstelle.<\/p>\n<p>Unsere  Sets sind komplett ausgestattet inkl. aller ben\u00f6tigten Komponenten  (Professional CAMs f\u00fcr die Entschl\u00fcsselung der ORF-Programme,  LNBs, Multischalter, Kopfstelle) und programmiert mit den HD-Kan\u00e4len von ORF und den  HD-Kan\u00e4len der deutschen \u00f6ffentlich rechtlichen Fernsehsender.<br \/> Die SD-Abschaltung von ARD\/ZDF und co ist derzeit mit Ende 2020 geplant.<br \/>Dieses Set beinhaltet bereits einen digitalen Info-Kanal welcher als Videodatei per USB-Stick abspielbar ist.<br \/> Dieses Set ben\u00f6tigt 4 ORF-Smartcards zur Entschl\u00fcsselung der Programme. Senderliste siehe weiter unten.<\/p>\n<p>Unterschied SAT-Kopfstelle zur Standard Kopfstelle<\/p>\n<ul>\n<li>TV-Ger\u00e4t mit Tripple DVB-S2\/C\/T Tuner erforderlich.<\/li>\n<li> Es m\u00fcssen SAT Durchgangs Dosen verwendet werden<\/li>\n<li>Senderliste ist im TV-Ger\u00e4t programmiert &#8211; Keine automatische Aktualisierung<\/li>\n<\/ul>\n<p>Die Vorteile unserer SAT Kopfstation kurz zusammengefasst:<\/p>\n<ul>\n<li>Komplett-Set &#8211; Auslieferung vorkonfiguriert inkl. aller notwendiger Komponenten &#8211; Individuelle Senderreihenfolge.<\/li>\n<li>Gro\u00dfe Sender-Vielfalt zum unschlagbaren Preis.<\/li>\n<li>ORF tauglich &#8211; ORF Module im Lieferumfang enthalten. Es werden nur die ORF-Smartcards ben\u00f6tigt.<\/li>\n<li>HD-Tauglich &#8211; Bereit f\u00fcr die SD Abschaltung von ARD\/ZDF\/Co<\/li>\n<li>inkl. digitalem Infokanal per Videodatei auf USB-Stick.<\/li>\n<li>Jederzeit erweiterbar f\u00fcr bis \u00fcber 300 Sender<\/li>\n<li>Unbegrenzte Anzahl an TV-Ger\u00e4ten anschlie\u00dfbar &#8211; Kein Limit<\/li>\n<li>Optional: Redundante Stromversorgung (Kein Ausfall bei einem Defekt des Netzteiles)<\/li>\n<li>Optional: Infokanal Einspielung \u00fcber Audio\/Video Input<\/li>\n<li>Optional: Optische \u00dcbertragung: Leitungsl\u00e4ngen von \u00fcber 10km m\u00f6glich\n<\/li>\n<\/ul>\n<p><b>Voraussetzungen:<\/b><\/p>\n<ul>\n<li>TV-Ger\u00e4t mit DVB-S2 Tuner (Meist Tripple DVB-S2\/DVB-C HD Tuner)<\/li>\n<li>Satelliten Antenne ab 100cm empfohlen (Es werden nur 2 Koax-Leitungen zur Kopfstation ben\u00f6tigt)<\/li>\n<li>Im Zimmer m\u00fcssen 3-Loch SAT Durchgangs Dosen installiert sein.\n<\/li>\n<\/ul>\n<p><b><b><b><b>Montage\/Service Partner<\/b><\/b><\/b><\/b><\/p>\n<ul>\n<li>Finden Sie Ihren Verkaufs- und Montage\/Servicepartner in Ihrem Bundesland aus unserem<b> <a href=\"https:\/\/hotel-kopfstation.com\/haendler\/\" target=\"_blank\" rel=\"noopener\">Vertriebspartner Verzeichnis<\/a>.<br \/><\/b><\/li>\n<\/ul>\n<p><b><br \/><\/b><b>Vorgeschlagene Senderliste: <\/b><br \/>(individuell \u00e4nderbar)<\/p>\n<p><\/p>","protected":false},"excerpt":{"rendered":"<p>Satmedia Eigenentwicklung:SAT Kopfstation \/ SAT Kopfstellen SET. Hardwarekosteneinsparung von \u00fcber 50% gegen\u00fcber herk\u00f6mmlichen Kopfstellen, dank neuester Technologie!Riesige TV-Senderauswahl mit \u00fcber 135 TV-Sendern [&hellip;]<\/p>","protected":false},"featured_media":1660,"template":"","meta":[],"product_cat":[41,40],"product_tag":[],"_links":{"self":[{"href":"https:\/\/satmediawp.edv-kroiss.com\/en\/wp-json\/wp\/v2\/product\/1740"}],"collection":[{"href":"https:\/\/satmediawp.edv-kroiss.com\/en\/wp-json\/wp\/v2\/product"}],"about":[{"href":"https:\/\/satmediawp.edv-kroiss.com\/en\/wp-json\/wp\/v2\/types\/product"}],"wp:featuredmedia":[{"embeddable":true,"href":"https:\/\/satmediawp.edv-kroiss.com\/en\/wp-json\/wp\/v2\/media\/1660"}],"wp:attachment":[{"href":"https:\/\/satmediawp.edv-kroiss.com\/en\/wp-json\/wp\/v2\/media?parent=1740"}],"wp:term":[{"taxonomy":"product_cat","embeddable":true,"href":"https:\/\/satmediawp.edv-kroiss.com\/en\/wp-json\/wp\/v2\/product_cat?post=1740"},{"taxonomy":"product_tag","embeddable":true,"href":"https:\/\/satmediawp.edv-kroiss.com\/en\/wp-json\/wp\/v2\/product_tag?post=1740"}],"curies":[{"name":"wp","href":"https:\/\/api.w.org\/{rel}","templated":true}]}}