{"id":1742,"date":"2019-11-26T14:50:56","date_gmt":"2019-11-26T14:50:56","guid":{"rendered":"https:\/\/satmediawp.edv-kroiss.com\/produkt\/lg-65um7450-uhd-smart-webos-simple-hotel-mode\/"},"modified":"2024-05-17T11:20:21","modified_gmt":"2024-05-17T09:20:21","slug":"lg-65um7450-uhd-smart-webos-simple-hotel-mode","status":"publish","type":"product","link":"https:\/\/satmediawp.edv-kroiss.com\/en\/product\/lg-65um7450-uhd-smart-webos-simple-hotel-mode\/","title":{"rendered":"LG 65UM7450 UHD Smart WebOS Simple Hotel Mode"},"content":{"rendered":"<div><b>4K-Aufl\u00f6sung f\u00fcr faszinierende Bildwelten<\/b><\/div>\n<div>Erleben Sie dank 4K realistischere Bilder mit feinen Details und lebendigen Farben mit einer viermal h\u00f6heren Aufl\u00f6sung als Full HD. Quad-Core-Prozessor<\/div>\n<div>Vier schnelle, pr\u00e4zise arbeitende Prozessorkerne beseitigen Rauschen und erzeugen dynamischere Farben und Kontraste. Bilder mit niedriger Aufl\u00f6sung werden hochskaliert und als sch\u00e4rfere, lebendigere Bilder fast in 4K-Qualit\u00e4t wiedergegeben.<\/div>\n<div><\/div>\n<div><b>True Color Accuracy<\/b><\/div>\n<div>Kleinste Farbunterschiede werden genau wiedergegeben, wodurch sch\u00e4rfere, sattere und realistischere Farben erzielt werden.<\/div>\n<div><\/div>\n<div><b>Advanced Color Enhancer<\/b><\/div>\n<div>Egal wie dunkel oder hell das Bild ist, der Advanced Color Enhancer passt Farbe und Kontrast dynamisch an, was f\u00fcr brillante, lebendige Bilder sorgt.<\/div>\n<div><\/div>\n<div><b>4K Active HDR f\u00fcr beeindruckende Details<\/b><\/div>\n<div>4K Active HDR optimiert alle Szenen und sorgt f\u00fcr filigrane Details und satte Farben. Dank Multi-HDR-Format-Unterst\u00fctzung, einschlie\u00dflich HDR10 Pro und HLG, k\u00f6nnen Sie \u2013 in Verbindung mit der dynamischen Szene-f\u00fcr-Szene-Anpassung von LG \u2013 jeglichen Videoinhalt in beeindruckender HDR-Qualit\u00e4t genie\u00dfen.<\/div>\n<div><\/div>\n<div><b>DTS Virtual:X\u2122 &#8211; F\u00fcr eine weitere Klangdimension<\/b><\/div>\n<div>Sie genie\u00dfen satten, klaren, mehrdimensionalen Sound, der \u00fcber die eingebauten Lautsprecher Ihres Fernsehger\u00e4ts aus allen Winkeln erklingt.<\/div>\n<div><\/div>\n<div><b>Ultra Surround er\u00f6ffnet neue Klangwelten<\/b><\/div>\n<div>Mit Sound aus mehreren virtuellen Audiokan\u00e4len wird ein intensives Unterhaltungserlebnis geboten.<\/div>\n<div>Ultra Surround er\u00f6ffnet neue Klangwelten<\/div>\n<div><\/div>\n<div><b>Einfaches und doch edles Design<\/b><\/div>\n<div>Der schmale Rahmen und die schlanke, moderne Optik bringen das Ambiente hochwertiger Design\u00e4sthetik in Ihre R\u00e4umlichkeiten und verbessern Ihr Seherlebnis.<\/div>\n<div><\/div>\n<div><b><u>Technische Daten<\/p>\n<p><\/u><\/b><\/div>\n<div><b>Diagonale<\/b><\/div>\n<div>in Zentimeter<span style=\"white-space:pre\">\t<\/span>164 cm<\/div>\n<div>in Zoll<span style=\"white-space:pre\">\t<\/span>65 Zoll<\/div>\n<div><b><br \/>Bild \/ Darstellung<\/b><\/div>\n<div>Aufl\u00f6sung<span style=\"white-space:pre\">\t<\/span>3840 x 2160 Pixel<\/div>\n<div>Panel Typ<span style=\"white-space:pre\">\t<\/span>LED<\/div>\n<div>Seitenverh\u00e4ltnis<span style=\"white-space:pre\">\t<\/span>16:9<\/div>\n<div>Wiederholfrequenz<span style=\"white-space:pre\">\t<\/span>50 Hz<\/div>\n<div>Ultra HD f\u00e4hig<span style=\"white-space:pre\">\t<\/span>UHD \/ 4K<\/div>\n<div><b><br \/>Empf\u00e4nger \/ Audio<\/b><\/div>\n<div>Empfangsart<span style=\"white-space:pre\">\t<\/span>Analog, DVB-S2, DVB-T2, DVB-C<\/div>\n<div>Anzahl Tuner<span style=\"white-space:pre\">\t<\/span>1 St\u00fcck<\/div>\n<div>Lautsprecher<span style=\"white-space:pre\">\t<\/span>2x 10 Watt<\/div>\n<div><b><br \/>Funktionen<\/b><\/div>\n<div>Funktionen<span style=\"white-space:pre\">\t<\/span>Smart TV, PVR ready, Timeshift<\/div>\n<div><b><br \/>Anschl\u00fcsse<\/b><\/div>\n<div>Video<span style=\"white-space:pre\">\t<\/span>3x HDMI, 1x Video-In (Composite), 1x Video-In (Component), 1x Audio Out<\/div>\n<div>Einschub Slots<span style=\"white-space:pre\">\t<\/span>1x Common Interface+ (CI+), 2x USB (Host)<\/div>\n<div>Netzwerk<span style=\"white-space:pre\">\t<\/span>Ethernet, WLAN, Bluetooth<\/div>\n<div><b><br \/>Montage<\/b><\/div>\n<div>Befestigung Norm<span style=\"white-space:pre\">\t<\/span>VESA 300&#215;300<\/div>\n<div><b><br \/>Verbrauch<\/b><\/div>\n<div>Durchschnitt<span style=\"white-space:pre\">\t<\/span>145 Watt<\/div>\n<div>Standby<span style=\"white-space:pre\">\t<\/span>0,5 Watt<\/div>\n<div><b><br \/>Effizienzklasse<span style=\"white-space:pre\">\t<\/span><\/b><\/div>\n<div>Verbrauch\/Jahr<span style=\"white-space:pre\">\t<\/span>201 kWh<\/div>\n<div><b><br \/>Farbe \/ Lieferumfang<\/b><\/div>\n<div>Farbe<span style=\"white-space:pre\">\t<\/span>schwarz<\/div>\n<div>Lieferumfang<span style=\"white-space:pre\">\t<\/span>1x Manual, 1x Stromkabel, 1x Fernbedienung<\/div>\n<div><b><br \/>Masse<\/b><\/div>\n<div>Gewicht<span style=\"white-space:pre\">\t<\/span>22,4 kg<\/div>\n<div>Breite<span style=\"white-space:pre\">\t<\/span>1463 mm<\/div>\n<div>H\u00f6he<span style=\"white-space:pre\">\t<\/span>914 mm<\/div>\n<div>Tiefe<span style=\"white-space:pre\">\t<\/span>340 mm<\/div>\n<div><\/div>","protected":false},"excerpt":{"rendered":"<p>4K-Aufl\u00f6sung f\u00fcr faszinierende Bildwelten Erleben Sie dank 4K realistischere Bilder mit feinen Details und lebendigen Farben mit einer viermal h\u00f6heren Aufl\u00f6sung als [&hellip;]<\/p>","protected":false},"featured_media":1741,"template":"","meta":[],"product_cat":[41,74,51,81],"product_tag":[],"_links":{"self":[{"href":"https:\/\/satmediawp.edv-kroiss.com\/en\/wp-json\/wp\/v2\/product\/1742"}],"collection":[{"href":"https:\/\/satmediawp.edv-kroiss.com\/en\/wp-json\/wp\/v2\/product"}],"about":[{"href":"https:\/\/satmediawp.edv-kroiss.com\/en\/wp-json\/wp\/v2\/types\/product"}],"wp:featuredmedia":[{"embeddable":true,"href":"https:\/\/satmediawp.edv-kroiss.com\/en\/wp-json\/wp\/v2\/media\/1741"}],"wp:attachment":[{"href":"https:\/\/satmediawp.edv-kroiss.com\/en\/wp-json\/wp\/v2\/media?parent=1742"}],"wp:term":[{"taxonomy":"product_cat","embeddable":true,"href":"https:\/\/satmediawp.edv-kroiss.com\/en\/wp-json\/wp\/v2\/product_cat?post=1742"},{"taxonomy":"product_tag","embeddable":true,"href":"https:\/\/satmediawp.edv-kroiss.com\/en\/wp-json\/wp\/v2\/product_tag?post=1742"}],"curies":[{"name":"wp","href":"https:\/\/api.w.org\/{rel}","templated":true}]}}