{"id":1747,"date":"2019-12-11T15:19:15","date_gmt":"2019-12-11T15:19:15","guid":{"rendered":"https:\/\/satmediawp.edv-kroiss.com\/produkt\/hotel-sat-auf-kabel-kopfstation-set-1-1-ca-60-sender-inkl-orf-hd-komplett\/"},"modified":"2024-05-17T11:20:21","modified_gmt":"2024-05-17T09:20:21","slug":"hotel-sat-auf-kabel-kopfstation-set-1-1-ca-60-sender-inkl-orf-hd-komplett","status":"publish","type":"product","link":"https:\/\/satmediawp.edv-kroiss.com\/en\/product\/hotel-sat-auf-kabel-kopfstation-set-1-1-ca-60-sender-inkl-orf-hd-komplett\/","title":{"rendered":"Hotel Sat auf Kabel Kopfstation Set #1.1+ (ca 60 Sender inkl. ORF HD Komplett)"},"content":{"rendered":"<p>Satmedia Komplettset f\u00fcr eine Hotel HD Kabelkopfstation \/ Kabelkopfstelle mit \u00fcber 60 Sendern inkl. ORF Programme.<br \/>\nUnsere Sets sind komplett ausgestattet inkl. aller ben\u00f6tigten Komponenten (Professional CAMs f\u00fcr die Entschl\u00fcsselung der ORF-Programme, Multischalter) und programmiert mit den HD-Kan\u00e4len von ORF und den HD-Kan\u00e4len der deutschen \u00f6ffentlich rechtlichen Fernsehsender.<br \/>\nDie SD-Abschaltung von ARD\/ZDF und co ist derzeit mit Ende des Jahres geplant.<br \/>\nDieses Set ben\u00f6tigt eine ORF-Smartcard zur Entschl\u00fcsselung der Programme. Senderliste siehe weiter unten.<\/p>\n<p>Die Vorteile unserer Kopfstation kurz zusammengefasst:<\/p>\n<ul>\n<li>Komplett-Set &#8211; Auslieferung vorkonfiguriert inkl. aller notwendiger Komponenten &#8211; Individuelle Senderreihenfolge.<\/li>\n<li>Senderliste wird in Kopfstelle programmiert &#8211; TV-Ger\u00e4te \u00fcbernehmen die Senderliste beim Suchlauf.<\/li>\n<li>\u00c4nderungen der Senderliste werden im TV-Ger\u00e4t ohne Sendersuchlauf \u00fcbernommen (TV muss NIT unterst\u00fctzen. LG und Samsung getestet)<\/li>\n<li>Unbegrenzte Anzahl an TV-Ger\u00e4te anschlie\u00dfbar &#8211; Kein Limit<\/li>\n<li>Programmierung \u00fcber Webinterface\/Netzwerk. Fernwartung \u00fcber Teamviewer m\u00f6glich.<\/li>\n<li>ORF tauglich &#8211; ORF Module im Lieferumfang enthalten. Es werden nur die ORF-Smartcards ben\u00f6tigt.<\/li>\n<li>HD-Tauglich &#8211; Bereit f\u00fcr die SD Abschaltung von ARD\/ZDF\/Co<\/li>\n<li>Jederzeit erweiterbar f\u00fcr bis \u00fcber 300 Sender<\/li>\n<li>Unbegrenzte Anzahl an Teilnehmer (TV-Ger\u00e4te)<\/li>\n<li>Neue Dynamische Transponderverteilung &#8211; Keine Kabelumsteckung bei Transponderwechsel notwendig. Fernwartung dadurch \u00fcber zB. Teamviewer m\u00f6glich.<\/li>\n<li>Integrierbar in bestehende Kopfstelle<\/li>\n<li>Optional: Redundante Stromversorgung (Kein Ausfall bei einem Defekt des Netzteiles)<\/li>\n<li>Optional: Infokanal Einspielung \u00fcber USB oder IPTV<\/li>\n<li>Optional: Optische \u00dcbertragung: Leitungsl\u00e4ngen von \u00fcber 10km m\u00f6glich<\/li>\n<\/ul>\n<p><b>Voraussetzungen:<\/b><\/p>\n<ul>\n<li>TV-Ger\u00e4t mit integriertem DVB-C HD Tuner (QAM 6900)<\/li>\n<li>F\u00fcr automatische Kanalsortierung TV-Ger\u00e4t mit NIT Funktion<\/li>\n<li>Astra Satelliten Antenne (Nur eine Koax-Leitung von Antenne zur Kopfstation ben\u00f6tigt)<\/li>\n<li>2 x ORF-Smartcards f\u00fcr die ORF-Programme &#8211; Kann \u00fcber uns bestellt werden.<\/li>\n<\/ul>\n<p><b><b>Liefer-\/Leistungsumfang<\/b><\/b><\/p>\n<ul>\n<li>Terra Kopfstation Komplett-Set<\/li>\n<li>Individuelle Programmierung inklusive!<\/li>\n<li>Ausmessung und Justierung aller DVB-C Kan\u00e4le!<\/li>\n<li>Modul Terra 16TP<\/li>\n<li>Modul Terra SDQ420 CI<\/li>\n<li>2 x Irdeto CI+ CAM PRO<\/li>\n<li>Netzteil Terra SUP413<\/li>\n<li>Unicable Multischalteranlage f\u00fcr 2 Satelliten und 32 Transponder (Vorbereitet f\u00fcr Kopfstelle bis ca. 150 TV-Sender \/ Erweiterbar)<\/li>\n<li>2 x WB-LNBs (Vorbereitet f\u00fcr Astra\/Hotbird)<\/li>\n<li>Plug &amp; Play: Alle notwendigen Verbindungskabel\/Stecker\/Hutschiene<\/li>\n<\/ul>\n<p>&nbsp;<\/p>\n<p><b>Montage\/Service Partner<\/b><\/p>\n<ul>\n<li>Finden Sie Ihren Verkaufs- und Montage\/Servicepartner in Ihrem Bundesland aus unserem<b> <a href=\"https:\/\/hotel-kopfstation.com\/haendler\/\" target=\"_blank\" rel=\"noopener\">Vertriebspartner Verzeichnis<\/a>.<br \/>\n<\/b><\/li>\n<\/ul>\n<p><b><br \/>\n<\/b><b>Vorgeschlagene Senderliste: <\/b><br \/>\n(individuell \u00e4nderbar)<\/p>\n<table class=\"tableizer-table\" width=\"600\">\n<thead>\n<tr class=\"tableizer-firstrow\">\n<th>LCN<\/th>\n<th><\/th>\n<th>Sender<\/th>\n<th>HD<\/th>\n<th>Land<\/th>\n<th>Kategorie<\/th>\n<th>Sprache<\/th>\n<\/tr>\n<\/thead>\n<tbody>\n<tr>\n<td>1<\/td>\n<td><\/td>\n<td>ORF 1 HD<\/td>\n<td>HD<\/td>\n<td>\u00d6sterreich<\/td>\n<td>Allgemein<\/td>\n<td>Deutsch<\/td>\n<\/tr>\n<tr>\n<td>2<\/td>\n<td><\/td>\n<td>ORF 2 HD<\/td>\n<td>HD<\/td>\n<td>\u00d6sterreich<\/td>\n<td>Allgemein<\/td>\n<td>Deutsch<\/td>\n<\/tr>\n<tr>\n<td>3<\/td>\n<td><\/td>\n<td>ORF III HD<\/td>\n<td>HD<\/td>\n<td>\u00d6sterreich<\/td>\n<td>Allgemein<\/td>\n<td>Deutsch<\/td>\n<\/tr>\n<tr>\n<td>4<\/td>\n<td><\/td>\n<td>Das Erste HD<\/td>\n<td>HD<\/td>\n<td>Deutschland<\/td>\n<td>Allgemein<\/td>\n<td>Deutsch<\/td>\n<\/tr>\n<tr>\n<td>5<\/td>\n<td><\/td>\n<td>ZDF HD<\/td>\n<td>HD<\/td>\n<td>Deutschland<\/td>\n<td>Allgemein<\/td>\n<td>Deutsch<\/td>\n<\/tr>\n<tr>\n<td>6<\/td>\n<td><\/td>\n<td>3sat HD<\/td>\n<td>HD<\/td>\n<td>Deutschland<\/td>\n<td>Kultur<\/td>\n<td>Deutsch<\/td>\n<\/tr>\n<tr>\n<td>7<\/td>\n<td><\/td>\n<td>Servus TV HD<\/td>\n<td>HD<\/td>\n<td>Deutschland<\/td>\n<td>Allgemein<\/td>\n<td>Deutsch<\/td>\n<\/tr>\n<tr>\n<td>8<\/td>\n<td><\/td>\n<td>arte HD<\/td>\n<td>HD<\/td>\n<td>Deutschland<\/td>\n<td>Kultur<\/td>\n<td>Deutsch<\/td>\n<\/tr>\n<tr>\n<td>9<\/td>\n<td><\/td>\n<td>SAT 1<\/td>\n<td><\/td>\n<td>Deutschland<\/td>\n<td>Allgemein<\/td>\n<td>Deutsch<\/td>\n<\/tr>\n<tr>\n<td>10<\/td>\n<td><\/td>\n<td>ProSieben<\/td>\n<td><\/td>\n<td>Deutschland<\/td>\n<td>Allgemein<\/td>\n<td>Deutsch<\/td>\n<\/tr>\n<tr>\n<td>11<\/td>\n<td><\/td>\n<td>Kabel eins<\/td>\n<td><\/td>\n<td>Deutschland<\/td>\n<td>Allgemein<\/td>\n<td>Deutsch<\/td>\n<\/tr>\n<tr>\n<td>12<\/td>\n<td><\/td>\n<td>RTL Television<\/td>\n<td><\/td>\n<td>Deutschland<\/td>\n<td>Allgemein<\/td>\n<td>Deutsch<\/td>\n<\/tr>\n<tr>\n<td>13<\/td>\n<td><\/td>\n<td>RTL2<\/td>\n<td><\/td>\n<td>Deutschland<\/td>\n<td>Allgemein<\/td>\n<td>Deutsch<\/td>\n<\/tr>\n<tr>\n<td>14<\/td>\n<td><\/td>\n<td>VOX<\/td>\n<td><\/td>\n<td>Deutschland<\/td>\n<td>Allgemein<\/td>\n<td>Deutsch<\/td>\n<\/tr>\n<tr>\n<td>15<\/td>\n<td><\/td>\n<td>VOXup<\/td>\n<td><\/td>\n<td>Deutschland<\/td>\n<td>Allgemein<\/td>\n<td>Deutsch<\/td>\n<\/tr>\n<tr>\n<td>16<\/td>\n<td><\/td>\n<td>RTLPlus<\/td>\n<td><\/td>\n<td>Deutschland<\/td>\n<td>Allgemein<\/td>\n<td>Deutsch<\/td>\n<\/tr>\n<tr>\n<td>17<\/td>\n<td><\/td>\n<td>SIXX<\/td>\n<td><\/td>\n<td>Deutschland<\/td>\n<td>Allgemein<\/td>\n<td>Deutsch<\/td>\n<\/tr>\n<tr>\n<td>18<\/td>\n<td><\/td>\n<td>RTL NITRO<\/td>\n<td><\/td>\n<td>Deutschland<\/td>\n<td>Allgemein<\/td>\n<td>Deutsch<\/td>\n<\/tr>\n<tr>\n<td>19<\/td>\n<td><\/td>\n<td>Sat 1 Gold<\/td>\n<td><\/td>\n<td>Deutschland<\/td>\n<td>Allgemein<\/td>\n<td>Deutsch<\/td>\n<\/tr>\n<tr>\n<td>20<\/td>\n<td><\/td>\n<td>Pro7 Maxx<\/td>\n<td><\/td>\n<td>Deutschland<\/td>\n<td>Allgemein<\/td>\n<td>Deutsch<\/td>\n<\/tr>\n<tr>\n<td>21<\/td>\n<td><\/td>\n<td>Tele 5<\/td>\n<td><\/td>\n<td>Deutschland<\/td>\n<td>Allgemein<\/td>\n<td>Deutsch<\/td>\n<\/tr>\n<tr>\n<td>22<\/td>\n<td><\/td>\n<td>KIKA HD<\/td>\n<td>HD<\/td>\n<td>Deutschland<\/td>\n<td>Kinderprogramm<\/td>\n<td>Deutsch<\/td>\n<\/tr>\n<tr>\n<td>23<\/td>\n<td><\/td>\n<td>Super RTL<\/td>\n<td><\/td>\n<td>Deutschland<\/td>\n<td>Kinderprogramm<\/td>\n<td>Deutsch<\/td>\n<\/tr>\n<tr>\n<td>24<\/td>\n<td><\/td>\n<td>TOGGO plus<\/td>\n<td><\/td>\n<td>Deutschland<\/td>\n<td>Kinderprogramm<\/td>\n<td>Deutsch<\/td>\n<\/tr>\n<tr>\n<td>25<\/td>\n<td><\/td>\n<td>Disney Channel<\/td>\n<td><\/td>\n<td>Deutschland<\/td>\n<td>Kinderprogramm<\/td>\n<td>Deutsch<\/td>\n<\/tr>\n<tr>\n<td>26<\/td>\n<td><\/td>\n<td>Nickelodeon AT<\/td>\n<td><\/td>\n<td>\u00d6sterreich<\/td>\n<td>Kinderprogramm<\/td>\n<td>Deutsch<\/td>\n<\/tr>\n<tr>\n<td>27<\/td>\n<td><\/td>\n<td>ComedyCentral AT<\/td>\n<td><\/td>\n<td>\u00d6sterreich<\/td>\n<td>Verschiedenes<\/td>\n<td>Deutsch<\/td>\n<\/tr>\n<tr>\n<td>28<\/td>\n<td><\/td>\n<td>kabel eins Doku<\/td>\n<td><\/td>\n<td>Deutschland<\/td>\n<td>Dokus\/Reportagen<\/td>\n<td>Deutsch<\/td>\n<\/tr>\n<tr>\n<td>29<\/td>\n<td><\/td>\n<td>DMAX<\/td>\n<td><\/td>\n<td>Deutschland<\/td>\n<td>Dokus\/Reportagen<\/td>\n<td>Deutsch<\/td>\n<\/tr>\n<tr>\n<td>30<\/td>\n<td><\/td>\n<td>N24 DOKU<\/td>\n<td><\/td>\n<td>Deutschland<\/td>\n<td>Dokus\/Reportagen<\/td>\n<td>Deutsch<\/td>\n<\/tr>\n<tr>\n<td>31<\/td>\n<td><\/td>\n<td>Oe24 TV<\/td>\n<td>HD<\/td>\n<td>\u00d6sterreich<\/td>\n<td>Nachrichten<\/td>\n<td>Deutsch<\/td>\n<\/tr>\n<tr>\n<td>32<\/td>\n<td><\/td>\n<td>Welt\/N24<\/td>\n<td><\/td>\n<td>Deutschland<\/td>\n<td>Nachrichten<\/td>\n<td>Deutsch<\/td>\n<\/tr>\n<tr>\n<td>33<\/td>\n<td><\/td>\n<td>n-tv<\/td>\n<td><\/td>\n<td>Deutschland<\/td>\n<td>Nachrichten<\/td>\n<td>Deutsch<\/td>\n<\/tr>\n<tr>\n<td>34<\/td>\n<td><\/td>\n<td>Euronews DE<\/td>\n<td><\/td>\n<td>Deutschland<\/td>\n<td>Nachrichten<\/td>\n<td>Deutsch<\/td>\n<\/tr>\n<tr>\n<td>35<\/td>\n<td><\/td>\n<td>ORF Sport+ HD<\/td>\n<td>HD<\/td>\n<td>\u00d6sterreich<\/td>\n<td>Sport<\/td>\n<td>Deutsch<\/td>\n<\/tr>\n<tr>\n<td>36<\/td>\n<td><\/td>\n<td>Eurosport 1 DE<\/td>\n<td><\/td>\n<td>Deutschland<\/td>\n<td>Sport<\/td>\n<td>Deutsch<\/td>\n<\/tr>\n<tr>\n<td>37<\/td>\n<td><\/td>\n<td>Sport1<\/td>\n<td><\/td>\n<td>Deutschland<\/td>\n<td>Sport<\/td>\n<td>Deutsch<\/td>\n<\/tr>\n<tr>\n<td>38<\/td>\n<td><\/td>\n<td>BR Fernsehen HD<\/td>\n<td>HD<\/td>\n<td>Deutschland<\/td>\n<td>Allgemein<\/td>\n<td>Deutsch<\/td>\n<\/tr>\n<tr>\n<td>39<\/td>\n<td><\/td>\n<td>MDR Fernsehen HD<\/td>\n<td>HD<\/td>\n<td>Deutschland<\/td>\n<td>Allgemein<\/td>\n<td>Deutsch<\/td>\n<\/tr>\n<tr>\n<td>40<\/td>\n<td><\/td>\n<td>HR Fernsehen HD<\/td>\n<td>HD<\/td>\n<td>Deutschland<\/td>\n<td>Allgemein<\/td>\n<td>Deutsch<\/td>\n<\/tr>\n<tr>\n<td>41<\/td>\n<td><\/td>\n<td>WDR HD<\/td>\n<td>HD<\/td>\n<td>Deutschland<\/td>\n<td>Allgemein<\/td>\n<td>Deutsch<\/td>\n<\/tr>\n<tr>\n<td>42<\/td>\n<td><\/td>\n<td>NDR Fernsehen HD<\/td>\n<td>HD<\/td>\n<td>Deutschland<\/td>\n<td>Allgemein<\/td>\n<td>Deutsch<\/td>\n<\/tr>\n<tr>\n<td>43<\/td>\n<td><\/td>\n<td>GoTV<\/td>\n<td><\/td>\n<td>\u00d6sterreich<\/td>\n<td>Musik<\/td>\n<td>Deutsch<\/td>\n<\/tr>\n<tr>\n<td>44<\/td>\n<td><\/td>\n<td>Deluxe Music<\/td>\n<td><\/td>\n<td>Deutschland<\/td>\n<td>Musik<\/td>\n<td>Deutsch<\/td>\n<\/tr>\n<tr>\n<td>45<\/td>\n<td><\/td>\n<td>Melodie TV<\/td>\n<td><\/td>\n<td>\u00d6sterreich<\/td>\n<td>Musik<\/td>\n<td>Deutsch<\/td>\n<\/tr>\n<tr>\n<td>46<\/td>\n<td><\/td>\n<td>R9 \u00d6sterreich<\/td>\n<td>HD<\/td>\n<td>\u00d6sterreich<\/td>\n<td>Regional Programm<\/td>\n<td>Deutsch<\/td>\n<\/tr>\n<tr>\n<td>47<\/td>\n<td><\/td>\n<td>DW English<\/td>\n<td><\/td>\n<td>Deutschland<\/td>\n<td>Nachrichten<\/td>\n<td>Englisch<\/td>\n<\/tr>\n<tr>\n<td>48<\/td>\n<td><\/td>\n<td>BBC World News HD<\/td>\n<td>HD<\/td>\n<td>England<\/td>\n<td>Nachrichten<\/td>\n<td>Englisch<\/td>\n<\/tr>\n<tr>\n<td>49<\/td>\n<td><\/td>\n<td>Sky News Int.<\/td>\n<td><\/td>\n<td>England<\/td>\n<td>Nachrichten<\/td>\n<td>Englisch<\/td>\n<\/tr>\n<tr>\n<td>50<\/td>\n<td><\/td>\n<td>Cnn Int<\/td>\n<td><\/td>\n<td>USA\/GB<\/td>\n<td>Nachrichten<\/td>\n<td>Englisch<\/td>\n<\/tr>\n<tr>\n<td>51<\/td>\n<td><\/td>\n<td>France 24 Eng<\/td>\n<td><\/td>\n<td>Frankreich<\/td>\n<td>Nachrichten<\/td>\n<td>Englisch<\/td>\n<\/tr>\n<tr>\n<td>52<\/td>\n<td><\/td>\n<td>Al Jazerra Eng<\/td>\n<td><\/td>\n<td>Katar<\/td>\n<td>Nachrichten<\/td>\n<td>Englisch<\/td>\n<\/tr>\n<tr>\n<td>53<\/td>\n<td><\/td>\n<td>CGTN<\/td>\n<td><\/td>\n<td>China<\/td>\n<td>Nachrichten<\/td>\n<td>Englisch<\/td>\n<\/tr>\n<tr>\n<td>54<\/td>\n<td><\/td>\n<td>CGTN Documentary<\/td>\n<td><\/td>\n<td>China<\/td>\n<td>Dokus\/Reportagen<\/td>\n<td>Englisch<\/td>\n<\/tr>\n<tr>\n<td>55<\/td>\n<td><\/td>\n<td>TV5Monde<\/td>\n<td><\/td>\n<td>Frankreich<\/td>\n<td>Allgemein<\/td>\n<td>Franz\u00f6sisch<\/td>\n<\/tr>\n<tr>\n<td>56<\/td>\n<td><\/td>\n<td>France 24<\/td>\n<td><\/td>\n<td>Frankreich<\/td>\n<td>Nachrichten<\/td>\n<td>Franz\u00f6sisch<\/td>\n<\/tr>\n<tr>\n<td>57<\/td>\n<td><\/td>\n<td>Euronews FR<\/td>\n<td><\/td>\n<td>Frankreich<\/td>\n<td>Nachrichten<\/td>\n<td>Franz\u00f6sisch<\/td>\n<\/tr>\n<tr>\n<td>58<\/td>\n<td><\/td>\n<td>RAI News 24<\/td>\n<td><\/td>\n<td>Italien<\/td>\n<td>Nachrichten<\/td>\n<td>Italienisch<\/td>\n<\/tr>\n<tr>\n<td>59<\/td>\n<td><\/td>\n<td>TVE Int. Europa<\/td>\n<td><\/td>\n<td>Spanien<\/td>\n<td>Nachrichten<\/td>\n<td>Spanisch<\/td>\n<\/tr>\n<tr>\n<td>60<\/td>\n<td><\/td>\n<td>Canal 24 Horas<\/td>\n<td><\/td>\n<td>Spanien<\/td>\n<td>Nachrichten<\/td>\n<td>Spanisch<\/td>\n<\/tr>\n<\/tbody>\n<\/table>","protected":false},"excerpt":{"rendered":"<p>Satmedia Komplettset f\u00fcr eine Hotel HD Kabelkopfstation \/ Kabelkopfstelle mit \u00fcber 60 Sendern inkl. ORF Programme. Unsere Sets sind komplett ausgestattet inkl. [&hellip;]<\/p>","protected":false},"featured_media":1746,"template":"","meta":[],"product_cat":[41,39],"product_tag":[],"_links":{"self":[{"href":"https:\/\/satmediawp.edv-kroiss.com\/en\/wp-json\/wp\/v2\/product\/1747"}],"collection":[{"href":"https:\/\/satmediawp.edv-kroiss.com\/en\/wp-json\/wp\/v2\/product"}],"about":[{"href":"https:\/\/satmediawp.edv-kroiss.com\/en\/wp-json\/wp\/v2\/types\/product"}],"wp:featuredmedia":[{"embeddable":true,"href":"https:\/\/satmediawp.edv-kroiss.com\/en\/wp-json\/wp\/v2\/media\/1746"}],"wp:attachment":[{"href":"https:\/\/satmediawp.edv-kroiss.com\/en\/wp-json\/wp\/v2\/media?parent=1747"}],"wp:term":[{"taxonomy":"product_cat","embeddable":true,"href":"https:\/\/satmediawp.edv-kroiss.com\/en\/wp-json\/wp\/v2\/product_cat?post=1747"},{"taxonomy":"product_tag","embeddable":true,"href":"https:\/\/satmediawp.edv-kroiss.com\/en\/wp-json\/wp\/v2\/product_tag?post=1747"}],"curies":[{"name":"wp","href":"https:\/\/api.w.org\/{rel}","templated":true}]}}