{"id":1766,"date":"2020-02-28T09:45:35","date_gmt":"2020-02-28T09:45:35","guid":{"rendered":"https:\/\/satmediawp.edv-kroiss.com\/produkt\/profi-flachdach-balkonstaender-4-fach-plattenstaender\/"},"modified":"2024-05-17T11:20:21","modified_gmt":"2024-05-17T09:20:21","slug":"profi-flachdach-balkonstaender-4-fach-plattenstaender","status":"publish","type":"product","link":"https:\/\/satmediawp.edv-kroiss.com\/en\/product\/profi-flachdach-balkonstaender-4-fach-plattenstaender\/","title":{"rendered":"Profi Flachdach Balkonstaender 4-fach Plattenst\u00e4nder"},"content":{"rendered":"<p>Unser \u00e4u\u00dferst stabile 4 Platten Balkon St\u00e4nder wiegt 50 % weniger als herk\u00f6mmliche aus  Winkelprofilen zusammengebaute Halter und bietet dennoch mehr  Stabilit\u00e4t.<\/p>\n<p>Dieser 4-Plattenst\u00e4nder ist f\u00fcr quadratische Platten in nahezu jeder Gr\u00f6\u00dfe und in jeder St\u00e4rke geeignet.<\/p>\n<p><b>Features:<\/b><\/p>\n<ul>\n<li>Feuerverzinkte superstabile Ausf\u00fchrung<\/li>\n<li>Geringes Gewicht<\/li>\n<li>Passend f\u00fcr alle Plattengr\u00f6\u00dfen von 30 x 30cm, 40 x 40cm, 50 x 50cm, 60 x 60cm, 30 x 90cm Platten<\/li>\n<li>F\u00fcr rechteckige Platten in jeder St\u00e4rke geeignet&nbsp;<\/li>\n<li>Hohe Standfestigkeit<\/li>\n<li>F\u00fcr bis zu 90 cm Spiegel<\/li>\n<\/ul>\n<p><b><br \/>Bauweise:<\/b><br \/>Bei der neuen Konstruktion werden alle 4 Platten miteinander verschraubt. Dadurch werden die Steinplatten gleichzeitig als unbeweglicher Betonrahmen und als Gewicht genutzt.<br \/>Bei herk\u00f6mmlichen Balkonhaltern werden meistens aus 2 mm dickem Winkelprofilen ein Rahmen konstruiert, in dessen Mitte eine Kreuz Rahmenkonstruktion den Masten h\u00e4lt. <br \/>Darauf werden dann die 4 Platten gelegt.<br \/>Wird der Mast in eine Richtung bewegt, gibt zuerst die Rahmenkonstruktion einige mm nach, bevor das Gewicht der Platten zum Einsatz kommt.<br \/><b><br \/>Technical Data:<\/b><br \/>Mastdurchmesser: 48mm<br \/>Mastl\u00e4nge: 85cm<br \/>Passend zu Plattengr\u00f6\u00dfe: 30 x 30cm, 40 x 40cm,<b> 50 x 50cm<\/b>, 60 x 60cm, 30 x 90cm <br \/>Montierbare Platten: 4<br \/>Gewicht ca. 8,5kg<\/p>\n<p><b>Max. Spiegelgr\u00f6\u00dfe:<\/b><br \/>bei 50cmx50cm, Plattenst\u00e4rke 3cm &nbsp;&nbsp;&nbsp; 1 Spiegel 70cm<br \/>bei 50cmx50cm, Plattenst\u00e4rke 4cm &nbsp;&nbsp;&nbsp; 1 Spiegel 80cm<br \/>bei 50cmx50cm, Plattenst\u00e4rke 5cm &nbsp;&nbsp;&nbsp; 1 Spiegel 90cm<\/p>","protected":false},"excerpt":{"rendered":"<p>Unser \u00e4u\u00dferst stabile 4 Platten Balkon St\u00e4nder wiegt 50 % weniger als herk\u00f6mmliche aus Winkelprofilen zusammengebaute Halter und bietet dennoch mehr Stabilit\u00e4t. [&hellip;]<\/p>","protected":false},"featured_media":1764,"template":"","meta":[],"product_cat":[41,75,49,135],"product_tag":[],"_links":{"self":[{"href":"https:\/\/satmediawp.edv-kroiss.com\/en\/wp-json\/wp\/v2\/product\/1766"}],"collection":[{"href":"https:\/\/satmediawp.edv-kroiss.com\/en\/wp-json\/wp\/v2\/product"}],"about":[{"href":"https:\/\/satmediawp.edv-kroiss.com\/en\/wp-json\/wp\/v2\/types\/product"}],"wp:featuredmedia":[{"embeddable":true,"href":"https:\/\/satmediawp.edv-kroiss.com\/en\/wp-json\/wp\/v2\/media\/1764"}],"wp:attachment":[{"href":"https:\/\/satmediawp.edv-kroiss.com\/en\/wp-json\/wp\/v2\/media?parent=1766"}],"wp:term":[{"taxonomy":"product_cat","embeddable":true,"href":"https:\/\/satmediawp.edv-kroiss.com\/en\/wp-json\/wp\/v2\/product_cat?post=1766"},{"taxonomy":"product_tag","embeddable":true,"href":"https:\/\/satmediawp.edv-kroiss.com\/en\/wp-json\/wp\/v2\/product_tag?post=1766"}],"curies":[{"name":"wp","href":"https:\/\/api.w.org\/{rel}","templated":true}]}}