{"id":1768,"date":"2020-02-28T10:16:12","date_gmt":"2020-02-28T10:16:12","guid":{"rendered":"https:\/\/satmediawp.edv-kroiss.com\/produkt\/profi-flachdach-balkonstaender-xl-8-fach-plattenstaender\/"},"modified":"2024-05-17T11:20:21","modified_gmt":"2024-05-17T09:20:21","slug":"profi-flachdach-balkonstaender-xl-8-fach-plattenstaender","status":"publish","type":"product","link":"https:\/\/satmediawp.edv-kroiss.com\/en\/product\/profi-flachdach-balkonstaender-xl-8-fach-plattenstaender\/","title":{"rendered":"Profi Flachdach Balkonstaender XL 8-fach Plattenst\u00e4nder"},"content":{"rendered":"<p>Unser \u00e4u\u00dferst stabile 8 Platten Balkon St\u00e4nder wiegt 50 % weniger als herk\u00f6mmliche aus  Winkelprofilen zusammengebaute Halter und bietet dennoch mehr  Stabilit\u00e4t. <br \/>Dieser 8-Plattenst\u00e4nder ist f\u00fcr quadratische Platten in nahezu jeder Gr\u00f6\u00dfe und in jeder St\u00e4rke geeignet.<\/p>\n<p><b>Features:<\/b><\/p>\n<ul>\n<li>Feuerverzinkte superstabile Ausf\u00fchrung<\/li>\n<li>Geringes Gewicht<\/li>\n<li>Passend f\u00fcr alle Plattengr\u00f6\u00dfen von 30 x 30cm, 40 x 40cm, 50 x 50cm, 60 x 60cm, 30 x 90cm Platten<\/li>\n<li>F\u00fcr rechteckige Platten in jeder St\u00e4rke geeignet&nbsp;<\/li>\n<li>Hohe Standfestigkeit<\/li>\n<li>F\u00fcr bis zu 110 cm Spiegel<\/li>\n<\/ul>\n<p><b><br \/>Bauweise:<\/b><br \/>Bei der neuen Konstruktion werden alle 8 Platten miteinander verschraubt. Dadurch werden die Steinplatten gleichzeitig als unbeweglicher Betonrahmen und als Gewicht genutzt.<br \/>Bei herk\u00f6mmlichen Balkonhaltern werden meistens aus 2 mm dickem Winkelprofilen ein Rahmen konstruiert, in dessen Mitte eine Kreuz Rahmenkonstruktion den Masten h\u00e4lt. <br \/>Darauf werden dann die 4 bzw. 8 Platten gelegt.<br \/>Wird der Mast in eine Richtung bewegt, gibt zuerst die Rahmenkonstruktion einige mm nach, bevor das Gewicht der Platten zum Einsatz kommt.<br \/><b><br \/>Technical Data:<\/b><br \/>Mastdurchmesser: 48mm<br \/>Mastl\u00e4nge: 85cm<br \/>Passend zu Plattengr\u00f6\u00dfe: 30 x 30cm, 40 x 40cm,<b> 50 x 50cm<\/b>, 60 x 60cm, 30 x 90cm <br \/>Montierbare Platten: 4 bis 8<br \/>Gewicht ca. 8,5kg<\/p>\n<p><b>Max. Spiegelgr\u00f6\u00dfe:<\/b><br \/>bei 50cmx50cm, 2 x Plattenst\u00e4rke 3cm &nbsp;&nbsp;&nbsp; 1 Spiegel 96cm<br \/>bei 50cmx50cm, 2 x Plattenst\u00e4rke 4cm &nbsp;&nbsp;&nbsp; 1 Spiegel 103cm<br \/>bei 50cmx50cm, 2 x Plattenst\u00e4rke 5cm &nbsp;&nbsp;&nbsp; 1 Spiegel 110cm<\/p>\n<p><b>Merkmale Dachschutzmatte (optional)<\/b><br \/>Um die maximale Last eines  Balkon- oder Plattenst\u00e4nders zu nutzen, muss auch die Haftreibung der  Unterlage ber\u00fccksichtigt werden. Steht ein Balkonst\u00e4nder oder  Standgestell aus Metall direkt auf einem Metalldach oder einer anderen  glatten Oberfl\u00e4che, k\u00f6nnen schon leichte Kr\u00e4fte, z.B. durch eine  Windb\u00f6e, ausreichen, um den Halter zu verschieben. Wird jedoch zwischen  Dach und der jeweiligen Halterung eine Gummischutzmatte gelegt, wird die  Haftreibung um ein vielfaches erh\u00f6ht.<\/p>\n<ul>\n<li>Gummi  Hochleistungsschutzmatten f\u00fcr hochwertigen Langzeitschutz vor  mechanischen Besch\u00e4digungen f\u00fcr Abdichtungen und Isolierungen auf Flach-  und Gr\u00fcnd\u00e4chern, Terrassen und Parkdecks<\/li>\n<li>Gummiplatten aus hochwertigem und sortenreinem recycelten Gummigranulat<\/li>\n<li>Best\u00e4ndig gegen S\u00e4uren und Laugen<\/li>\n<li>Wasserdurchl\u00e4ssig, sofort voll belastbar und verrottungsfrei sowie witterungsbest\u00e4ndig<\/li>\n<li>Garantiert gleichbleibende h\u00f6chste Qualit\u00e4t; die Platten behalten ihre Elastizit\u00e4t auch bei hohen dynamischen Dauerlasten<\/li>\n<li>Zus\u00e4tzliche Schallentkopplung<\/li>\n<li>Wasserdampfdiffusion: dampfdurchl\u00e4ssig<\/li>\n<li>Temperaturbest\u00e4ndigkeit: -40\u00b0C bis ca. +130\u00b0C<\/li>\n<li>Druckspannungs-Verformungseigenschaften: DIN EN ISO 3386-2)<br \/>&nbsp;&nbsp;&nbsp; CC25: 0,47 MPa<br \/>&nbsp;&nbsp;&nbsp; CC40: 1,51 MPa<br \/>&nbsp;&nbsp;&nbsp; CC50: 4,20 MPa<\/li>\n<li>Brandklasse * (DIN 4102-1 Abschnitt 6.2): B2 bestanden<\/li>\n<li>Abmessungen (L x B x H): 105 cm x 105 cm x 0,8 cm<\/li>\n<li>Farbe: schwarz<\/li>\n<\/ul>","protected":false},"excerpt":{"rendered":"<p>Unser \u00e4u\u00dferst stabile 8 Platten Balkon St\u00e4nder wiegt 50 % weniger als herk\u00f6mmliche aus Winkelprofilen zusammengebaute Halter und bietet dennoch mehr Stabilit\u00e4t. [&hellip;]<\/p>","protected":false},"featured_media":1767,"template":"","meta":[],"product_cat":[41,75,49,135],"product_tag":[],"_links":{"self":[{"href":"https:\/\/satmediawp.edv-kroiss.com\/en\/wp-json\/wp\/v2\/product\/1768"}],"collection":[{"href":"https:\/\/satmediawp.edv-kroiss.com\/en\/wp-json\/wp\/v2\/product"}],"about":[{"href":"https:\/\/satmediawp.edv-kroiss.com\/en\/wp-json\/wp\/v2\/types\/product"}],"wp:featuredmedia":[{"embeddable":true,"href":"https:\/\/satmediawp.edv-kroiss.com\/en\/wp-json\/wp\/v2\/media\/1767"}],"wp:attachment":[{"href":"https:\/\/satmediawp.edv-kroiss.com\/en\/wp-json\/wp\/v2\/media?parent=1768"}],"wp:term":[{"taxonomy":"product_cat","embeddable":true,"href":"https:\/\/satmediawp.edv-kroiss.com\/en\/wp-json\/wp\/v2\/product_cat?post=1768"},{"taxonomy":"product_tag","embeddable":true,"href":"https:\/\/satmediawp.edv-kroiss.com\/en\/wp-json\/wp\/v2\/product_tag?post=1768"}],"curies":[{"name":"wp","href":"https:\/\/api.w.org\/{rel}","templated":true}]}}