{"id":1781,"date":"2020-04-15T15:18:28","date_gmt":"2020-04-15T15:18:28","guid":{"rendered":"https:\/\/satmediawp.edv-kroiss.com\/produkt\/automatischer-fluessigkeitsspender-280ml-edelstahl-sichtfenster-beruehrungslos-mit-sensor\/"},"modified":"2024-05-17T13:43:03","modified_gmt":"2024-05-17T11:43:03","slug":"automatischer-fluessigkeitsspender-280ml-edelstahl-sichtfenster-beruehrungslos-mit-sensor","status":"publish","type":"product","link":"https:\/\/satmediawp.edv-kroiss.com\/en\/product\/automatischer-fluessigkeitsspender-280ml-edelstahl-sichtfenster-beruehrungslos-mit-sensor\/","title":{"rendered":"Automatischer Fl\u00fcssigkeitsspender 280ml Edelstahl Sichtfenster Ber\u00fchrungslos mit Sensor"},"content":{"rendered":"<p><span class=\"tlid-translation translation\" lang=\"en\"><b>Ab Lager O\u00d6 sofort lieferbar &#8211; Gro\u00dfmengen Anfragen und Lieferung per Rechnung (Email senden) m\u00f6glich.<\/b><\/p>\n<p>Qualit\u00e4ts Spender aus Edelstahl (keine g\u00fcnstige Edelstahl Kunststoffoptik), Sichtfenster und Schlauchpumpe. <br \/>Inhalt kommt nicht mit Pumpe in Ber\u00fchrung!<\/p>\n<p><\/span>   Dieser Ber\u00fchrungslose automatische Edelstahl Spender ist geeignet f\u00fcr alle Arten von viskosen Fl\u00fcssigkeiten wie Desinfektionsmittelgel (Sicherheitshinweise beachten), Handseifen, Duschgels, Shampoos usw.<br \/>   Der Batteriebetriebene Spender ist hygienisch, bequem und erfordert keine Einstellungen.<br \/>Verwendung in Restaurants, Hotels, K\u00fcchen, B\u00e4dern, B\u00fcrogeb\u00e4uden, Krankenh\u00e4usern, Banken usw.<\/p>\n<p>   Eigenschaften:<br \/>1. Infrarotsensor: Steuerung durch moderne Infrarot K\u00f6rperinspektionstechnologie.<br \/>2. Sicherheit und Hygiene: Eine Ber\u00fchrung des Desinfektionsmittelspenders ist nicht notwendig.<br \/>3. Praktisch: Einfache Bef\u00fcllung, Sichtfenster zum Tank.<br \/>   3. Sch\u00f6ne Dekoration: Das Formdesign ist exquisit und kompakt.<\/p>\n<p>Spezifikation:<br \/>Material: Edelstahl + ABS<br \/>Maximale Kapazit\u00e4t: 280 ml<br \/>Erfassungsbereich: \u22648cm<br \/>Ausgabe: ca. 0,5ml\/1ml bei visoken Gels, ca. 1,5\/2,5ml bei Fl\u00fcssigkeiten<br \/>Induktionszeit: 0,5 Sekunden<br \/>   Batterie: 4 x AAA-Batterien (nicht enthalten)<br \/>Ma\u00dfe: ca 10.5cm x 7.5cm x 18.5cm<br \/>F\u00fcllmenge: ca. 280ml<br \/>Farbe: Silber, Edelstahl<\/p>\n<p>Vorsichtsma\u00dfnahmen f\u00fcr die Verwendung:<br \/>Elektronische Sensorsysteme neigen dazu, bei Kontakt mit Wasser zu versagen.<br \/>1. Stellen Sie den Spender nicht auf den Wasserstand.<br \/>2. Sp\u00fclen Sie die Flasche nicht direkt aus.<br \/>3. Vermeiden Sie direkte Sonneneinstrahlung.<\/p>\n<p style=\"-webkit-font-smoothing: antialiased; -webkit-tap-highlight-color: transparent; margin: 0px 0px 10px; padding: 0px; border: 0px; outline: 0px; box-sizing: border-box; color: rgb(51, 55, 69); font-family: &quot;Open Sans&quot;; font-size: 13px; font-style: normal; font-variant-ligatures: normal; font-variant-caps: normal; font-weight: 400; letter-spacing: normal; orphans: 2; text-align: start; text-indent: 0px; text-transform: none; white-space: normal; widows: 2; word-spacing: 0px; -webkit-text-stroke-width: 0px; text-decoration-style: initial; text-decoration-color: initial;\"><b style=\"-webkit-font-smoothing: antialiased; -webkit-tap-highlight-color: transparent; margin: 0px; padding: 0px; border: 0px; outline: 0px; box-sizing: border-box;\">Sicherheitshinweise:<\/b><br style=\"-webkit-font-smoothing: antialiased; -webkit-tap-highlight-color: transparent; box-sizing: border-box;\">&nbsp;&nbsp;&nbsp; Automatische Sensor Spender verf\u00fcgen \u00fcber Batterien und elektromagnetische Bauteile.<br style=\"-webkit-font-smoothing: antialiased; -webkit-tap-highlight-color: transparent; box-sizing: border-box;\">&nbsp;&nbsp;&nbsp; Verwenden Sie ausschlie\u00dflich nicht entflammbare Fl\u00fcssigkeiten. Bei Desinfektionsmitteln beachten Sie die Sicherheitshinweise.<br style=\"-webkit-font-smoothing: antialiased; -webkit-tap-highlight-color: transparent; box-sizing: border-box;\">&nbsp;&nbsp;&nbsp;&nbsp;Kennzeichnungsfreie Desinfektionsmittel sind nicht entflammbar und Sicher in Lagerung und Transport.<br style=\"-webkit-font-smoothing: antialiased; -webkit-tap-highlight-color: transparent; box-sizing: border-box;\">&nbsp;&nbsp;&nbsp;<span>&nbsp;<\/span><span class=\"tlid-translation translation\" style=\"-webkit-font-smoothing: antialiased; -webkit-tap-highlight-color: transparent; margin: 0px; padding: 0px; border: 0px; outline: 0px; box-sizing: border-box;\" lang=\"en\">Nicht entflammbare Desinfektionsmittel werden u.a. von Saniris, Aseptic, Wasseralm, Losano, O3 Solution, Sure, Dr. Becher angeboten und sind auch direkt \u00fcber uns erh\u00e4ltlich.<br style=\"-webkit-font-smoothing: antialiased; -webkit-tap-highlight-color: transparent; box-sizing: border-box;\"><\/span>&nbsp;&nbsp;&nbsp; Weitere Sicherheitshinweise entnehmen Sie aus den Sicherheitsdatenbl\u00e4tter der Desinfektionsmittel.<\/p>\n<p><span class=\"tlid-translation translation\" lang=\"en\"><\/span><\/p>","protected":false},"excerpt":{"rendered":"<p>Ab Lager O\u00d6 sofort lieferbar &#8211; Gro\u00dfmengen Anfragen und Lieferung per Rechnung (Email senden) m\u00f6glich. Qualit\u00e4ts Spender aus Edelstahl (keine g\u00fcnstige Edelstahl [&hellip;]<\/p>","protected":false},"featured_media":1778,"template":"","meta":[],"product_cat":[79,84],"product_tag":[],"_links":{"self":[{"href":"https:\/\/satmediawp.edv-kroiss.com\/en\/wp-json\/wp\/v2\/product\/1781"}],"collection":[{"href":"https:\/\/satmediawp.edv-kroiss.com\/en\/wp-json\/wp\/v2\/product"}],"about":[{"href":"https:\/\/satmediawp.edv-kroiss.com\/en\/wp-json\/wp\/v2\/types\/product"}],"wp:featuredmedia":[{"embeddable":true,"href":"https:\/\/satmediawp.edv-kroiss.com\/en\/wp-json\/wp\/v2\/media\/1778"}],"wp:attachment":[{"href":"https:\/\/satmediawp.edv-kroiss.com\/en\/wp-json\/wp\/v2\/media?parent=1781"}],"wp:term":[{"taxonomy":"product_cat","embeddable":true,"href":"https:\/\/satmediawp.edv-kroiss.com\/en\/wp-json\/wp\/v2\/product_cat?post=1781"},{"taxonomy":"product_tag","embeddable":true,"href":"https:\/\/satmediawp.edv-kroiss.com\/en\/wp-json\/wp\/v2\/product_tag?post=1781"}],"curies":[{"name":"wp","href":"https:\/\/api.w.org\/{rel}","templated":true}]}}