{"id":1803,"date":"2020-04-21T16:26:07","date_gmt":"2020-04-21T16:26:07","guid":{"rendered":"https:\/\/satmediawp.edv-kroiss.com\/produkt\/edelstahl-staender-mit-automatischem-desinfektionsmittelspender-700ml-edelstahl-beruehrungslos-5l-desinfektionsmittel-handgel\/"},"modified":"2024-05-17T13:43:03","modified_gmt":"2024-05-17T11:43:03","slug":"edelstahl-staender-mit-automatischem-desinfektionsmittelspender-700ml-edelstahl-beruehrungslos-5l-desinfektionsmittel-handgel","status":"publish","type":"product","link":"https:\/\/satmediawp.edv-kroiss.com\/en\/product\/edelstahl-staender-mit-automatischem-desinfektionsmittelspender-700ml-edelstahl-beruehrungslos-5l-desinfektionsmittel-handgel\/","title":{"rendered":"Edelstahl St\u00e4nder mit Automatischem Desinfektionsmittelspender 700ml Edelstahl Ber\u00fchrungslos + 5l Desinfektionsmittel Handgel"},"content":{"rendered":"<p><span class=\"tlid-translation translation\" lang=\"en\"><span class=\"tlid-translation translation\" lang=\"en\"><b>Ab Lager O\u00d6 sofort lieferbar &#8211; Gro\u00dfmengen Anfragen und Lieferung per Rechnung (Email senden) m\u00f6glich.<\/b><br \/><\/span><b><br \/>Komplette Edelstahlausf\u00fchrung!<\/b><\/p>\n<p>Gesamth\u00f6he ca: 150cm<br \/>Spenderausgabe ca: 101cm<br \/>Stabiler Edelstahl 3 Punkt Standfu\u00df<br \/>Inkl. Edelstahlplatte f\u00fcr Schildfolie 30x20cm (Motiv als Aufkleber bitte extra bestellen)<br \/>inkl. abnehmbarer Auffangschale<br \/>inkl. 5 x 1l hautschonendes alkoholfreies antiseptisches Handgel Desinfektionsmittel<br \/><\/span><\/p>\n<p><span class=\"tlid-translation translation\" lang=\"en\"><\/span><br \/><span class=\"tlid-translation translation\" lang=\"en\">Dieser Ber\u00fchrungslose automatische Edelstahl Spender ist geeignet f\u00fcr  alle Arten von fl\u00fcssigen und viskosen Fl\u00fcssigkeiten wie Desinfektionsmittel (Sicherheitshinweise beachten), Handseifen, Duschgels,  Shampoos usw.<br \/>   Der batteriebetriebene Spender ist hygienisch, bequem und erfordert keine Einstellungen.<br \/>Verwendung in Restaurants, Hotels, K\u00fcchen, B\u00e4dern, B\u00fcrogeb\u00e4uden, Krankenh\u00e4usern, Banken usw.<\/p>\n<p>   <b>Eigenschaften:<\/b><br \/><\/span><\/p>\n<ul>\n<li><span> 5 stufige Mengen  Anpassung\uff1aDas Volumen kann mittels der Multifunktionstaste von 0.5 ml  bis 2.5 ml bei GEL bzw. 1.0ml bis 5.0ml bei Fl\u00fcssigkeiten eingestellt  werden. Die voreingestellte Fl\u00fcssigkeitsmenge betr\u00e4gt 1 ml\/GEL bzw.  2ml\/fl\u00fcssig. <\/span><\/li>\n<li><span>  Sicher und Hygienisch\uff1aBer\u00fchrungslos dank Infrarot Sensor optimal  geeignet f\u00fcr Desinfektionsmittel (Sicherheitshinweise beachten) und andere  Fl\u00fcssigkeiten (zB. Seife, Lotions, Shampoo, &#8230;)<br \/><\/span><\/li>\n<li><span>  Robust, Stilvoll und Einfach in der Montage: Einfache Wandbefestigung inklusive<br \/><\/span><\/li>\n<li><span>Energiesparfunktion: Sch\u00fctzt die Batterien, gew\u00e4hrt lange Laufzeit. <br \/><\/span><\/li>\n<li><span>  700ml Gro\u00dfe Kapazit\u00e4t, Auslauf-sicher und Wasserdicht\uff1aHIPE  Kunststoffbeh\u00e4lter mit versiegelten elektronischen Komponenten f\u00fcr eine  sichere Verwendung. <\/span><\/li>\n<li><span>Schlauchpumpe: Inhalt kommt nicht mit Pumpe in Ber\u00fchrung.<br \/><\/span><\/li>\n<li><span>Nur f\u00fcr Innenbetrieb geeignet. Nicht geeignet im Freien \/ bei Sonnenlichteinstrahlung.<br \/><\/span><\/li>\n<li><span>  2 Jahre Garantie\uff1a350000 Testl\u00e4ufe  bestanden.<\/span><\/li>\n<\/ul>\n<p><b>Spezifikation:<\/b><\/p>\n<ul>\n<li>Material: Edelstahl + ABS<\/li>\n<li>Maximale Kapazit\u00e4t: 700 ml<\/li>\n<li>Erfassungsbereich: 5-15cm<\/li>\n<li>Induktionszeit: 0,5 Sekunden<\/li>\n<li>Batterie: 6 x AA-Batterien (nicht enthalten)<\/li>\n<li>Ma\u00dfe Durchmesser x H\u00f6he: ca 10cm x 22cm<\/li>\n<li>F\u00fcllmenge: ca. 700ml<\/li>\n<li>Farbe: Silber, Edelstahl<\/li>\n<\/ul>\n<p><\/p>\n<p><b>Sicherheitshinweise:<\/b><\/p>\n<p>&nbsp;&nbsp;&nbsp; CE Gepr\u00fcft nach EN 55014-1:2017, EN 55014-2:2015<br \/>&nbsp;&nbsp;&nbsp; Automatische Sensor Spender verf\u00fcgen \u00fcber Batterien und elektromagnetische Bauteile. <br \/>&nbsp;&nbsp;&nbsp; Verwenden Sie keine leicht entflammbaren Fl\u00fcssigkeiten. Bei Desinfektionsmitteln beachten Sie die Sicherheitshinweise.<br \/>&nbsp;&nbsp;&nbsp;&nbsp;Kennzeichnungsfreie Desinfektionsmittel sind nicht entflammbar und Sicher in Lagerung und Transport.<br \/>&nbsp;&nbsp;&nbsp; <span class=\"tlid-translation translation\" lang=\"en\">Nicht  entflammbare Desinfektionsmittel werden u.a. von Saniris Aseptic,  Wasseralm, Losano, O3 Solution, Sure, Dr. Becher angeboten und sind auch  direkt \u00fcber uns erh\u00e4ltlich.<br \/><\/span>&nbsp;&nbsp;&nbsp; Weitere Sicherheitshinweise entnehmen Sie aus den Sicherheitsdatenbl\u00e4tter der Desinfektionsmittel.<span class=\"tlid-translation translation\" lang=\"en\"><br \/><\/span><span class=\"tlid-translation translation\" lang=\"en\"><\/p>\n<p><\/span><\/p>\n<p><span class=\"tlid-translation translation\" lang=\"en\"><\/span><\/p>","protected":false},"excerpt":{"rendered":"<p>Ab Lager O\u00d6 sofort lieferbar &#8211; Gro\u00dfmengen Anfragen und Lieferung per Rechnung (Email senden) m\u00f6glich.Komplette Edelstahlausf\u00fchrung! Gesamth\u00f6he ca: 150cmSpenderausgabe ca: 101cmStabiler Edelstahl [&hellip;]<\/p>","protected":false},"featured_media":1797,"template":"","meta":[],"product_cat":[79,84],"product_tag":[],"_links":{"self":[{"href":"https:\/\/satmediawp.edv-kroiss.com\/en\/wp-json\/wp\/v2\/product\/1803"}],"collection":[{"href":"https:\/\/satmediawp.edv-kroiss.com\/en\/wp-json\/wp\/v2\/product"}],"about":[{"href":"https:\/\/satmediawp.edv-kroiss.com\/en\/wp-json\/wp\/v2\/types\/product"}],"wp:featuredmedia":[{"embeddable":true,"href":"https:\/\/satmediawp.edv-kroiss.com\/en\/wp-json\/wp\/v2\/media\/1797"}],"wp:attachment":[{"href":"https:\/\/satmediawp.edv-kroiss.com\/en\/wp-json\/wp\/v2\/media?parent=1803"}],"wp:term":[{"taxonomy":"product_cat","embeddable":true,"href":"https:\/\/satmediawp.edv-kroiss.com\/en\/wp-json\/wp\/v2\/product_cat?post=1803"},{"taxonomy":"product_tag","embeddable":true,"href":"https:\/\/satmediawp.edv-kroiss.com\/en\/wp-json\/wp\/v2\/product_tag?post=1803"}],"curies":[{"name":"wp","href":"https:\/\/api.w.org\/{rel}","templated":true}]}}