{"id":1806,"date":"2020-04-30T15:46:29","date_gmt":"2020-04-30T15:46:29","guid":{"rendered":"https:\/\/satmediawp.edv-kroiss.com\/produkt\/motiv-richtig-haende-desinfizieren-en-1500-aufkleber-fuer-edelstahlstaender\/"},"modified":"2024-05-17T11:20:20","modified_gmt":"2024-05-17T09:20:20","slug":"motiv-richtig-haende-desinfizieren-en-1500-aufkleber-fuer-edelstahlstaender","status":"publish","type":"product","link":"https:\/\/satmediawp.edv-kroiss.com\/en\/product\/motiv-richtig-haende-desinfizieren-en-1500-aufkleber-fuer-edelstahlstaender\/","title":{"rendered":"Subject to disinfect Right hands to EN 1500 sticker for stainless steel stand"},"content":{"rendered":"<p>Motiv Richtig H\u00e4nde desinfizieren EN 1500 Aufkleber f\u00fcr Edelstahlst\u00e4nder als selbstklebende Folie.<br \/>Format: 30 x 20 cm<\/p>\n<p><span class=\"tlid-translation translation\" lang=\"en\"><\/span><\/p>","protected":false},"excerpt":{"rendered":"<p>Motiv Richtig H\u00e4nde desinfizieren EN 1500 Aufkleber f\u00fcr Edelstahlst\u00e4nder als selbstklebende Folie.Format: 30 x 20 cm<\/p>","protected":false},"featured_media":1805,"template":"","meta":[],"product_cat":[79,84],"product_tag":[],"_links":{"self":[{"href":"https:\/\/satmediawp.edv-kroiss.com\/en\/wp-json\/wp\/v2\/product\/1806"}],"collection":[{"href":"https:\/\/satmediawp.edv-kroiss.com\/en\/wp-json\/wp\/v2\/product"}],"about":[{"href":"https:\/\/satmediawp.edv-kroiss.com\/en\/wp-json\/wp\/v2\/types\/product"}],"wp:featuredmedia":[{"embeddable":true,"href":"https:\/\/satmediawp.edv-kroiss.com\/en\/wp-json\/wp\/v2\/media\/1805"}],"wp:attachment":[{"href":"https:\/\/satmediawp.edv-kroiss.com\/en\/wp-json\/wp\/v2\/media?parent=1806"}],"wp:term":[{"taxonomy":"product_cat","embeddable":true,"href":"https:\/\/satmediawp.edv-kroiss.com\/en\/wp-json\/wp\/v2\/product_cat?post=1806"},{"taxonomy":"product_tag","embeddable":true,"href":"https:\/\/satmediawp.edv-kroiss.com\/en\/wp-json\/wp\/v2\/product_tag?post=1806"}],"curies":[{"name":"wp","href":"https:\/\/api.w.org\/{rel}","templated":true}]}}