{"id":1809,"date":"2020-05-07T14:55:41","date_gmt":"2020-05-07T14:55:41","guid":{"rendered":"https:\/\/satmediawp.edv-kroiss.com\/produkt\/hand-desinfektionsmittel-fluessig-1l-holludes-promano-et\/"},"modified":"2024-05-17T11:20:20","modified_gmt":"2024-05-17T09:20:20","slug":"hand-desinfektionsmittel-fluessig-1l-holludes-promano-et","status":"publish","type":"product","link":"https:\/\/satmediawp.edv-kroiss.com\/en\/product\/hand-desinfektionsmittel-fluessig-1l-holludes-promano-et\/","title":{"rendered":"Hand Desinfektionsmittel fl\u00fcssig 1l holludes Promano ET"},"content":{"rendered":"<p>Fl\u00fcssige alkoholische H\u00e4ndedesinfektion auf Basis Ethanol.<br \/> Wirksam  gegen\u00fcber Bakterien &amp; Hefen und wirksam gegen\u00fcber beh\u00fcllten Viren  (begrenzt viruzid).<\/p>\n<p><span class=\"tlid-translation translation\" lang=\"en\"><\/span><\/p>","protected":false},"excerpt":{"rendered":"<p>Fl\u00fcssige alkoholische H\u00e4ndedesinfektion auf Basis Ethanol. Wirksam gegen\u00fcber Bakterien &amp; Hefen und wirksam gegen\u00fcber beh\u00fcllten Viren (begrenzt viruzid).<\/p>","protected":false},"featured_media":578,"template":"","meta":[],"product_cat":[79,89],"product_tag":[],"_links":{"self":[{"href":"https:\/\/satmediawp.edv-kroiss.com\/en\/wp-json\/wp\/v2\/product\/1809"}],"collection":[{"href":"https:\/\/satmediawp.edv-kroiss.com\/en\/wp-json\/wp\/v2\/product"}],"about":[{"href":"https:\/\/satmediawp.edv-kroiss.com\/en\/wp-json\/wp\/v2\/types\/product"}],"wp:featuredmedia":[{"embeddable":true,"href":"https:\/\/satmediawp.edv-kroiss.com\/en\/wp-json\/wp\/v2\/media\/578"}],"wp:attachment":[{"href":"https:\/\/satmediawp.edv-kroiss.com\/en\/wp-json\/wp\/v2\/media?parent=1809"}],"wp:term":[{"taxonomy":"product_cat","embeddable":true,"href":"https:\/\/satmediawp.edv-kroiss.com\/en\/wp-json\/wp\/v2\/product_cat?post=1809"},{"taxonomy":"product_tag","embeddable":true,"href":"https:\/\/satmediawp.edv-kroiss.com\/en\/wp-json\/wp\/v2\/product_tag?post=1809"}],"curies":[{"name":"wp","href":"https:\/\/api.w.org\/{rel}","templated":true}]}}