{"id":1811,"date":"2020-05-07T15:04:20","date_gmt":"2020-05-07T15:04:20","guid":{"rendered":"https:\/\/satmediawp.edv-kroiss.com\/produkt\/hand-desinfektionsmittel-fluessig-950ml-holludes-promano-med-hautschonend-en-14476\/"},"modified":"2024-05-17T11:20:20","modified_gmt":"2024-05-17T09:20:20","slug":"hand-desinfektionsmittel-fluessig-950ml-holludes-promano-med-hautschonend-en-14476","status":"publish","type":"product","link":"https:\/\/satmediawp.edv-kroiss.com\/en\/product\/hand-desinfektionsmittel-fluessig-950ml-holludes-promano-med-hautschonend-en-14476\/","title":{"rendered":"Hand Desinfektionsmittel fl\u00fcssig 950ml holludes Promano MED Hautschonend EN 14476"},"content":{"rendered":"<p>950ml zum Nachf\u00fcllen f\u00fcr Desinfektionsmittelspender.<br \/>Fl\u00fcssige alkoholische H\u00e4ndedesinfektion auf OHNE Ethanol &#8211; Haut-schonend und leicht r\u00fcckfettend, Farbstoff- und Parf\u00fcmfrei, Ethanolfrei.<br \/> Wirksam  gegen\u00fcber Bakterien &amp; Hefen und wirksam gegen\u00fcber beh\u00fcllten Viren, Noroviren und Adenoviren (begrenzt viruzid PLUS) nach EN 14476.<\/p>\n<p><span class=\"tlid-translation translation\" lang=\"en\"><\/span><\/p>","protected":false},"excerpt":{"rendered":"<p>950ml zum Nachf\u00fcllen f\u00fcr Desinfektionsmittelspender.Fl\u00fcssige alkoholische H\u00e4ndedesinfektion auf OHNE Ethanol &#8211; Haut-schonend und leicht r\u00fcckfettend, Farbstoff- und Parf\u00fcmfrei, Ethanolfrei. Wirksam gegen\u00fcber Bakterien [&hellip;]<\/p>","protected":false},"featured_media":1810,"template":"","meta":[],"product_cat":[79,89],"product_tag":[],"_links":{"self":[{"href":"https:\/\/satmediawp.edv-kroiss.com\/en\/wp-json\/wp\/v2\/product\/1811"}],"collection":[{"href":"https:\/\/satmediawp.edv-kroiss.com\/en\/wp-json\/wp\/v2\/product"}],"about":[{"href":"https:\/\/satmediawp.edv-kroiss.com\/en\/wp-json\/wp\/v2\/types\/product"}],"wp:featuredmedia":[{"embeddable":true,"href":"https:\/\/satmediawp.edv-kroiss.com\/en\/wp-json\/wp\/v2\/media\/1810"}],"wp:attachment":[{"href":"https:\/\/satmediawp.edv-kroiss.com\/en\/wp-json\/wp\/v2\/media?parent=1811"}],"wp:term":[{"taxonomy":"product_cat","embeddable":true,"href":"https:\/\/satmediawp.edv-kroiss.com\/en\/wp-json\/wp\/v2\/product_cat?post=1811"},{"taxonomy":"product_tag","embeddable":true,"href":"https:\/\/satmediawp.edv-kroiss.com\/en\/wp-json\/wp\/v2\/product_tag?post=1811"}],"curies":[{"name":"wp","href":"https:\/\/api.w.org\/{rel}","templated":true}]}}