{"id":1813,"date":"2020-05-07T15:13:45","date_gmt":"2020-05-07T15:13:45","guid":{"rendered":"https:\/\/satmediawp.edv-kroiss.com\/produkt\/hand-desinfektionsmittel-fluessig-500ml-holludes-promano-et\/"},"modified":"2024-05-17T11:20:20","modified_gmt":"2024-05-17T09:20:20","slug":"hand-desinfektionsmittel-fluessig-500ml-holludes-promano-et","status":"publish","type":"product","link":"https:\/\/satmediawp.edv-kroiss.com\/en\/product\/hand-desinfektionsmittel-fluessig-500ml-holludes-promano-et\/","title":{"rendered":"Hand disinfectant liquid 500ml holludes Promano ET"},"content":{"rendered":"<p>Fl\u00fcssige alkoholische H\u00e4ndedesinfektion auf Basis Ethanol.<br \/> Wirksam  gegen\u00fcber Bakterien &amp; Hefen und wirksam gegen\u00fcber beh\u00fcllten Viren  (begrenzt viruzid).<\/p>\n<p><span class=\"tlid-translation translation\" lang=\"en\"><\/span><\/p>","protected":false},"excerpt":{"rendered":"<p>Fl\u00fcssige alkoholische H\u00e4ndedesinfektion auf Basis Ethanol. Wirksam gegen\u00fcber Bakterien &amp; Hefen und wirksam gegen\u00fcber beh\u00fcllten Viren (begrenzt viruzid).<\/p>","protected":false},"featured_media":1812,"template":"","meta":[],"product_cat":[79,89],"product_tag":[],"_links":{"self":[{"href":"https:\/\/satmediawp.edv-kroiss.com\/en\/wp-json\/wp\/v2\/product\/1813"}],"collection":[{"href":"https:\/\/satmediawp.edv-kroiss.com\/en\/wp-json\/wp\/v2\/product"}],"about":[{"href":"https:\/\/satmediawp.edv-kroiss.com\/en\/wp-json\/wp\/v2\/types\/product"}],"wp:featuredmedia":[{"embeddable":true,"href":"https:\/\/satmediawp.edv-kroiss.com\/en\/wp-json\/wp\/v2\/media\/1812"}],"wp:attachment":[{"href":"https:\/\/satmediawp.edv-kroiss.com\/en\/wp-json\/wp\/v2\/media?parent=1813"}],"wp:term":[{"taxonomy":"product_cat","embeddable":true,"href":"https:\/\/satmediawp.edv-kroiss.com\/en\/wp-json\/wp\/v2\/product_cat?post=1813"},{"taxonomy":"product_tag","embeddable":true,"href":"https:\/\/satmediawp.edv-kroiss.com\/en\/wp-json\/wp\/v2\/product_tag?post=1813"}],"curies":[{"name":"wp","href":"https:\/\/api.w.org\/{rel}","templated":true}]}}