{"id":1826,"date":"2020-06-04T16:21:31","date_gmt":"2020-06-04T16:21:31","guid":{"rendered":"https:\/\/satmediawp.edv-kroiss.com\/produkt\/aseptic-1-liter-aquaclean-hautfreundliches-haendedesinfektionsmittel-alkoholfrei\/"},"modified":"2024-05-17T11:20:20","modified_gmt":"2024-05-17T09:20:20","slug":"aseptic-1-liter-aquaclean-hautfreundliches-haendedesinfektionsmittel-alkoholfrei","status":"publish","type":"product","link":"https:\/\/satmediawp.edv-kroiss.com\/en\/product\/aseptic-1-liter-aquaclean-hautfreundliches-haendedesinfektionsmittel-alkoholfrei\/","title":{"rendered":"Aseptic 1 Liter AquaClean hautfreundliches H\u00e4ndedesinfektionsmittel (alkoholfrei)"},"content":{"rendered":"<p><b>H\u00e4nde-Desinfektionsmittel ASEPTIC AQUA CLEAN<\/b><\/p>\n<ul class=\"innerList defaultList\">\n<li>Optimal geeignet f\u00fcr automatische Spender<\/li>\n<li>Leistungsstarke antivirale und antibakterielle Desinfektion f\u00fcr die H\u00e4nde<\/li>\n<li>Wirksam gegen eine Vielzahl von Viren und Bakterien<\/li>\n<li>Frei von Alkohol und Duftstoffen und schonend f\u00fcr die H\u00e4nde<\/li>\n<li>F\u00fcr schnelles Handeln und h\u00e4ufigen Gebrauch entwickelt<\/li>\n<li>Nicht brennbar und im trockenen Zustand nicht klebrig<\/li>\n<li>Umweltfreundliche Nachf\u00fcllpackungen<\/li>\n<\/ul>\n<p><b>Wirksamkeit<\/b><\/p>\n<ul>\n<li>Leistungsstarke antivirale und antibakterielle Desinfektion f\u00fcr Ihre H\u00e4nde. <\/li>\n<li>T\u00f6tet 99,9% der Keime in 30 Sekunden ab<\/li>\n<li>Wirkt gegen Pilzsporen und Hefe<\/li>\n<li>Wirkt gegen Clostridium Difficile<\/li>\n<\/ul>\n<p><b>Eigenschaften<\/b><\/p>\n<ul>\n<li>Frei von Alkohol und Duftstoffen<\/li>\n<li>Trocknet oder reizt die Haut nicht.<\/li>\n<li>Benzalkoniumchlorid (BKC) 0,2% als aktiver Wirkstoff<\/li>\n<li>Nicht brennbar. Triclosanfrei.<\/li>\n<li>Qualit\u00e4tsgepr\u00fcft und mit einer Spezifikation und einem Analysezertifikat versehen<\/li>\n<li>Auch f\u00fcr Kinder geeignet, unter 6 Jahre nur unter Aufsicht von Erwachsenen, nicht bei Kleinkindern anwenden. <\/li>\n<\/ul>\n<p><b>Inhaltsstoffe<\/b><\/p>\n<ul>\n<li>Benzalkoniumchlorid 0,2 %<\/li>\n<li>Propylenglykol<\/li>\n<li>Glycerin<\/li>\n<li>Phenoxyethanol<\/li>\n<li>EDTA<\/li>\n<li>Triethanolamin<\/li>\n<li>Wasser<\/li>\n<\/ul>\n<p><b>Specifications<\/b><\/p>\n<ul>\n<li>Aussehen: Klar, farblos und geruchlos <\/li>\n<li>L\u00f6slichkeit: Wasserl\u00f6sliche w\u00e4ssrige L\u00f6sung <\/li>\n<li>pH-Wert: 7,0 bis 8,0<\/li>\n<li>Dichte (kg\/l): 1,02<\/li>\n<li>Viskosit\u00e4t: Frei flie\u00dfend, \u00e4hnlich wie Wasser<\/li>\n<\/ul>\n<p><b><br \/>Warnhinweise<\/b><\/p>\n<p>Gefahrgut- &amp; Sicherheitshinweis: H400, P273, P391<br \/>Nur zur \u00e4u\u00dferlichen Anwendung. Bei Kontakt mit den Augen gr\u00fcndlich mit Wasser aussp\u00fclen. Wenn Hautreizungen und R\u00f6tungen auftreten, Produkt nicht mehr verwenden und einen Arzt konsultieren. Au\u00dfer Reichweite von Kindern aufbewahren. Nicht bei Kleinkindern anwenden.<\/p>\n<p>Unser alkoholfreies H\u00e4nde-Desinfektionsmittel entspricht der EU-Verordnung \u00fcber Biozid Produkte (EU) 528\/2012, der Verordnung (EG) Nr. 1907\/2006 und dem Rat vom 18. Dezember 2006 \u00fcber die Registrierung, Bewertung, Zulassung und Beschr\u00e4nkung von Chemikalien (REACH). (in der ge\u00e4nderten Fassung), Verordnung (EG) Nr. 1272\/2008 \u00fcber die Einstufung, Kennzeichnung und Verpackung von Stoffen und Gemischen.<\/p>\n<p>&nbsp;&nbsp;&nbsp; Entspricht dem europ\u00e4ischen Test BS EN 1276 und t\u00f6tet 99,9% der Keime in 30 Sekunden ab.<br \/>&nbsp;&nbsp;&nbsp; Entspricht BS EN 1500 Chemische Desinfektionsmittel und Antiseptika.<br \/>&nbsp;&nbsp;&nbsp; Entspricht BS EN 13704: 2002 und ist gegen Clostridium Difficile wirksam.<br \/>&nbsp;&nbsp;&nbsp; Entspricht BS EN14476: 2005 und wirkt gegen Viren.<br \/>&nbsp;&nbsp;&nbsp; Entspricht BS EN13624: 2013 und wirkt gegen Pilzsporen und Hefe.<\/p>\n<p><b>Qualit\u00e4tssicherung \/ Qualit\u00e4tskontrolle<\/b><\/p>\n<p>&nbsp;&nbsp;&nbsp; Alle Fabriken werden vom Personal f\u00fcr BIP-Konformit\u00e4t gepr\u00fcft und genehmigt.<br \/>&nbsp;&nbsp;&nbsp; Alle Produkte werden in einem von der Regierung zugelassenen unabh\u00e4ngigen Drittlabor getestet.<br \/>&nbsp;&nbsp;&nbsp; Alle Produkte werden am Ende der Haltbarkeitspr\u00fcfung einer Stabilit\u00e4tsstudie unterzogen.<br \/>&nbsp;&nbsp;&nbsp; Die Produkte werden unter Aufsicht der Qualit\u00e4tssicherung hergestellt, wobei ein entsprechender In-Prozess-Kontrolltest durchgef\u00fchrt wird.<br \/>&nbsp;&nbsp;&nbsp; Alle Standorte arbeiten mit strengen Qualit\u00e4tssystemen. Die Aktivit\u00e4ten werden nach definierten Verfahren (SOPs) mit vollst\u00e4ndigen Dokumentationspfaden durchgef\u00fchrt.<br \/>&nbsp;&nbsp;&nbsp; Wir freuen uns \u00fcber alle Site-Audits oder Besuche, die Sie durchf\u00fchren m\u00f6chten.<\/p>\n<p><b>FAQ<\/b><\/p>\n<p>&nbsp;&nbsp;&nbsp; Ist das Desinfektionsmittel sicher f\u00fcr Kinder?<br \/>&nbsp;&nbsp;&nbsp; Ja, ASEPTIC H\u00e4nde-Desinfektionsmittel ist f\u00fcr alle sicher anwendbar und wirksam. Kinder unter sechs Jahren sollten bei der Verwendung von ASEPTIC-Produkten beaufsichtigt werden.<\/p>\n<p>&nbsp;&nbsp;&nbsp; Trocknet ASPETIC AQUA CLEAN die H\u00e4nde aus?<br \/>&nbsp;&nbsp;&nbsp; Nein, das H\u00e4nde-Desinfektionsmittel trocknet die H\u00e4nde auch bei h\u00e4ufigem Gebrauch nicht aus.<\/p>\n<p>&nbsp;&nbsp;&nbsp; T\u00f6tet ASEPTIC AQUA CLEAN Virus und Bakterien ab?<br \/>&nbsp;&nbsp;&nbsp; Ja, Studien belegen, dass der Wirkstoff Benzalkonium (0,2%) gegen eine Vielzahl von Viren und Bakterien wirksam ist.<\/p>\n<p>&nbsp;&nbsp;&nbsp; Enth\u00e4lt das Desinfektionsmittel Triclosan?<br \/>&nbsp;&nbsp;&nbsp; Nein, ASEPTIC AQUA CLEAN enth\u00e4lt kein Triclosan.<\/p>\n<p>&nbsp;&nbsp;&nbsp; Kann ich ASEPTIC AQUA CLEAN mehrmals t\u00e4glich sicher anwenden?<br \/>&nbsp;&nbsp;&nbsp; Ja, das Produkt kann problemlos mehrmals t\u00e4glich verwendet werden.<\/p>","protected":false},"excerpt":{"rendered":"<p>H\u00e4nde-Desinfektionsmittel ASEPTIC AQUA CLEAN Optimal geeignet f\u00fcr automatische Spender Leistungsstarke antivirale und antibakterielle Desinfektion f\u00fcr die H\u00e4nde Wirksam gegen eine Vielzahl von [&hellip;]<\/p>","protected":false},"featured_media":1824,"template":"","meta":[],"product_cat":[79,85,89],"product_tag":[],"_links":{"self":[{"href":"https:\/\/satmediawp.edv-kroiss.com\/en\/wp-json\/wp\/v2\/product\/1826"}],"collection":[{"href":"https:\/\/satmediawp.edv-kroiss.com\/en\/wp-json\/wp\/v2\/product"}],"about":[{"href":"https:\/\/satmediawp.edv-kroiss.com\/en\/wp-json\/wp\/v2\/types\/product"}],"wp:featuredmedia":[{"embeddable":true,"href":"https:\/\/satmediawp.edv-kroiss.com\/en\/wp-json\/wp\/v2\/media\/1824"}],"wp:attachment":[{"href":"https:\/\/satmediawp.edv-kroiss.com\/en\/wp-json\/wp\/v2\/media?parent=1826"}],"wp:term":[{"taxonomy":"product_cat","embeddable":true,"href":"https:\/\/satmediawp.edv-kroiss.com\/en\/wp-json\/wp\/v2\/product_cat?post=1826"},{"taxonomy":"product_tag","embeddable":true,"href":"https:\/\/satmediawp.edv-kroiss.com\/en\/wp-json\/wp\/v2\/product_tag?post=1826"}],"curies":[{"name":"wp","href":"https:\/\/api.w.org\/{rel}","templated":true}]}}