{"id":1836,"date":"2020-06-30T14:43:32","date_gmt":"2020-06-30T14:43:32","guid":{"rendered":"https:\/\/satmediawp.edv-kroiss.com\/produkt\/standfuss-mastfuss-mf-100s-bis-100cm-antenne\/"},"modified":"2024-05-17T11:20:20","modified_gmt":"2024-05-17T09:20:20","slug":"standfuss-mastfuss-mf-100s-bis-100cm-antenne","status":"publish","type":"product","link":"https:\/\/satmediawp.edv-kroiss.com\/en\/product\/standfuss-mastfuss-mf-100s-bis-100cm-antenne\/","title":{"rendered":"Standfuss Mastfuss MF 100S bis 100cm Antenne"},"content":{"rendered":"<p>Standfu\u00df geeignet f\u00fcr bis zu 100cm Antennen. <\/p>\n<ul>\n<li>robuster Standfu\u00df f\u00fcr Satellitenspiegel&nbsp;<\/li>\n<li>zur Befestigung am Boden bzw. auf Betonplatte(n)<\/li>\n<li>TYP: Chess MF 100 S<\/li>\n<li>H\u00f6he: 1000mm<\/li>\n<li>Rohrdurchmesser: 42mm&nbsp;<\/li>\n<li>Grundplatte: 170 x 170mm&nbsp;<\/li>\n<li>Material: Stahl verzinkt<\/li>\n<li>4 Langl\u00f6cher in der Grundplatte<\/li>\n<\/ul>","protected":false},"excerpt":{"rendered":"<p>Standfu\u00df geeignet f\u00fcr bis zu 100cm Antennen. robuster Standfu\u00df f\u00fcr Satellitenspiegel&nbsp; zur Befestigung am Boden bzw. auf Betonplatte(n) TYP: Chess MF 100 [&hellip;]<\/p>","protected":false},"featured_media":1835,"template":"","meta":[],"product_cat":[41,75,49,135],"product_tag":[],"_links":{"self":[{"href":"https:\/\/satmediawp.edv-kroiss.com\/en\/wp-json\/wp\/v2\/product\/1836"}],"collection":[{"href":"https:\/\/satmediawp.edv-kroiss.com\/en\/wp-json\/wp\/v2\/product"}],"about":[{"href":"https:\/\/satmediawp.edv-kroiss.com\/en\/wp-json\/wp\/v2\/types\/product"}],"wp:featuredmedia":[{"embeddable":true,"href":"https:\/\/satmediawp.edv-kroiss.com\/en\/wp-json\/wp\/v2\/media\/1835"}],"wp:attachment":[{"href":"https:\/\/satmediawp.edv-kroiss.com\/en\/wp-json\/wp\/v2\/media?parent=1836"}],"wp:term":[{"taxonomy":"product_cat","embeddable":true,"href":"https:\/\/satmediawp.edv-kroiss.com\/en\/wp-json\/wp\/v2\/product_cat?post=1836"},{"taxonomy":"product_tag","embeddable":true,"href":"https:\/\/satmediawp.edv-kroiss.com\/en\/wp-json\/wp\/v2\/product_tag?post=1836"}],"curies":[{"name":"wp","href":"https:\/\/api.w.org\/{rel}","templated":true}]}}