{"id":1839,"date":"2020-06-30T16:30:50","date_gmt":"2020-06-30T16:30:50","guid":{"rendered":"https:\/\/satmediawp.edv-kroiss.com\/produkt\/automatischer-desinfektionsmittelspender-280ml-edelstahl-sichtfenster-beruehrungslos-mit-sensor-1000ml-desinfektionsgel\/"},"modified":"2024-05-17T11:20:18","modified_gmt":"2024-05-17T09:20:18","slug":"automatischer-desinfektionsmittelspender-280ml-edelstahl-sichtfenster-beruehrungslos-mit-sensor-1000ml-desinfektionsgel","status":"publish","type":"product","link":"https:\/\/satmediawp.edv-kroiss.com\/en\/product\/automatischer-desinfektionsmittelspender-280ml-edelstahl-sichtfenster-beruehrungslos-mit-sensor-1000ml-desinfektionsgel\/","title":{"rendered":"Automatischer Desinfektionsmittelspender 280ml Edelstahl Sichtfenster Ber\u00fchrungslos mit Sensor + 1000ml Desinfektionsgel"},"content":{"rendered":"<p><span class=\"tlid-translation translation\" lang=\"en\"><b>Ab Lager O\u00d6 sofort lieferbar &#8211; Gro\u00dfmengen Anfragen und Lieferung per Rechnung (Email senden) m\u00f6glich.<br \/><\/b><br \/>Set inkl. 1000ml Desinfektionsmittel Handgel nicht entflammbar alkoholfrei Saniris.<\/span><\/p>\n<p><span class=\"tlid-translation translation\" lang=\"en\">Ausgabemenge entweder ca. 1,5ml oder 2,5ml mit Saniris Handgel.<\/p>\n<p>Qualit\u00e4ts Spender aus Edelstahl (keine g\u00fcnstige Edelstahl Kunststoffoptik), Sichtfenster und Schlauchpumpe. <br \/>Inhalt kommt nicht mit Pumpe in Ber\u00fchrung!<\/p>\n<p><\/span>   Dieser Ber\u00fchrungslose automatische Edelstahl Spender ist geeignet f\u00fcr alle Arten von viskosen Fl\u00fcssigkeiten wie Desinfektionsmittelgel (Sicherheitshinweise beachten), Handseifen, Duschgels, Shampoos usw.<br \/>   Der Batteriebetriebene Spender ist hygienisch, bequem und erfordert keine Einstellungen.<br \/>Verwendung in Restaurants, Hotels, K\u00fcchen, B\u00e4dern, B\u00fcrogeb\u00e4uden, Krankenh\u00e4usern, Banken usw.<\/p>\n<p>   Eigenschaften:<br \/>1. Infrarotsensor: Steuerung durch moderne Infrarot K\u00f6rperinspektionstechnologie.<br \/>2. Sicherheit und Hygiene: Eine Ber\u00fchrung des Spenders ist nicht notwendig.<br \/>3. Praktisch: Einfache Bef\u00fcllung, Sichtfenster zum Tank.<br \/>   3. Sch\u00f6ne Dekoration: Das Formdesign ist exquisit und kompakt.<\/p>\n<p>Spezifikation:<br \/>Material: Edelstahl + ABS<br \/>Maximale Kapazit\u00e4t: 280 ml<br \/>Erfassungsbereich: \u22648cm<br \/>Ausgabe: ca. 1,5ml oder 2,5ml mit inkludiertem Desinfektionsmittel<br \/>Induktionszeit: 0,5 Sekunden<br \/>   Batterie: 4 x AAA-Batterien (nicht enthalten)<br \/>Ma\u00dfe: ca 10.5cm x 7.5cm x 18.5cm<br \/>F\u00fcllmenge: ca. 280ml<br \/>Farbe: Silber, Edelstahl<\/p>\n<p>Vorsichtsma\u00dfnahmen f\u00fcr die Verwendung:<br \/>Elektronische Sensorsysteme neigen dazu, bei Kontakt mit Wasser zu versagen.<br \/>1. Stellen Sie den Spender nicht auf den Wasserstand.<br \/>2. Sp\u00fclen Sie die Flasche nicht direkt aus.<br \/>3. Vermeiden Sie direkte Sonneneinstrahlung.<\/p>\n<p>Sicherheitshinweise:<br \/>&nbsp;&nbsp;&nbsp; Automatische Sensor Spender verf\u00fcgen \u00fcber Batterien und elektromagnetische Bauteile.<br \/>&nbsp;&nbsp;&nbsp; Verwenden Sie keine leicht entflammbaren Fl\u00fcssigkeiten. Bei Desinfektionsmitteln beachten Sie die Sicherheitshinweise.<br \/>&nbsp;&nbsp;&nbsp; Kennzeichnungsfreie Desinfektionsmittel sind nicht entflammbar und Sicher in Lagerung und Transport.<br \/>&nbsp;&nbsp;&nbsp; Nicht entflammbare Desinfektionsmittel werden u.a. von Saniris, Aseptic, Wasseralm, Losano, O3 Solution, Sure, Dr. Becher angeboten und sind auch direkt \u00fcber uns erh\u00e4ltlich.<br \/>&nbsp;&nbsp;&nbsp; Weitere Sicherheitshinweise entnehmen Sie aus den Sicherheitsdatenbl\u00e4tter der Desinfektionsmittel.<\/p>\n<p><span class=\"tlid-translation translation\" lang=\"en\"><\/span><\/p>","protected":false},"excerpt":{"rendered":"<p>Ab Lager O\u00d6 sofort lieferbar &#8211; Gro\u00dfmengen Anfragen und Lieferung per Rechnung (Email senden) m\u00f6glich.Set inkl. 1000ml Desinfektionsmittel Handgel nicht entflammbar alkoholfrei [&hellip;]<\/p>","protected":false},"featured_media":1837,"template":"","meta":[],"product_cat":[79,84],"product_tag":[],"_links":{"self":[{"href":"https:\/\/satmediawp.edv-kroiss.com\/en\/wp-json\/wp\/v2\/product\/1839"}],"collection":[{"href":"https:\/\/satmediawp.edv-kroiss.com\/en\/wp-json\/wp\/v2\/product"}],"about":[{"href":"https:\/\/satmediawp.edv-kroiss.com\/en\/wp-json\/wp\/v2\/types\/product"}],"wp:featuredmedia":[{"embeddable":true,"href":"https:\/\/satmediawp.edv-kroiss.com\/en\/wp-json\/wp\/v2\/media\/1837"}],"wp:attachment":[{"href":"https:\/\/satmediawp.edv-kroiss.com\/en\/wp-json\/wp\/v2\/media?parent=1839"}],"wp:term":[{"taxonomy":"product_cat","embeddable":true,"href":"https:\/\/satmediawp.edv-kroiss.com\/en\/wp-json\/wp\/v2\/product_cat?post=1839"},{"taxonomy":"product_tag","embeddable":true,"href":"https:\/\/satmediawp.edv-kroiss.com\/en\/wp-json\/wp\/v2\/product_tag?post=1839"}],"curies":[{"name":"wp","href":"https:\/\/api.w.org\/{rel}","templated":true}]}}