{"id":1843,"date":"2020-07-07T16:35:43","date_gmt":"2020-07-07T16:35:43","guid":{"rendered":"https:\/\/satmediawp.edv-kroiss.com\/produkt\/saniris-antiseptisches-handgel-flaeche-hautfreundliches-desinfektionsmittel-250ml-spenderpumpe-alkoholfrei\/"},"modified":"2024-05-17T13:43:03","modified_gmt":"2024-05-17T11:43:03","slug":"saniris-antiseptisches-handgel-flaeche-hautfreundliches-desinfektionsmittel-250ml-spenderpumpe-alkoholfrei","status":"publish","type":"product","link":"https:\/\/satmediawp.edv-kroiss.com\/en\/product\/saniris-antiseptisches-handgel-flaeche-hautfreundliches-desinfektionsmittel-250ml-spenderpumpe-alkoholfrei\/","title":{"rendered":"Saniris Antiseptic hand gel &amp; space skin-friendly disinfectant 250ml dispenser pump (non-alcoholic)"},"content":{"rendered":"<p>The alcohol-free antiseptic hand gel from Saniris probably the most versatile disinfectant, according to EN1500 on the market.<br \/>No matter whether <b>Children <\/b>or <b>Adults<\/b>, <b>Hand\/Skin<\/b> or <b>medizinische\/private Oberfl\u00e4chen <\/b>and <b>Orte mit erh\u00f6htem Brandrisiko.<\/b><br \/>Optimal geeignet f\u00fcr automatische Sensorspender. Durch die leichte Viskosit\u00e4t des Handgels tropft das Mittel nicht aus der Hand im Gegensatz zu fl\u00fcssigen alkoholischen Desinfektionsmittel.<\/p>\n<p>Dieses Desinfektionsmittel erf\u00fcllt alle EU-Normen nach <b>EN1040<\/b>, <b>EN13727<\/b>, <b>EN13624<\/b>, <b>PREN13624<\/b>, <b>EN1276<\/b>, <b>EN1650<\/b>, <b>EN14476+A1<\/b>.<br \/>Pr\u00fcfung nach: <b>DGHM\/VAH<\/b>, <b>DVG<\/b>, <b>AFNOR<\/b>, <b>RKI\/DVV<\/b><br \/>Effect, therefore, <b>bactericide<\/b>, <b>fungicide<\/b>, <b>hefezid<\/b>, <b>virucidal<br \/><\/b><b><br \/><\/b>Das Desinfektionsgel ist nicht entflammbar, nicht kennzeichnungspflichtig, verdunstet nicht und ben\u00f6tigt keine speziellen Lagerbedingungen.<br \/>Die Anwendung ist auch bei Kindern (unter Aufsicht) m\u00f6glich.<br \/>Mind. 3 Jahre haltbar bei +5 bis +30\u00b0C ohne direkter Sonneneinstrahlung. Laut Hersteller sind bei korrekter Lagerung auch nach 5 Jahren die Produkteigenschaften unver\u00e4ndert!<\/p>\n<p>Die desinfizierende Wirkung besteht aus einer Kombination von quatern\u00e4ren Ammoniumverbindungen. <br \/>Das Gel l\u00e4sst sich gut verteilen, verklebt nicht, trocknet schnell und hinterl\u00e4sst ein angenehmes Hautgef\u00fchl. <br \/>\u00c4therische \u00d6le verschiedener Minzearten und Eucalyptus verleihen einen frischen Duft ohne lange auf der Haut anzuhaften. <br \/>Important when dealing with food.<br \/><b><br \/>Applying Skin\/Hand:<\/b><br \/>Etwa 2ml in die Handfl\u00e4che geben und gleichm\u00e4\u00dfig \u00fcber die ganze Hand w\u00e4hrend einer Minute verteilen, auch unter den Fingern\u00e4geln. <br \/>Nicht mit Wasser absp\u00fclen. Trocknet die H\u00e4nde nicht aus.<\/p>\n<p><b>Anwendung Oberfl\u00e4chen:<br \/><\/b>Aluminium, Buntmetalle, Eisenmetalle, Grauguss, Edelstahl, Chromstahl, \u00d6lfarben, Lackierte Fl\u00e4chen, 2K-Lacke, Pulverbeschichtungen,<br \/>Kunststoffe, Gummi, Epoxy, Polykarbonate, Nicht l\u00f6sungsmittelbest\u00e4ndige Kunststoffe, mineralische Fl\u00e4chen: Verputze, Abrieb, Naturund Kunststeine, Keramik.<br \/>Wood sealed \/ unsealed.<\/p>\n<p>Aufgrund R\u00fcckfettung\/Schlierbildung bedingt geeignet f\u00fcr: Glas, Silizium, Textilien aus Natur\/Kunstfasern<\/p>\n<p><b>Preventive TREATMENT:<\/b><br \/>vor dem Hantieren mit Esswaren, Gegenst\u00e4nden und auf Oberfl\u00e4chen.<\/p>\n<p><b>Bek\u00e4mpfende BEHANDLUNG:<\/b><br \/>Nach jedem Toilettengang oder nach Kontakt mit eventuell kontaminierten Fl\u00e4chen oder Gegenst\u00e4nden.<\/p>\n<p><b>Target organisms:<\/b><br \/>Staphylococcus aureus, Pseudomonas aeruginosa, escherichia coli, Enterococcus hirae, Aspergillus niger, Candida albicans, Salmonella, Adenovirus type 5, Rotavirus, Corona virus.<\/p>\n<p><b>Ingredients:<\/b><br \/>Water, benzylakonium chlorides (0,272% w\/w, CAS 68424-85-1), Didecyl dimethyl ammonium chloride (0,272% w\/w, CAS 7173-51-5),<br \/>quaternary ammonium (0,272% w\/w, CAS 85409-23-0), complex of essential oils, methyl cellulose, dye, E142.<\/p>\n<p>The <span><span>ANTISEPTIC HAND GEL<\/span><\/span><span>&nbsp;<\/span>hat auf dem Gebiet der Coronavirus-Pr\u00e4vention eine gro\u00dfe Zukunft und wurde in diesem Sinne erfolgreich getestet.<\/p>\n<p><b>Specifications<\/b><\/p>\n<ul>\n<li>Aussehen: Fl\u00fcssig, leicht gelf\u00f6rmig <\/li>\n<li>Flash point: not flammable<\/li>\n<li>pH-value: 5.5-7.5<\/li>\n<li>Density (kg\/l): CA. 1,00<\/li>\n<li>Viskosit\u00e4t: 500 &#8211; 1000 mPa*s<\/li>\n<\/ul>\n<p><b>FAQ<\/b><\/p>\n<p>&nbsp;&nbsp;&nbsp; Ist das Desinfektionsmittel f\u00fcr Kinder geeignet?<br \/>&nbsp;&nbsp;&nbsp; Ja, das Handgel (nur unter Aufsicht) f\u00fcr Kinder anwendbar und wirksam. Keine Anwendung bei Kleinkindern. Lagerung von Kinder fernhalten!<\/p>\n<p>&nbsp;&nbsp;&nbsp; Trocknet das Handgel die H\u00e4nde aus?<br \/>&nbsp;&nbsp;&nbsp; Nein, das H\u00e4nde-Desinfektionsmittel trocknet die H\u00e4nde auch bei h\u00e4ufigem Gebrauch nicht aus.<\/p>\n<p>&nbsp;&nbsp;&nbsp; T\u00f6tet Saniris Virus und Bakterien ab?<br \/>&nbsp;&nbsp;&nbsp; Ja, die Wirksamkeit ist gepr\u00fcft und erfolgt nach ca. 60 Sekunden (Einwirkzeit)<\/p>\n<p>&nbsp;&nbsp;&nbsp; Kann ich das Handgel mehrmals t\u00e4glich sicher anwenden?<br \/>&nbsp;&nbsp;&nbsp; Ja, das Produkt ist f\u00fcr den professionellen Gebrauch bestimmt und kann problemlos mehrmals t\u00e4glich verwendet werden.<\/p><\/p>","protected":false},"excerpt":{"rendered":"<p>Das alkoholfreie antiseptische Handgel von Saniris ist das wohl am vielseitigsten einsetzbare Desinfektionsmittel nach EN1500 auf dem Markt.Egal ob Kinderhand oder Erwachsene, [&hellip;]<\/p>","protected":false},"featured_media":1842,"template":"","meta":[],"product_cat":[79,85,89,102],"product_tag":[],"_links":{"self":[{"href":"https:\/\/satmediawp.edv-kroiss.com\/en\/wp-json\/wp\/v2\/product\/1843"}],"collection":[{"href":"https:\/\/satmediawp.edv-kroiss.com\/en\/wp-json\/wp\/v2\/product"}],"about":[{"href":"https:\/\/satmediawp.edv-kroiss.com\/en\/wp-json\/wp\/v2\/types\/product"}],"wp:featuredmedia":[{"embeddable":true,"href":"https:\/\/satmediawp.edv-kroiss.com\/en\/wp-json\/wp\/v2\/media\/1842"}],"wp:attachment":[{"href":"https:\/\/satmediawp.edv-kroiss.com\/en\/wp-json\/wp\/v2\/media?parent=1843"}],"wp:term":[{"taxonomy":"product_cat","embeddable":true,"href":"https:\/\/satmediawp.edv-kroiss.com\/en\/wp-json\/wp\/v2\/product_cat?post=1843"},{"taxonomy":"product_tag","embeddable":true,"href":"https:\/\/satmediawp.edv-kroiss.com\/en\/wp-json\/wp\/v2\/product_tag?post=1843"}],"curies":[{"name":"wp","href":"https:\/\/api.w.org\/{rel}","templated":true}]}}