{"id":1851,"date":"2024-05-16T20:48:20","date_gmt":"2024-05-16T18:48:20","guid":{"rendered":"https:\/\/satmediawp.edv-kroiss.com\/?post_type=product&#038;p=1851"},"modified":"2024-05-17T11:24:37","modified_gmt":"2024-05-17T09:24:37","slug":"vu-zero-4k-dvb-s2-ci-linux-enigma2-uhd-2160p","status":"publish","type":"product","link":"https:\/\/satmediawp.edv-kroiss.com\/en\/product\/vu-zero-4k-dvb-s2-ci-linux-enigma2-uhd-2160p\/","title":{"rendered":"VU+ Zero 4k DVB-S2 CI+ Linux Enigma2 UHD 2160p"},"content":{"rendered":"<p>Aktuell nicht lieferbar &#8211; Voraussichtlich ab 15.03.21 wieder verf\u00fcgbar &#8211; Bitte unverbindlich reservieren!!<\/p>\n<p>VU+ &#8211; das Beste was Linux zu bieten hat.<\/p>\n<p>Wir pr\u00e4sentieren den g\u00fcnstigen 4k UHD Linux Reveiver mit schnellem 1500MHz Prozessor, 4GB Flash, 2GB RAM, 1 x Ci+ , 1 x Kartenleser, Lan  Anschluss, HDMI, und USB Schnittstelle f\u00fcr PVR. <br \/>LINUX UHD TV Receiver mit Hybrid Eigenschaft.  DVB-S2 und IPTV bieten eine vielseitige Nutzung.<\/p>\n<p><b>Hauptmerkmale:<\/b><br \/>&nbsp;&nbsp;&nbsp; Sehr schnelle Umschaltzeiten<br \/>&nbsp;&nbsp;&nbsp; WebKit Browser<br \/>&nbsp;&nbsp;&nbsp; HbbTV<br \/>&nbsp;&nbsp;&nbsp; HDMI 2.0 Ausgang<br \/>&nbsp;&nbsp;&nbsp; 1x Tuner DVB-S2X<br \/>&nbsp;&nbsp;&nbsp; 1x USB 2.0<br \/>&nbsp;&nbsp;&nbsp; ARM CPU (2x 1.500 MHz)<br \/>&nbsp;&nbsp;&nbsp; eMMC Flashspeicher<br \/>&nbsp;&nbsp;&nbsp; HVEC \/ H.265 Videodekodierung<br \/>&nbsp;&nbsp;&nbsp; Externes 12 V Netzteil<\/p>\n<p><b>Technische Highlights:<\/b><br \/>&nbsp;&nbsp;&nbsp; 1.500 MHz ARM DualCore-Prozessor<br \/>&nbsp;&nbsp;&nbsp; 4096 MB Flash (eMMC)<br \/>&nbsp;&nbsp;&nbsp; 2048 MB DDR3 DRAM<br \/>&nbsp;&nbsp;&nbsp; LAN (10\/100 MBit\/s)<br \/>&nbsp;&nbsp;&nbsp; 1x DVB Common-Interface Einschub<br \/>&nbsp;&nbsp;&nbsp; 1x Smartcard-Reader (Xcrypt)<br \/>&nbsp;&nbsp;&nbsp; 1x USB 2.0 (R\u00fcckseite)<br \/>&nbsp;&nbsp;&nbsp; S\/PDIF&nbsp; Audio Ausgang optisch (digital)<br \/>&nbsp;&nbsp;&nbsp; 1x HDMI 2.0 Video\/Audio Ausgang (digital)<br \/>&nbsp;&nbsp;&nbsp; unbegrenzte Kanalliste f\u00fcr TV und Radio<br \/>&nbsp;&nbsp;&nbsp; EPG (Electronic Program Guide) Unterst\u00fctzung<br \/>&nbsp;&nbsp;&nbsp; Unterst\u00fctzung von Bouquet-Listen (Favoritenlisten)<br \/>&nbsp;&nbsp;&nbsp; OSD in vielen Sprachen<br \/>&nbsp;&nbsp;&nbsp; Aussehen der Benutzeroberfl\u00e4che vielf\u00e4ltig anpassbar (Skin-Unterst\u00fctzung)<br \/>&nbsp;&nbsp;&nbsp; Erweiterbar durch viele kostenfreie Plugins (Apps)<br \/>&nbsp;&nbsp;&nbsp; automatischer \/ manueller Kanalsuchlauf<br \/>&nbsp;&nbsp;&nbsp; DiSEqC 1.0\/1.1\/1.2, USALS<br \/>&nbsp;&nbsp;&nbsp; SCR \/ CSS (EN50494 &amp; EN50607)<br \/>&nbsp;&nbsp;&nbsp; Externes 12 Volt Netzteil<br \/>&nbsp;&nbsp;&nbsp; Netzschalter<br \/>&nbsp;&nbsp;&nbsp; RS232 &#8211; Serviceschnittstelle<br \/>&nbsp;&nbsp;&nbsp; kostenfreie Apps f\u00fcr iOS und Android verf\u00fcgbar<\/p>\n<p><b>Videodekodierung:<\/b><br \/>&nbsp;&nbsp;&nbsp; Videokompression HVEC \/ H.265, MPEG-2 \/ H.264 und MPEG-1 kompatibel<br \/>&nbsp;&nbsp;&nbsp; Videostandard PAL G\/ 25 Hz, NTSC<br \/>&nbsp;&nbsp;&nbsp; Bildformat 4:3 \/ 16:9<br \/>&nbsp;&nbsp;&nbsp; Letterbox f\u00fcr 4:3 TV-Ger\u00e4te<\/p>\n<p><b>Ausgang Digital:<\/b><br \/>&nbsp;&nbsp;&nbsp; Abtastfrequenzen 32 kHz, 44.1 kHz, 48 kHz<br \/>&nbsp;&nbsp;&nbsp; S\/PDIF-Ausgang optisch (AC3)<br \/>&nbsp;&nbsp;&nbsp; Audiokodierung:<br \/>&nbsp;&nbsp;&nbsp; Audiokompression MPEG-1 &amp; MPEG-2 Layer I und II, MP3<br \/>&nbsp;&nbsp;&nbsp; Audio Mode Dual (main\/sub), Stereo<br \/>&nbsp;&nbsp;&nbsp; Abtastfrequenzen 32 kHz, 44.1 kHz, 48 kHz, 16 kHz, 22.05 kHz, 24 kHz<\/p>\n<p><b>Leistungsaufnahme:<\/b><br \/>&lt; 10W (im Betrieb, mit LNB)<br \/>&lt;&nbsp; 9 W (im Betrieb, ohne LNB)<br \/>&lt; 0,5W (Deep-Standby-Mode)<\/p>\n<p><b>Externes Netzteil:<\/b><br \/>&nbsp;&nbsp;&nbsp; Eingang: 110 &#8211; 240V AC \/ 50 &#8211; 60Hz \/ 0,7A<br \/>&nbsp;&nbsp;&nbsp; Ausgang: 12V = \/ 2,0A<\/p>\n<p><b>Allgemeines:<\/b><br \/>&nbsp;&nbsp;&nbsp; Umgebungstemperatur +15\u00b0C&#8230;+35\u00b0C<br \/>&nbsp;&nbsp;&nbsp; Luftfeuchtigkeit &lt; 80%<br \/>&nbsp;&nbsp;&nbsp; Abmessungen (B x T x H): 140 mm x 115 mm x 50 mm<br \/>&nbsp;&nbsp;&nbsp; Gewicht: 0,6 kg<\/p>\n<p><b>Scope of delivery:<\/b><br \/>1x VU+ Zero 4K DVB-S2X 1x DVB-S2X Multistream Tuner UHD Receiver<br \/>1x Fernbedienung<br \/>1x Quickmanual (deutsch \/ englisch \/ spanisch \/ niederl\u00e4ndisch \/ franz\u00f6sisch \/ italienisch )<br \/>1x externer IR-Empf\u00e4nger<br \/>1x HDMI Kabel<br \/>2x Batterien (AAA)<br \/>1x Netzteil (110-240V \/ 12V) <\/p>","protected":false},"excerpt":{"rendered":"<p>Aktuell nicht lieferbar &#8211; Voraussichtlich ab 15.03.21 wieder verf\u00fcgbar &#8211; Bitte unverbindlich reservieren!! VU+ &#8211; das Beste was Linux zu bieten hat. [&hellip;]<\/p>","protected":false},"featured_media":1848,"template":"","meta":[],"product_cat":[43,57],"product_tag":[],"_links":{"self":[{"href":"https:\/\/satmediawp.edv-kroiss.com\/en\/wp-json\/wp\/v2\/product\/1851"}],"collection":[{"href":"https:\/\/satmediawp.edv-kroiss.com\/en\/wp-json\/wp\/v2\/product"}],"about":[{"href":"https:\/\/satmediawp.edv-kroiss.com\/en\/wp-json\/wp\/v2\/types\/product"}],"wp:featuredmedia":[{"embeddable":true,"href":"https:\/\/satmediawp.edv-kroiss.com\/en\/wp-json\/wp\/v2\/media\/1848"}],"wp:attachment":[{"href":"https:\/\/satmediawp.edv-kroiss.com\/en\/wp-json\/wp\/v2\/media?parent=1851"}],"wp:term":[{"taxonomy":"product_cat","embeddable":true,"href":"https:\/\/satmediawp.edv-kroiss.com\/en\/wp-json\/wp\/v2\/product_cat?post=1851"},{"taxonomy":"product_tag","embeddable":true,"href":"https:\/\/satmediawp.edv-kroiss.com\/en\/wp-json\/wp\/v2\/product_tag?post=1851"}],"curies":[{"name":"wp","href":"https:\/\/api.w.org\/{rel}","templated":true}]}}