{"id":1867,"date":"2020-08-19T16:24:33","date_gmt":"2020-08-19T16:24:33","guid":{"rendered":"https:\/\/satmediawp.edv-kroiss.com\/produkt\/praezisions-sonnenuhr-kroiss-linse-d59-minutengenau-unikat-standort-produziert-messing-edelstahl\/"},"modified":"2024-05-17T11:20:18","modified_gmt":"2024-05-17T09:20:18","slug":"praezisions-sonnenuhr-kroiss-linse-d59-minutengenau-unikat-standort-produziert-messing-edelstahl","status":"publish","type":"product","link":"https:\/\/satmediawp.edv-kroiss.com\/en\/product\/praezisions-sonnenuhr-kroiss-linse-d59-minutengenau-unikat-standort-produziert-messing-edelstahl\/","title":{"rendered":"Precision sundial Kroiss lens D59 minutes exactly unique location produces brass stainless steel"},"content":{"rendered":"<p>Exclusive Pr\u00e4zisions Sonnenuhr als Einzelst\u00fcck Unikat<\/p>\n<p>Wir pr\u00e4sentieren eine neue Pr\u00e4zisions-Sonnenuhr als Einzelst\u00fcck\/Unikat.<br \/>\nMinutengenaue Zeitanzeige &#8211; exakt f\u00fcr Ihren Standort berechnet und produziert.<br \/>\nDie Sonnenuhr wurde 2018 entwickelt.<br \/>\nBerechnet und produziert wird die Sonnenuhr in \u00d6sterreich.<br \/>\nAls Materialien kommt (bis auf die Linse) ausschlie\u00dflich Messing und Edelstahl zum Einsatz.<br \/>\nAlle Gravuren sind Tiefenfr\u00e4\u00dfungen mit Lackauslegung und Klarlackversiegelung.<br \/>\nKeine Abn\u00fctzung der Gravuren \/ Zeitlinien m\u00f6glich da keine Lasergravur!<br \/>\nAuslieferung zusammen mit 20kg Granitsockel. Montage auf eigenem Sockel nat\u00fcrlich auch m\u00f6glich.<\/p>\n<p>You provide to us to order your location (e.g., Google Maps or coordinates\/GPS) and we produce the sundial exactly for this position.<\/p>\n<p>Jede Pr\u00e4zisions-Sonnenuhr wird somit zum Unikat.<\/p>\n<p>Description:<br \/>\nDie Ablesung der genauen Uhrzeit erfolgt durch Ausrichtung des Linsenschlittens zur Sonne.<br \/>\nDer Sonnenstrahl wird auf die Datumslinie ausgerichtet. Das Sichtfenster zeigt die exakte MEZ. F\u00fcr die Sommerzeit muss eine Stunde addiert werden.<br \/>\nKann auf Wunsch auch mit MESZ Sommerzeit gefertigt werden.<br \/>\nBei Ausrichtung auf die WOZ Linie wird die wahre Ortszeit angezeigt.<br \/>\nAuch das Datum kann \u00fcber die Datumslinie abgelesen werden.<br \/>\nMinutengenau bei exakter Ausrichtung. Maximal +\/- 1 Minute.<\/p>\n<p>Alle Gravuren sind Tiefenfr\u00e4\u00dfungen mit Lackauslegung und Klarlackversiegelung.<br \/>\nKeine Abn\u00fctzung der Gravuren \/ Zeitlinien m\u00f6glich da keine Lasergravur!<\/p>\n<p>Individuelle Einfr\u00e4\u00dfungen im Schlitten sind im Preis inbegriffen. Sie erhalten vor der Fertigung eine Zeichnung f\u00fcr die Freigabe.<\/p>\n<p>Dimensions:<br \/>\nH\u00f6he: 120cm<br \/>\nDurchmesser Ziffernblatt: 59cm<br \/>\nGewicht: ca. 25kg<\/p>","protected":false},"excerpt":{"rendered":"<p>Exclusive Pr\u00e4zisions Sonnenuhr als Einzelst\u00fcck Unikat Wir pr\u00e4sentieren eine neue Pr\u00e4zisions-Sonnenuhr als Einzelst\u00fcck\/Unikat. Minutengenaue Zeitanzeige &#8211; exakt f\u00fcr Ihren Standort berechnet und [&hellip;]<\/p>","protected":false},"featured_media":1862,"template":"","meta":[],"product_cat":[38],"product_tag":[],"_links":{"self":[{"href":"https:\/\/satmediawp.edv-kroiss.com\/en\/wp-json\/wp\/v2\/product\/1867"}],"collection":[{"href":"https:\/\/satmediawp.edv-kroiss.com\/en\/wp-json\/wp\/v2\/product"}],"about":[{"href":"https:\/\/satmediawp.edv-kroiss.com\/en\/wp-json\/wp\/v2\/types\/product"}],"wp:featuredmedia":[{"embeddable":true,"href":"https:\/\/satmediawp.edv-kroiss.com\/en\/wp-json\/wp\/v2\/media\/1862"}],"wp:attachment":[{"href":"https:\/\/satmediawp.edv-kroiss.com\/en\/wp-json\/wp\/v2\/media?parent=1867"}],"wp:term":[{"taxonomy":"product_cat","embeddable":true,"href":"https:\/\/satmediawp.edv-kroiss.com\/en\/wp-json\/wp\/v2\/product_cat?post=1867"},{"taxonomy":"product_tag","embeddable":true,"href":"https:\/\/satmediawp.edv-kroiss.com\/en\/wp-json\/wp\/v2\/product_tag?post=1867"}],"curies":[{"name":"wp","href":"https:\/\/api.w.org\/{rel}","templated":true}]}}