{"id":1883,"date":"2020-10-02T09:12:46","date_gmt":"2020-10-02T09:12:46","guid":{"rendered":"https:\/\/satmediawp.edv-kroiss.com\/produkt\/vu-duo-4k-se-dual-dvb-s2x-fbc-ci-enigma2-uhd-2160p\/"},"modified":"2024-05-17T11:20:18","modified_gmt":"2024-05-17T09:20:18","slug":"vu-duo-4k-se-dual-dvb-s2x-fbc-ci-enigma2-uhd-2160p","status":"publish","type":"product","link":"https:\/\/satmediawp.edv-kroiss.com\/en\/product\/vu-duo-4k-se-dual-dvb-s2x-fbc-ci-enigma2-uhd-2160p\/","title":{"rendered":"VU+ Duo 4k SE Dual DVB-S2X FBC CI+ Enigma2 UHD 2160p"},"content":{"rendered":"<p><b>Geringe St\u00fcckzahl lagernd &#8211; sofort lieferbar!<\/b><\/p>\n<p><b><br \/>VU+ Duo 4K SE Linux UHD Set-Top-Box<\/b><\/p>\n<p>Digitaler Satelliten-Empfangsreceiver f\u00fcr UHD und HD TV- und Radioprogramme.<br \/> Das Herzst\u00fcck der VU+ Duo 4K SE ist der 4x 1.500 MHz starke ARM QuadCore-Prozessor. Erleben Sie UltraHighDefinition (UHD) TV mit der VU+ Duo 4K SE Set-Top-Box.<\/p>\n<p><b>Was ist ein DVB-S2 FBC Twin Tuner ?<\/b><br \/> Ein DVB-S2 FBC Twin Tuner besitzt 8 Demodulatoren.<br \/> Bei zwei herk\u00f6mmlichen (z.B. Twin-LNB) Sat-Zuleitungen ist der Tuner mit 2 herk\u00f6mmlichen und 6 zus\u00e4tzlichen Tunern, die im Durchschleifbetrieb arbeiten, vergleichbar. Sie k\u00f6nnen somit Sender aus 8 verschiedenen Transpondern aus 2 unterschiedlichen Sat-Ebenen gleichzeitig ansehen, streamen oder aufnehmen.<br \/> Im SCR-Betrieb (Unicable) mit 8 Frequenzen entspricht dies 8 herk\u00f6mmlichen Tunern.<\/p>\n<p><b>Was ist ein DVB-C FBC Tuner ?<\/b><br \/> Ein DVB-C FBC Tuner besitzt 8 Demodulatoren. Dies entspricht einem Receiver mit 8 herk\u00f6mmlichen DVB-C Tunern.<br \/> Sie k\u00f6nnen somit 8 Sender zur gleichen Zeit ansehen, streamen oder aufnehmen.<\/p>\n<p><b>Hauptmerkmale:<\/b><br \/> Sehr schnelle Umschaltzeiten<br \/> WebKit Browser<br \/> Chromium OS<br \/> Dual HD Transcoding<br \/> HbbTV<br \/> HDMI 2.0 Ausgang<br \/> HDMI 2.0 Eingang<br \/> Gigabit LAN<br \/> DualBand WiFi (2,4 \/ 5 GHz)<br \/> Gleichzeitiges Entschl\u00fcsseln von 2 CI-Modulen<br \/> BT 4.1 f\u00fcr z.B. BT Soundbars oder Kopfh\u00f6rer<br \/> 3,5&#8243; TFT LCD Display &#8211; MiniTV<br \/> 2x Tunersteckplatz&nbsp; f\u00fcr z.B.&nbsp; DVB-S2 \/ DVB-C* Full Band Capture (FBC) oder DVB-T2 Dual Tuner<br \/> USB 3.0<br \/> ARM CPU (4x 1.500 MHz)<br \/> eMMC Flashspeicher<br \/> HEVC \/ H.265 Videodekodierung<br \/> Plug&amp;Play Wechselrahmen f\u00fcr 2,5&#8243; SATA-Festplatten (max. 15 mm HDD-Bauh\u00f6he)<br \/> Externes 12 V Netzteil<\/p>\n<p><b>Technische Highlights:<\/b><br \/> 1.500 MHz ARM QuadCore-Prozessor<br \/> 4096 MB Flash (eMMC)<br \/> 3072 MB RAM<br \/> Gigabit LAN (10\/100\/1000 MBit\/s)<br \/> Wlan: IEEE 802.11 b\/g\/n\/ac 2,4 \/ 5 GHz integriert<br \/> BT 4.1 integriert f\u00fcr z.B. BT Soundbars oder Kopfh\u00f6rer<br \/> 2x DVB Common-Interface Einschub (gleichzeitige Nutzung m\u00f6glich)<br \/> 1x Smartcard-Reader (Xcrypt)<br \/> 2x USB 3.0 (R\u00fcckseite)<br \/> 1x USB 2.0 (Vorderseite)<br \/> 3,5&#8243; TFT LCD Display &#8211; MiniTV<br \/> S\/PDIF&nbsp; Audio Ausgang optisch (digital)<br \/> 1x HDMI 2.0 Video\/Audio Ausgang (digital)<br \/> 1x HDMI 2.0 Video\/Audio Eingang (digital)<br \/> unbegrenzte Kanalliste f\u00fcr TV und Radio<br \/> EPG (Electronic Program Guide) Unterst\u00fctzung<br \/> Unterst\u00fctzung von Bouquet-Listen (Favoritenlisten)<br \/> OSD in vielen Sprachen<br \/> Aussehen der Benutzeroberfl\u00e4che vielf\u00e4ltig anpassbar (Skin-Unterst\u00fctzung)<br \/> Erweiterbar durch viele kostenfreie Plugins (Apps)<br \/> automatischer \/ manueller Kanalsuchlauf<br \/> DiSEqC 1.0\/1.1\/1.2, USALS<br \/> SCR \/ dCSS (EN50494 &amp; EN50607)<br \/> Externes 12 Volt Netzteil<br \/> Netzschalter<br \/> RS232 &#8211; Serviceschnittstelle<br \/> kostenfreie Apps f\u00fcr iOS und Android verf\u00fcgbar<br \/> &nbsp;<br \/><b> Videodekodierung:<\/b><br \/> Videokompression HVEC \/ H.265, MPEG-2 \/ H.264 und MPEG-1 kompatibel<br \/> Videostandard PAL G\/ 25 Hz, NTSC<br \/> Bildformat 4:3 \/ 16:9<br \/> Letterbox f\u00fcr 4:3 TV-Ger\u00e4te<\/p>\n<p><b>Ausgang Digital:<\/b><br \/> Abtastfrequenzen 32 kHz, 44.1 kHz, 48 kHz<br \/> S\/PDIF-Ausgang optisch (AC3)<br \/> Audiokompression MPEG-1 &amp; MPEG-2 Layer I und II, MP3<br \/> Audio Mode Dual (main\/sub), Stereo<br \/> Abtastfrequenzen 32 kHz, 44.1 kHz, 48 kHz, 16 kHz, 22.05 kHz, 24 kHz<br \/> &nbsp;<br \/><b> Leistungsaufnahme:<\/b><br \/> &lt; 15W (im Betrieb, mit LNB)<br \/> &lt; 14W (im Betrieb, ohne LNB)<br \/> &lt; 0,5W (Deep-Standby-Mode)<\/p>\n<p><b>Externes Netzteil:<\/b><br \/> Eingang: 110 &#8211; 240V AC \/ 50 &#8211; 60Hz \/ 1,5A<br \/> Ausgang: 12V = \/ 5,0A<\/p>\n<p><b>Allgemeines:<\/b><br \/> Umgebungstemperatur +15\u00b0C&#8230;+35\u00b0C<br \/> Luftfeuchtigkeit &lt; 80%<br \/> Abmessungen (B x T x H): 310 mm x 255 mm x 68 mm<br \/> Gewicht: 2,9 kg<br \/> &nbsp;<br \/><b> Scope of delivery:<\/b><br \/> 1x VU+ Duo 4K SE UHD Receiver<br \/> 1x Fernbedienung<br \/> 1x Quickmanual (deutsch \/ englisch)<br \/> 1x HDMI Kabel<br \/> 2x Batterien (AA)<br \/> 1x Netzteil (110-240V \/ 12V)<\/p>","protected":false},"excerpt":{"rendered":"<p>Geringe St\u00fcckzahl lagernd &#8211; sofort lieferbar! VU+ Duo 4K SE Linux UHD Set-Top-Box Digitaler Satelliten-Empfangsreceiver f\u00fcr UHD und HD TV- und Radioprogramme. [&hellip;]<\/p>","protected":false},"featured_media":1881,"template":"","meta":[],"product_cat":[43,57],"product_tag":[],"_links":{"self":[{"href":"https:\/\/satmediawp.edv-kroiss.com\/en\/wp-json\/wp\/v2\/product\/1883"}],"collection":[{"href":"https:\/\/satmediawp.edv-kroiss.com\/en\/wp-json\/wp\/v2\/product"}],"about":[{"href":"https:\/\/satmediawp.edv-kroiss.com\/en\/wp-json\/wp\/v2\/types\/product"}],"wp:featuredmedia":[{"embeddable":true,"href":"https:\/\/satmediawp.edv-kroiss.com\/en\/wp-json\/wp\/v2\/media\/1881"}],"wp:attachment":[{"href":"https:\/\/satmediawp.edv-kroiss.com\/en\/wp-json\/wp\/v2\/media?parent=1883"}],"wp:term":[{"taxonomy":"product_cat","embeddable":true,"href":"https:\/\/satmediawp.edv-kroiss.com\/en\/wp-json\/wp\/v2\/product_cat?post=1883"},{"taxonomy":"product_tag","embeddable":true,"href":"https:\/\/satmediawp.edv-kroiss.com\/en\/wp-json\/wp\/v2\/product_tag?post=1883"}],"curies":[{"name":"wp","href":"https:\/\/api.w.org\/{rel}","templated":true}]}}