{"id":1891,"date":"2020-10-30T15:20:13","date_gmt":"2020-10-30T15:20:13","guid":{"rendered":"https:\/\/satmediawp.edv-kroiss.com\/produkt\/unicable-stacker-ucp-21-en50494-2-fach-einkabelloesung-fuer-twin-tuner\/"},"modified":"2024-05-17T11:20:18","modified_gmt":"2024-05-17T09:20:18","slug":"unicable-stacker-ucp-21-en50494-2-fach-einkabelloesung-fuer-twin-tuner","status":"publish","type":"product","link":"https:\/\/satmediawp.edv-kroiss.com\/en\/product\/unicable-stacker-ucp-21-en50494-2-fach-einkabelloesung-fuer-twin-tuner\/","title":{"rendered":"Unicable Stacker UCP 21 (EN50494) 2 fach Einkabell\u00f6sung f\u00fcr Twin Tuner"},"content":{"rendered":"<p>Einkabell\u00f6sung f\u00fcr alle, die nur einen Sat-Anschluss besitzen , aber zwei Receiver oder einen Twin-Receiver anschlie\u00dfen m\u00f6chten.  <br \/>Das Endger\u00e4t muss nur Unicable I \/ EN50494 tauglich sein.<\/p>\n<p><b>Details<br \/><\/b>&#8211; 2 Receiver\/TV oder 1 Twin-Tuner-Ger\u00e4t \u00fcber 1 Kabel<br \/>&#8211; wird direkt an 2 Twin\/Quad LNB- bzw. Multischalterausg\u00e4ngen angeschlossen<br \/>&#8211; Unicable\/SCR-Technologie nach Norm EN50494<br \/>&#8211; unterst\u00fctzt 2 Satelliten (8 ZF-Ebenen)<br \/>&#8211; geringer Strombedarf nur 120mA bei 18V &#8211; funktioniert ggf. auch ohne Netzteil*<br \/>&#8211; Weiterleitung von Terr.\/DVB-T Signalen<\/p>\n<div>Unicable Router auch als Ersatz f\u00fcr Stacker-Destacker<\/div>\n<div>&nbsp;<\/div>\n<div>\u00dcber nur 1 Koax-Kabel k\u00f6nnen 2 Sat-Receiver\/1 Twin-Sat-Receiver versorgt werden. Jeder Unicable-taugliche Receiver oder Sat-Tuner Ihres Fernsehger\u00e4tes, der die europ\u00e4ische Norm EN50494 (auch SatCR, SCR, Einkabel genannt) unterst\u00fctzt, kann daf\u00fcr verwendet werden.<\/div>\n<div>Das optionale Strom-Spar-Netzteil sorgt f\u00fcr ein sicheres Umschalten auch bei schlechteren Empfangsverh\u00e4ltnissen<\/div>\n<div>sowie l\u00e4ngeren Kabelwegen. Die Stromkosten betragen pro Jahr weniger als 5 Euro.<\/div>\n<div>&nbsp;<\/div>\n<div>Mit den neuen DUR-line UCP SCR-Umsetzern k\u00f6nnen \u00fcber 1 Leitung 2 Receiver\/Tuner von einem oder zwei Satelliten<\/div>\n<div>(maximal 8 Satelliten-ZF-Ebenen) gleichzeitig versorgt werden. Zus\u00e4tzlich kann noch terrestrisch bzw. DVB-T und UKW mit \u00fcbertragen werden.<\/div>\n<div>Passend f\u00fcr Technisat, Telestar, Kathrein, Smart, VU+, Dreambox &#8230; und andere Receiver (<\/div>\n<div>&nbsp;<\/div>\n<div>Der UCP 21 SCR-Umsetzer erzeugt zwei SCR Frequenzen: 1210 MHz (UB1) + 1420 MHz (UB2).<\/div>\n<div>Diese erm\u00f6glichen 2 verschiedenen Empfangsger\u00e4ten \u00fcber nur ein Kabel jeweils alle Sender zu empfangen.<\/div>\n<div>&nbsp;<\/div>\n<div>* Tuner\/Multischalter (mit Netzteil) muss f\u00fcr LNB und UCP21 gen\u00fcgend Strom bereitstellen (mind. 300mA)!<\/div>\n<div>Das Netzteil ist optional und nicht Bestandteil des Lieferumfangs !<\/div>\n<div>UCP 21 kann nicht an einem Quattro-LNB verwendet werden.<\/div>\n<div>&nbsp;<\/div>\n<div><b>Technical Data:<\/b><\/div>\n<div>Frequenzbereich SAT<span style=\"white-space:pre\"> <\/span>IN 1:&nbsp; &nbsp;85-2400MHz&nbsp; \/&nbsp; IN 2:&nbsp; &nbsp;950-2400MHz<\/div>\n<div>Eingangspegel<span style=\"white-space:pre\"> <\/span> 65&#8230;95 dB\u00b5V (EN50083-2 St\u00f6rstrahlung)<\/div>\n<div>Ausgangspegel<span style=\"white-space:pre\"> <\/span>85 dB\u00b5V (AGC geregelt)<\/div>\n<div>Netzteilanschluss<span style=\"white-space:pre\"> <\/span>F-Buchse \/ 18VDC \/ mind.500mA&nbsp; (bei LNB-Betrieb zwingend erforderlich) *<\/div>\n<div>Teilnehmer-B\u00e4nder<span style=\"white-space:pre\"> <\/span>Band 1:&nbsp; 1210MHz&nbsp; \/&nbsp; Band 2:&nbsp; 1420MHz<\/div>\n<div>Umgebungstemperatur<span style=\"white-space:pre\"> <\/span>-20&#8230;&#8230;+40\u00b0C<\/div>\n<div>DC-Stromaufnahme<span style=\"white-space:pre\"> <\/span>ca. 120mA (ohne Netzteil) \/ ca. 15mA (mit Netzteil *)<\/div>","protected":false},"excerpt":{"rendered":"<p>Einkabell\u00f6sung f\u00fcr alle, die nur einen Sat-Anschluss besitzen , aber zwei Receiver oder einen Twin-Receiver anschlie\u00dfen m\u00f6chten. Das Endger\u00e4t muss nur Unicable [&hellip;]<\/p>","protected":false},"featured_media":1889,"template":"","meta":[],"product_cat":[48,123],"product_tag":[],"_links":{"self":[{"href":"https:\/\/satmediawp.edv-kroiss.com\/en\/wp-json\/wp\/v2\/product\/1891"}],"collection":[{"href":"https:\/\/satmediawp.edv-kroiss.com\/en\/wp-json\/wp\/v2\/product"}],"about":[{"href":"https:\/\/satmediawp.edv-kroiss.com\/en\/wp-json\/wp\/v2\/types\/product"}],"wp:featuredmedia":[{"embeddable":true,"href":"https:\/\/satmediawp.edv-kroiss.com\/en\/wp-json\/wp\/v2\/media\/1889"}],"wp:attachment":[{"href":"https:\/\/satmediawp.edv-kroiss.com\/en\/wp-json\/wp\/v2\/media?parent=1891"}],"wp:term":[{"taxonomy":"product_cat","embeddable":true,"href":"https:\/\/satmediawp.edv-kroiss.com\/en\/wp-json\/wp\/v2\/product_cat?post=1891"},{"taxonomy":"product_tag","embeddable":true,"href":"https:\/\/satmediawp.edv-kroiss.com\/en\/wp-json\/wp\/v2\/product_tag?post=1891"}],"curies":[{"name":"wp","href":"https:\/\/api.w.org\/{rel}","templated":true}]}}