{"id":1902,"date":"2021-01-13T15:56:05","date_gmt":"2021-01-13T15:56:05","guid":{"rendered":"https:\/\/satmediawp.edv-kroiss.com\/produkt\/ffp2-25-stk-atemschutz-maske-einzelverpackt-ce-en-1492001-a12009\/"},"modified":"2024-05-17T11:20:17","modified_gmt":"2024-05-17T09:20:17","slug":"ffp2-25-stk-atemschutz-maske-einzelverpackt-ce-en-1492001-a12009","status":"publish","type":"product","link":"https:\/\/satmediawp.edv-kroiss.com\/en\/product\/ffp2-25-stk-atemschutz-maske-einzelverpackt-ce-en-1492001-a12009\/","title":{"rendered":"FFP2 25 Stk Atemschutz Maske einzelverpackt CE EN 149:2001 + A1:2009"},"content":{"rendered":"<p><strong>25 Stk hochwertige 5 lagige einzelverpackte FFP2 CE EN 149:2001 Maske in Universalgr\u00f6\u00dfe.<\/strong><\/p>\n<ul>\n<li>EU EN 149:2001+A1:2009 Zertifikat<\/li>\n<li>Masken k\u00f6nnen bis zu 8 Stunden getragen werden. Durch Aufdampfung und Trocknung wiederverwendbar.<\/li>\n<li>Lieferung in hygienischer einzelverschwei\u00dfter Verpackung!<\/li>\n<li>Flach zusammenklappbare Atemschutzmasken in Universalgr\u00f6\u00dfe. Die Maske mit dem 3-teiligen Design passt sich ideal an verschiedene Gesichtsformen und Gesichtsbewegungen an.<\/li>\n<li>Filtertechnologie mit geringem Atemwiderstand erleichtert das Atmen bei der Arbeit.<\/li>\n<li>Geniales 3-teiliges Design l\u00e4sst mehr Gesichtsbewegungen beim Sprechen zu und ist besonders angenehm zu tragen.<\/li>\n<li>Die spezielle Gestaltung der Nasenregion passt sich der Nase und den Gesichtskonturen an und erh\u00f6ht die Kompatibilit\u00e4t mit Brille\n<p><strong>KN95 Schutzmasken sind \u201c\u00e4quivalent\u201d zu FFP2, N95, P2, DS<\/strong><\/li>\n<li>KN95 (China GB2626-2006)<\/li>\n<li>FFP2 (Europa EN 149-2001)<\/li>\n<li>N95 (United States NIOSH-42CFR84)<\/li>\n<li>P2 (Australia\/New Zealand AS\/NZA 1716:2012)<\/li>\n<li>DS (Japan JMHLW-Notification 214, 2018)<\/li>\n<\/ul>\n<p>Hygieneartikel sind von der R\u00fcckgabe ausgeschlossen.<br \/>FFP2: filtrierenden Halbmasken<br \/>MNS: Mund Nase Schutz Maske&nbsp;<br \/>Jeweils zum Schutz gegen Partikeln als pers\u00f6nliche Schutzausr\u00fcstung.<br \/>Nicht f\u00fcr den medizinischen Einsatz geeignet.<\/p>","protected":false},"excerpt":{"rendered":"<p>25 Stk hochwertige 5 lagige einzelverpackte FFP2 CE EN 149:2001 Maske in Universalgr\u00f6\u00dfe. EU EN 149:2001+A1:2009 Zertifikat Masken k\u00f6nnen bis zu 8 [&hellip;]<\/p>","protected":false},"featured_media":1897,"template":"","meta":[],"product_cat":[79,73],"product_tag":[],"_links":{"self":[{"href":"https:\/\/satmediawp.edv-kroiss.com\/en\/wp-json\/wp\/v2\/product\/1902"}],"collection":[{"href":"https:\/\/satmediawp.edv-kroiss.com\/en\/wp-json\/wp\/v2\/product"}],"about":[{"href":"https:\/\/satmediawp.edv-kroiss.com\/en\/wp-json\/wp\/v2\/types\/product"}],"wp:featuredmedia":[{"embeddable":true,"href":"https:\/\/satmediawp.edv-kroiss.com\/en\/wp-json\/wp\/v2\/media\/1897"}],"wp:attachment":[{"href":"https:\/\/satmediawp.edv-kroiss.com\/en\/wp-json\/wp\/v2\/media?parent=1902"}],"wp:term":[{"taxonomy":"product_cat","embeddable":true,"href":"https:\/\/satmediawp.edv-kroiss.com\/en\/wp-json\/wp\/v2\/product_cat?post=1902"},{"taxonomy":"product_tag","embeddable":true,"href":"https:\/\/satmediawp.edv-kroiss.com\/en\/wp-json\/wp\/v2\/product_tag?post=1902"}],"curies":[{"name":"wp","href":"https:\/\/api.w.org\/{rel}","templated":true}]}}