{"id":1907,"date":"2021-04-14T10:16:05","date_gmt":"2021-04-14T10:16:05","guid":{"rendered":"https:\/\/satmediawp.edv-kroiss.com\/produkt\/profi-uv-vollkupfer-koaxkabel-7mm-meterware-3-fach-geschirmt-uhd\/"},"modified":"2024-05-17T11:20:17","modified_gmt":"2024-05-17T09:20:17","slug":"profi-uv-vollkupfer-koaxkabel-7mm-meterware-3-fach-geschirmt-uhd","status":"publish","type":"product","link":"https:\/\/satmediawp.edv-kroiss.com\/en\/product\/profi-uv-vollkupfer-koaxkabel-7mm-meterware-3-fach-geschirmt-uhd\/","title":{"rendered":"Professional UV solid copper coaxial cable 7mm sold by the meter 3-fold shielding UHD"},"content":{"rendered":"<p>Meterware &#8211; Preis pro Meter.<\/p>\n<p>Profi UV-best\u00e4ndiges Vollkupfer-Kabel mit optimalen D\u00e4mpfungswerten und &gt;95db Schirmungsma\u00df (3 fach Abschirmung).<br \/>Geeignet f\u00fcr Verlegungen im Innen und Au\u00dfenbereich!<br \/>Geeignet f\u00fcr Verlegungen zusammen mit Stromleitungen!<br \/>DVB-C\/DVB-T2\/DVB-S2 &#8211; HD\/FullHD\/UHD 4k Koaxkabel mit Meteraufdruck f\u00fcr 7mm F-Stecker (Schraub, PushOn, Kompression)<\/p>\n<p>Au\u00dfendurchmesser: 6,9mm  <br \/><b>Inner diameter Cu wire: 1.13 mm <\/b><br \/>Insulation: 5.0 mm PEE<br \/><b>UV- &amp; Witterungsbest\u00e4ndig<\/b><br \/><b>new, high-quality PVC jacket<br \/><\/b>Shielding: AL + 128 * 0.12 mm AL braiding<br \/>Fire behavior class: Eca (according to the construction products regulation EN 50575)<\/p>\n<p>D\u00e4mpfung:<br \/>80MHz: 4.8 dB\/100m<br \/>400MHz: 11,2 dB\/100m<br \/>750MHz: 16,4 dB\/100m<br \/>1600MHz: 25.6 dB\/100m<br \/>2150MHz: 28,9 dB\/100m<\/p>","protected":false},"excerpt":{"rendered":"<p>Meterware &#8211; Preis pro Meter. Profi UV-best\u00e4ndiges Vollkupfer-Kabel mit optimalen D\u00e4mpfungswerten und &gt;95db Schirmungsma\u00df (3 fach Abschirmung).Geeignet f\u00fcr Verlegungen im Innen und [&hellip;]<\/p>","protected":false},"featured_media":1906,"template":"","meta":[],"product_cat":[77,49,130],"product_tag":[],"_links":{"self":[{"href":"https:\/\/satmediawp.edv-kroiss.com\/en\/wp-json\/wp\/v2\/product\/1907"}],"collection":[{"href":"https:\/\/satmediawp.edv-kroiss.com\/en\/wp-json\/wp\/v2\/product"}],"about":[{"href":"https:\/\/satmediawp.edv-kroiss.com\/en\/wp-json\/wp\/v2\/types\/product"}],"wp:featuredmedia":[{"embeddable":true,"href":"https:\/\/satmediawp.edv-kroiss.com\/en\/wp-json\/wp\/v2\/media\/1906"}],"wp:attachment":[{"href":"https:\/\/satmediawp.edv-kroiss.com\/en\/wp-json\/wp\/v2\/media?parent=1907"}],"wp:term":[{"taxonomy":"product_cat","embeddable":true,"href":"https:\/\/satmediawp.edv-kroiss.com\/en\/wp-json\/wp\/v2\/product_cat?post=1907"},{"taxonomy":"product_tag","embeddable":true,"href":"https:\/\/satmediawp.edv-kroiss.com\/en\/wp-json\/wp\/v2\/product_tag?post=1907"}],"curies":[{"name":"wp","href":"https:\/\/api.w.org\/{rel}","templated":true}]}}