{"id":1910,"date":"2021-04-14T10:41:08","date_gmt":"2021-04-14T10:41:08","guid":{"rendered":"https:\/\/satmediawp.edv-kroiss.com\/produkt\/profi-quattro-lnb-inverto-home-pro-uln-pll-lte-4g\/"},"modified":"2024-05-17T11:20:17","modified_gmt":"2024-05-17T09:20:17","slug":"profi-quattro-lnb-inverto-home-pro-uln-pll-lte-4g","status":"publish","type":"product","link":"https:\/\/satmediawp.edv-kroiss.com\/en\/product\/profi-quattro-lnb-inverto-home-pro-uln-pll-lte-4g\/","title":{"rendered":"Profi Quattro LNB Inverto Home Pro ULN+ PLL LTE\/4G"},"content":{"rendered":"<p>Profi &#8211; Quattro LNB f\u00fcr Kopfstationen.<br \/>Mit PLL, ULN+ Ultra Low Noise Reduction Technology und 4G LTE Filter<\/p>\n<p>Geeignet f\u00fcr den Multischalter-Betrieb.<\/p>\n<p><span class=\"tlid-translation translation\"><span title=\"\" class=\"\">Bei diesem LNB handelt es sich um ein Hochleistungsprodukt, das den Bedarf an hervorragendem Empfang unter den R\u00e4ndern der Satellitenfu\u00dfabdeckung erf\u00fcllt.<\/span> <span title=\"\" class=\"\">Dank seines neuartigen Front-End-Designs und seiner \u00fcberlegenen Komponenten bietet dieser LNB einen h\u00f6heren Umwandlungsgewinn bei geringerem Rauschma\u00df und bestem Phasenrauschen.<\/span> <span title=\"\" class=\"\">Die Kombination von Komponenten mit h\u00f6herer Spezifikation, eine hervorragende Isolierung der Kreuzpolarisation und ein fortschrittliches Filterdesign erm\u00f6glichen eine verbesserte Handhabung st\u00f6render St\u00f6rger\u00e4usche.<\/span> <span title=\"\" class=\"\">Alles in allem bietet dieser LNB einen Sprung in der Gesamtempfangsleistung im Vergleich zu Standard-LNBs.<\/span> <span title=\"\" class=\"\">Der LNB erm\u00f6glicht den Empfang von Signalen von einem Satelliten und dessen Verteilung \u00fcber Multi-Switch an zahlreiche Set-Top-Boxen und ist bereit f\u00fcr High Definition-\u00dcbertragungen.<\/span> <span title=\"\" class=\"\">Der LNB wurde entwickelt, um strengen Spezifikationen zu entsprechen und nach h\u00f6chsten Qualit\u00e4tsstandards gefertigt zu werden. Dies ist eine ideale L\u00f6sung f\u00fcr den Satellitenempfang in ganz Europa.<\/span><\/span><\/p>","protected":false},"excerpt":{"rendered":"<p>Profi &#8211; Quattro LNB f\u00fcr Kopfstationen.Mit PLL, ULN+ Ultra Low Noise Reduction Technology und 4G LTE Filter Geeignet f\u00fcr den Multischalter-Betrieb. Bei [&hellip;]<\/p>","protected":false},"featured_media":1908,"template":"","meta":[],"product_cat":[76,47,107],"product_tag":[],"_links":{"self":[{"href":"https:\/\/satmediawp.edv-kroiss.com\/en\/wp-json\/wp\/v2\/product\/1910"}],"collection":[{"href":"https:\/\/satmediawp.edv-kroiss.com\/en\/wp-json\/wp\/v2\/product"}],"about":[{"href":"https:\/\/satmediawp.edv-kroiss.com\/en\/wp-json\/wp\/v2\/types\/product"}],"wp:featuredmedia":[{"embeddable":true,"href":"https:\/\/satmediawp.edv-kroiss.com\/en\/wp-json\/wp\/v2\/media\/1908"}],"wp:attachment":[{"href":"https:\/\/satmediawp.edv-kroiss.com\/en\/wp-json\/wp\/v2\/media?parent=1910"}],"wp:term":[{"taxonomy":"product_cat","embeddable":true,"href":"https:\/\/satmediawp.edv-kroiss.com\/en\/wp-json\/wp\/v2\/product_cat?post=1910"},{"taxonomy":"product_tag","embeddable":true,"href":"https:\/\/satmediawp.edv-kroiss.com\/en\/wp-json\/wp\/v2\/product_tag?post=1910"}],"curies":[{"name":"wp","href":"https:\/\/api.w.org\/{rel}","templated":true}]}}