{"id":1928,"date":"2021-06-18T11:07:18","date_gmt":"2021-06-18T11:07:18","guid":{"rendered":"https:\/\/satmediawp.edv-kroiss.com\/produkt\/samsung-ue55ru7179-uhd-4k-smart-tv\/"},"modified":"2024-05-17T11:20:17","modified_gmt":"2024-05-17T09:20:17","slug":"samsung-ue55ru7179-uhd-4k-smart-tv","status":"publish","type":"product","link":"https:\/\/satmediawp.edv-kroiss.com\/en\/product\/samsung-ue55ru7179-uhd-4k-smart-tv\/","title":{"rendered":"Samsung UE55RU7179 UHD 4K Smart TV"},"content":{"rendered":"<div><font color=\"#1e1e1e\" face=\"Asap, Helvetica, Arial, sans-serif\"><span style=\"font-size: 14.4px;\">Der Samsung UE55RU7179 UXZG ist ein LED-TV mit 138 cm (55 Zoll) Bildschirmdiagonale und erstklassiger Ausstattung. Genie\u00dfen Sie Filme, Fernsehserien und mehr in gestochen scharfer 4K-Aufl\u00f6sung (Ultra High Density \u2013 UHD). Dank Internetverbindung per WLAN haben Sie mit diesem Smart-TV direkten Zugriff auf Videoportale und Streaminganbieter. Bevorzugen Sie das klassische Fernsehen, k\u00f6nnen Sie \u00fcber den Dreifach-Tuner des Ger\u00e4tes auf digitalen Antennenempfang, Kabel und Satellit zugreifen. Diverse weitere Anschl\u00fcsse erlauben eine Verbindung des Fernsehers mit anderen Ger\u00e4ten wie Ihrem Surround-Stereo-System f\u00fcr kinoreifen Klang.<\/span><\/font><\/div>\n<div><font color=\"#1e1e1e\" face=\"Asap, Helvetica, Arial, sans-serif\"><span style=\"font-size: 14.4px;\"><br \/><\/span><\/font><\/div>\n<div><font color=\"#1e1e1e\" face=\"Asap, Helvetica, Arial, sans-serif\"><span style=\"font-size: 14.4px;\">Der Samsung UE55RU7179 UXZG begeistert mit seinem hervorragenden Preis-Leistungs-Verh\u00e4ltnis und seiner umfangreichen Ausstattung. Als Smart-TV ist er direkt mit dem Internet verbunden und wird zur Schaltstelle Ihrer Multimediaanlage zu Hause. Rufen Sie Ihre Lieblingsserien bei Netflix ab, schauen Sie sich die neuesten Videos bei YouTube an oder kommunizieren Sie per Videochat mit Oma am anderen Ende der Republik. Das Modell unterst\u00fctzt den DLNA-Standard der Digital Living Network Alliance, der insgesamt 250 Hersteller angeh\u00f6ren. Dies bedeutet, dass Ihr Fernseher mit den unterschiedlichsten Markenger\u00e4ten kommunizieren kann. Streamen Sie zum Beispiel Ihr Video vom Huawei Smartphone oder Acer Laptop direkt auf den Samsung Fernseher.<\/span><\/font><\/div>\n<div><font color=\"#1e1e1e\" face=\"Asap, Helvetica, Arial, sans-serif\"><span style=\"font-size: 14.4px;\"><br \/><\/span><\/font><\/div>\n<div><font color=\"#1e1e1e\" face=\"Asap, Helvetica, Arial, sans-serif\"><span style=\"font-size: 14.4px;\">Beim klassischen Fernseher war es wichtig, nicht zu nahe am Bildschirm zu sitzen, damit sich das bewegte Bild nicht in winzige Pixel aufl\u00f6ste. Bei einem modernen, hochaufl\u00f6senden 4K-Fernseher wie dem Samsung UE55RU7179 UXZG ist dies nicht n\u00f6tig. Selbst, wenn Sie mit der Nase fast den Bildschirm ber\u00fchren, sind einzelne Bildpunkte nicht mehr erkennbar. Empfehlenswert ist ein Abstand von etwa 2,20 Metern, damit Ihre Augen den vollst\u00e4ndigen Bildschirm bequem erfassen.<\/span><\/font><\/div>\n<div><font color=\"#1e1e1e\" face=\"Asap, Helvetica, Arial, sans-serif\"><span style=\"font-size: 14.4px;\"><br \/><\/span><\/font><\/div>\n<div><font color=\"#1e1e1e\" face=\"Asap, Helvetica, Arial, sans-serif\"><span style=\"font-size: 14.4px;\">Der Samsung LED-TV ist ein leistungsstarker Allrounder f\u00fcr jeden Haushalt und das perfekte Herzst\u00fcck f\u00fcr Ihre Multimedia-Anlage. Genie\u00dfen Sie Live-Sport\u00fcbertragungen auf dem 55 Zoll gro\u00dfen, hochaufl\u00f6senden Bildschirm, die neuesten Kino-Blockbuster oder Ihre Lieblingsserien. Wenn Sie das Internet nur selten nutzen, macht der Smart-TV mit kabelloser Internetverbindung sogar den zus\u00e4tzlichen Laptop in Ihrem Haushalt \u00fcberfl\u00fcssig. Schlie\u00dfen Sie Ihre Spielkonsole an den Fernseher an, wenn Sie gerne Games zocken, oder ein leistungsstarkes Surroundsystem f\u00fcr ein optimales Klangerlebnis w\u00fcnschen.<\/span><\/font><\/div>\n<div><font color=\"#1e1e1e\" face=\"Asap, Helvetica, Arial, sans-serif\"><span style=\"font-size: 14.4px;\"><br \/><\/span><\/font><\/div>\n<div><font color=\"#1e1e1e\" face=\"Asap, Helvetica, Arial, sans-serif\"><span style=\"font-size: 14.4px;\">Herstellerinfo:<\/span><\/font><\/div>\n<div><font color=\"#1e1e1e\" face=\"Asap, Helvetica, Arial, sans-serif\"><span style=\"font-size: 14.4px;\"><a href=\"https:\/\/www.samsung.com\/de\/tvs\/uhd-4k-tv\/ru7179-55-inch-crystal-uhd-tv-ue55ru7179uxzg\/\" target=\"_blank\" rel=\"noopener\">https:\/\/www.samsung.com\/de\/tvs\/uhd-4k-tv\/ru7179-55-inch-crystal-uhd-tv-ue55ru7179uxzg\/<\/a><\/span><br \/><\/font><\/div>","protected":false},"excerpt":{"rendered":"<p>Der Samsung UE55RU7179 UXZG ist ein LED-TV mit 138 cm (55 Zoll) Bildschirmdiagonale und erstklassiger Ausstattung. Genie\u00dfen Sie Filme, Fernsehserien und mehr [&hellip;]<\/p>","protected":false},"featured_media":1927,"template":"","meta":[],"product_cat":[51,81],"product_tag":[],"_links":{"self":[{"href":"https:\/\/satmediawp.edv-kroiss.com\/en\/wp-json\/wp\/v2\/product\/1928"}],"collection":[{"href":"https:\/\/satmediawp.edv-kroiss.com\/en\/wp-json\/wp\/v2\/product"}],"about":[{"href":"https:\/\/satmediawp.edv-kroiss.com\/en\/wp-json\/wp\/v2\/types\/product"}],"wp:featuredmedia":[{"embeddable":true,"href":"https:\/\/satmediawp.edv-kroiss.com\/en\/wp-json\/wp\/v2\/media\/1927"}],"wp:attachment":[{"href":"https:\/\/satmediawp.edv-kroiss.com\/en\/wp-json\/wp\/v2\/media?parent=1928"}],"wp:term":[{"taxonomy":"product_cat","embeddable":true,"href":"https:\/\/satmediawp.edv-kroiss.com\/en\/wp-json\/wp\/v2\/product_cat?post=1928"},{"taxonomy":"product_tag","embeddable":true,"href":"https:\/\/satmediawp.edv-kroiss.com\/en\/wp-json\/wp\/v2\/product_tag?post=1928"}],"curies":[{"name":"wp","href":"https:\/\/api.w.org\/{rel}","templated":true}]}}