{"id":1931,"date":"2024-05-16T09:45:57","date_gmt":"2024-05-16T07:45:57","guid":{"rendered":"https:\/\/satmediawp.edv-kroiss.com\/?post_type=product&#038;p=1931"},"modified":"2024-05-17T11:21:17","modified_gmt":"2024-05-17T09:21:17","slug":"econ-pro-quad-lnb-01db-lte-uhd","status":"publish","type":"product","link":"https:\/\/satmediawp.edv-kroiss.com\/en\/product\/econ-pro-quad-lnb-01db-lte-uhd\/","title":{"rendered":"Econ Pro Quad LNB 0,1dB LTE UHD"},"content":{"rendered":"<p>Econ Pro Universal Quad LNB Generation mit LTE Filter, 0,1dB Rauschma\u00df und eingebautem 60dB Verst\u00e4rker! <br \/> Geeignet f\u00fcr 4 Teilnehmer f\u00fcr Digital und FullHDTV\/UHD Empfang.  <\/p>\n<p>Technical Data:   <br \/>&#8211; Universal Frequenzbereich: 10,7 &#8211; 12,75 GHz <br \/>  &#8211; 0,1dB Rauschma\u00df mit 60dB Verst\u00e4rkung ! <br \/>  &#8211; 4k\/UHD\/Full-HD DVB-S2 und 3D kompatibel   <br \/>&#8211; geringer Stromverbrauch mit Long Life Elektronik   <br \/>&#8211; Hitze und K\u00e4ltebest\u00e4ndig inkl. Wasserschutzfunktion<br \/>&#8211; LTE Filter<br \/>&#8211; 40mm Feed-Durchmesser<\/p>","protected":false},"excerpt":{"rendered":"<p>Econ Pro Universal Quad LNB Generation mit LTE Filter, 0,1dB Rauschma\u00df und eingebautem 60dB Verst\u00e4rker! Geeignet f\u00fcr 4 Teilnehmer f\u00fcr Digital und [&hellip;]<\/p>","protected":false},"featured_media":1930,"template":"","meta":[],"product_cat":[47,106],"product_tag":[],"_links":{"self":[{"href":"https:\/\/satmediawp.edv-kroiss.com\/en\/wp-json\/wp\/v2\/product\/1931"}],"collection":[{"href":"https:\/\/satmediawp.edv-kroiss.com\/en\/wp-json\/wp\/v2\/product"}],"about":[{"href":"https:\/\/satmediawp.edv-kroiss.com\/en\/wp-json\/wp\/v2\/types\/product"}],"wp:featuredmedia":[{"embeddable":true,"href":"https:\/\/satmediawp.edv-kroiss.com\/en\/wp-json\/wp\/v2\/media\/1930"}],"wp:attachment":[{"href":"https:\/\/satmediawp.edv-kroiss.com\/en\/wp-json\/wp\/v2\/media?parent=1931"}],"wp:term":[{"taxonomy":"product_cat","embeddable":true,"href":"https:\/\/satmediawp.edv-kroiss.com\/en\/wp-json\/wp\/v2\/product_cat?post=1931"},{"taxonomy":"product_tag","embeddable":true,"href":"https:\/\/satmediawp.edv-kroiss.com\/en\/wp-json\/wp\/v2\/product_tag?post=1931"}],"curies":[{"name":"wp","href":"https:\/\/api.w.org\/{rel}","templated":true}]}}