{"id":1934,"date":"2021-07-07T11:07:01","date_gmt":"2021-07-07T11:07:01","guid":{"rendered":"https:\/\/satmediawp.edv-kroiss.com\/produkt\/gibertini-profi-op-se-alu-spiegel-100-cm-hellgrau\/"},"modified":"2024-05-17T11:21:14","modified_gmt":"2024-05-17T09:21:14","slug":"gibertini-profi-op-se-alu-spiegel-100-cm-hellgrau","status":"publish","type":"product","link":"https:\/\/satmediawp.edv-kroiss.com\/en\/product\/gibertini-profi-op-se-alu-spiegel-100-cm-hellgrau\/","title":{"rendered":"Gibertini Profi OP SE Alu Spiegel 100 cm Hellgrau"},"content":{"rendered":"<p><b>Vollmetall Profi Spiegel aus dem Hause Gibertini Made in Italy.<\/b><\/p>\n<p>Die original Profi OP SE Serie ist die hochwertigste Konstruktion vom spezialisierten italienischen Antennenbauer GIBERTINI mit einem hohen Verst\u00e4rkungsfaktor! Eine absolute Empfehlung!<br \/>Diese SE Profi Serie zeichnet sich durch den sehr stabilen Doppelrahmen-Feedarm, in dem auch die Kabel verlegt werden k\u00f6nnen, und ein vollkommen neu konstruierter, in silber lackierter Elevationshalter, sowie einen massiven Alu-Druckguss LNB-Halter aus.<br \/>In Punkto Langlebigkeit setzt diese Antenne die Messlatte nochmal h\u00f6her als man es von den hochwertigen Gibertini L- und X-Serien schon gewohnt ist.<br \/>Das extrem stabile Stahl-R\u00fcckenteil in Verbindung mit dem massiven neuen Elevationshalter und dem neuen Doppelrahmen-Feedarm reduziert die Anf\u00e4lligkeit f\u00fcr Windb\u00f6en auf ein Minimum.<\/p>\n<p><b>Highlights der SE-Serie:<br \/><\/b>\u00b7Doppelrahmen-Feedarm &#8211; in Reflektorfarbe<br \/>\u00b7massiver neuer Elevationshalter &#8211; silber lackiert<br \/>\u00b7Kabelf\u00fchrung im Doppelrahmen-Feedarm<br \/>\u00b7Alu-Druckguss LNB Halter 40 mm<br \/>\u00b74 Reflektor-Verschraubungen<br \/>\u00b7R\u00fcckenteil \/ Elevationshalter \/ Masthalterung \/ Feedarm vormontiert<br \/>\u00b7komplett polyesterbeschichtet<br \/>\u00b7massive Fl\u00fcgelschrauben mit Maulschl\u00fcsselzugang<br \/>\u00b7Kabelbinder am unteren Feedarmausgang<br \/>\u00b7Schnellaufbau in ca. 3 Minuten<\/p>\n<p>Der Spiegel wird teilweise vormontiert geliefert (aus Gr\u00fcnden der Transportsicherheit) und mit der speziellen Quick-Fix-Masthalterung problemlos und schnell an einem Masten von 30-90 mm Durchmesser befestigt. Die \u00e4u\u00dferst stabile Masthalterung ist aus verzinktem Stahl gefertigt und f\u00fcr bestm\u00f6glichen Korrosionsschutz polyesterbeschichtet. <br \/>Die Antenne ist besonders geeignet f\u00fcr Mehrsatellitenempfang! Es sind passende Feedhalter f\u00fcr den Mehrsatellitenempfang f\u00fcr Gibertini verf\u00fcgbar (Gibertini MFP 1~4).<\/p>\n<p><b>Material und Verarbeitung<br \/><\/b>Reflektor: Aluminium, Feedhalter: Aludruckguss, Halterung: Sendzimir-bandverzinkter Stahl, pulverbeschichtet, Kleinteile: Inox oder Zinkdruckguss. Robuster, sickenverst\u00e4rkter Rahmenaufbau, 2-flankiger Feedarm mit seitlicher Kabelf\u00fchrung, geringe Schneeablage.<\/p>\n<p><b>Montage<br \/><\/b>Hoher Vormontagegrad, Inbusschl\u00fcssel an Bord: Masthalter und Feedarm ausklappen und fixieren, Feedhalter mit LNB best\u00fccken und befestigen (Inbus), Antenne mit Fl\u00fcgelmuttern ausrichten und sichern, Reflektor-schrauben (Inbus) auf festen Sitz \u00fcberpr\u00fcfen, Kabel in F\u00fchrung einlegen.<\/p>\n<p><b>Signalqualit\u00e4t<br \/><\/b>Extrem pr\u00e4zise Reflektorpressung und Fokusabstimmung<\/p>\n<p><b>Langlebigkeit<br \/><\/b>Dank der sehr haltbaren Vormaterialien wie Aluminium und Inox und dem hohen Korrosionsschutz der Stahlteile (Verzinkung + Pulverbeschichtung) haben wir im bezahlbaren Rahmen alles getan, um unseren SE-Antennen eine m\u00f6glichst lange Lebensdauer zu sichern.<\/p>\n<p><b>Technische Parameter:<br \/><\/b>Frequenzbereich: 10,00 &#8211; 13,00 GHz<br \/>Au\u00dfenma\u00dfe: 97,0 x 104,0 cm<br \/>Verst\u00e4rkung (bei 10,70 GHz): 39,0 dB<br \/>Verst\u00e4rkung (bei 12,75 GHz): 40,5 dB<br \/>F \/ D-Verh\u00e4ltnis (Fokus \/ Parabeldurchmesser): 0,66<br \/>Strahlbreite: 1,7 \u00b0<br \/>Neigungswinkelbereich: 0 &#8211; 80\u00b0<br \/>Mastdurchmesser: 30 &#8211; 90 mm<br \/>Windb\u00f6e (bei 120 km\/h): 98 kg<br \/>Betriebstemperatur: -30 &#8211; +70\u00b0C<br \/>Luftfeuchtigkeit: bis zu 100 % (kondensiert)<\/p>\n<p><b>Scope of delivery:<br \/><\/b>1x Profi OP SE 100cm Aluminium Spiegel mit 4 Punktbefestigung<br \/>1x R\u00fcckenteil komplett vormontiert, lackiert mit einstellbarem Elevationswinkel.<br \/>1x ALU-Feedarm mit Kabeldurchf\u00fchrung<br \/>1x ALU Druckguss LNB-Halterung f\u00fcr 40mm LNBs<br \/>1x Mastbefestigungsschelle f\u00fcr Mastdurchmesser von 30-90mm<br \/>1x Schraubensatz<br \/>1x Montageaufbauanleitung<\/p>\n<p style=\"box-sizing: border-box; margin: 0px 0px 9px;\">","protected":false},"excerpt":{"rendered":"<p>Vollmetall Profi Spiegel aus dem Hause Gibertini Made in Italy. Die original Profi OP SE Serie ist die hochwertigste Konstruktion vom spezialisierten [&hellip;]<\/p>","protected":false},"featured_media":1932,"template":"","meta":[],"product_cat":[41,75,46,115],"product_tag":[],"_links":{"self":[{"href":"https:\/\/satmediawp.edv-kroiss.com\/en\/wp-json\/wp\/v2\/product\/1934"}],"collection":[{"href":"https:\/\/satmediawp.edv-kroiss.com\/en\/wp-json\/wp\/v2\/product"}],"about":[{"href":"https:\/\/satmediawp.edv-kroiss.com\/en\/wp-json\/wp\/v2\/types\/product"}],"wp:featuredmedia":[{"embeddable":true,"href":"https:\/\/satmediawp.edv-kroiss.com\/en\/wp-json\/wp\/v2\/media\/1932"}],"wp:attachment":[{"href":"https:\/\/satmediawp.edv-kroiss.com\/en\/wp-json\/wp\/v2\/media?parent=1934"}],"wp:term":[{"taxonomy":"product_cat","embeddable":true,"href":"https:\/\/satmediawp.edv-kroiss.com\/en\/wp-json\/wp\/v2\/product_cat?post=1934"},{"taxonomy":"product_tag","embeddable":true,"href":"https:\/\/satmediawp.edv-kroiss.com\/en\/wp-json\/wp\/v2\/product_tag?post=1934"}],"curies":[{"name":"wp","href":"https:\/\/api.w.org\/{rel}","templated":true}]}}