{"id":1953,"date":"2021-07-13T11:41:45","date_gmt":"2021-07-13T11:41:45","guid":{"rendered":"https:\/\/satmediawp.edv-kroiss.com\/produkt\/d-line-profi-voll-alu-spiegel-80-cm-ziegelrot\/"},"modified":"2024-05-17T13:43:02","modified_gmt":"2024-05-17T11:43:02","slug":"d-line-profi-voll-alu-spiegel-80-cm-ziegelrot","status":"publish","type":"product","link":"https:\/\/satmediawp.edv-kroiss.com\/en\/product\/d-line-profi-voll-alu-spiegel-80-cm-ziegelrot\/","title":{"rendered":"D-Line Profi Voll ALU Spiegel 80 cm Ziegelrot"},"content":{"rendered":"<p><b>Highlights:<\/b><\/p>\n<p>&#8211; In Stabilit\u00e4t, Qualit\u00e4t und Empfangsleistung auf dem neuesten Stand der Technik<br \/>&#8211; R\u00fcckenteil, LNB-Arm und Halter sind aus Aluminium-Druckguss. Der Reflektor aus hochwertigem Aluminium<br \/>&#8211; Bereits vormontiert! &#8211; Leicht, montagefreundlich und absolut verwindungsfrei<br \/>&#8211; Extrem stabil und langlebig da nur beste Materialien verwendet werden<br \/>&#8211; Gewinn (12,75GHz): 38,2dB<\/p>\n<p>Die D-Line Serie ist in Stabilit\u00e4t, Qualit\u00e4t und Empfangsleistung ein auf dem neuesten Stand der Technik entwickelter Sat Spiegel. H\u00f6chste Anspr\u00fcche wurden bis ins kleinste Detail verwirklicht. Das R\u00fcckenteil und der LNB-Arm sind aus verstrebtem Aluminium Guss gefertigt. Dies hat den Vorteil, dass der Halter sehr leicht, also montagefreundlich und absolut verwindungsfrei ist. Gro\u00dfe Abst\u00e4nde zwischen den Aufnahmepunkten geben dem Reflektor zus\u00e4tzlichen Halt. Auch h\u00f6chste Windgeschwindigkeiten k\u00f6nnen diesen Spiegel nichts anhaben.<br \/><b><br \/>Langlebigkeit<\/b><\/p>\n<p>Nur die besten Materialien wurden hier verwendet. Das R\u00fcckenteil und der LNB-Arm sind aus pulverbeschichtetem Aluminium Druckguss hergestellt. Der LNB-Halter ist ebenfalls aus Aluminium-Druckguss gefertigt. Auch der Reflektor&nbsp; besteht aus hochwertigem Aluminium. Die Schrauben sind entweder aus Edelstahl V2 oder wie die restlichen Teile verzinkt.&nbsp;<\/p>\n<p><b><br \/>Montagefreundlich<\/b><\/p>\n<p>Das vormontierte R\u00fcckenteil mit LNB-Arm und LNB-Halter muss nur aufgeklappt werden. An den vormontierten Edelstahlschrauben wird der Reflektor eingeh\u00e4ngt. Gro\u00dfe Fl\u00fcgelschrauben vereinfachen zus\u00e4tzlich die Montage. Mitgelieferte Kabelbinder verstauen die Antennen Kabel unter dem LNB-Arm.<br \/>EASY FIX Einstellung durch die eingepresste Grad-Skala.<\/p>\n<p><b><br \/>Multifeed Empfang (optional)<\/b><\/p>\n<p>Auch der Multifeed und LNB-Halter werden aus hochwertigem Aluminium-Druckguss geliefert.<br \/>Eine auf dem Multifeed Halter abgebildete Grad-Einteilung erm\u00f6glicht die exakte Einstellung zwischen 3\u00b0 und 14\u00b0.<\/p>\n<p><b><br \/>Technische Daten<\/b><\/p>\n<p>Mast-Aufnahme (2 x Mastschellen)&nbsp; &nbsp;&nbsp;&nbsp;&nbsp;32 &#8211; 60mm<br \/>LNB Feed (ALU-Druckguss)&nbsp; <span style=\"white-space: pre;\">\t\t<\/span>&nbsp;&nbsp;&nbsp;&nbsp;40mm<br \/>R\u00fcckenteil und LNB-Arm<span style=\"white-space: pre;\">\t\t\t<\/span>&nbsp;&nbsp;&nbsp;&nbsp;Alu-Druckguss (pulverbeschichtet)<br \/>Reflektor<span style=\"white-space: pre;\">\t\t\t\t<\/span>&nbsp;&nbsp;&nbsp;&nbsp;&nbsp;&nbsp;&nbsp;&nbsp;&nbsp;&nbsp;&nbsp;&nbsp;&nbsp;&nbsp;&nbsp;&nbsp;&nbsp;&nbsp;&nbsp;&nbsp;Alu-Druckguss (pulverbeschichtet)<br \/>RAL-Farben<span style=\"white-space: pre;\">\t\t\t\t<\/span>&nbsp;&nbsp;&nbsp;&nbsp;&nbsp;&nbsp;&nbsp;&nbsp;&nbsp;&nbsp;&nbsp;&nbsp;&nbsp;&nbsp;&nbsp;&nbsp;&nbsp;&nbsp;&nbsp;&nbsp;Hell (7035), Anthrazit (7012), Rot (8012)<br \/>Reflektor-Ma\u00dfe<span style=\"white-space: pre;\">\t\t\t\t<\/span>&nbsp;&nbsp;&nbsp;&nbsp;&nbsp;&nbsp;&nbsp;&nbsp;&nbsp;&nbsp;&nbsp;&nbsp;80cm x 75cm<br \/>Edelstahl-Schrauben<span style=\"white-space: pre;\">\t\t\t<\/span>&nbsp;&nbsp;&nbsp;&nbsp;&nbsp;&nbsp;&nbsp;&nbsp;&nbsp;&nbsp;&nbsp;&nbsp;V2 (restliche Teile verzinkt)<br \/>Windlast bei 100km\/h<span style=\"white-space: pre;\">\t\t\t<\/span>&nbsp;&nbsp;&nbsp;&nbsp;&nbsp;&nbsp;&nbsp;&nbsp;&nbsp;&nbsp;&nbsp;&nbsp;28kg<br \/>Windlast bei 150km\/h<span style=\"white-space: pre;\">\t\t\t<\/span>&nbsp;&nbsp;&nbsp;&nbsp;&nbsp;&nbsp;&nbsp;&nbsp;&nbsp;&nbsp;&nbsp;&nbsp;62kg<br \/>Gewinn bei 12,75GHz<span style=\"white-space: pre;\">\t\t\t<\/span>&nbsp;&nbsp;&nbsp;&nbsp;&nbsp;&nbsp;&nbsp;&nbsp;&nbsp;&nbsp;&nbsp;&nbsp;ca. 38,2dB<br \/>Gewicht<span style=\"white-space: pre;\">\t\t\t\t\t<\/span>&nbsp;&nbsp;&nbsp;&nbsp;&nbsp;&nbsp;&nbsp;&nbsp;&nbsp;&nbsp;&nbsp;&nbsp;&nbsp;&nbsp;&nbsp;&nbsp;&nbsp;&nbsp;&nbsp;&nbsp;3,45kg<\/p>\n<p>&nbsp;<\/p>\n<p>Magazin: DIGITAL FERNSEHEN 5.2014; Ergebnis: \u201esehr gut\u201c; www.digitalfernsehen.de<br \/>Magazin: SATELLIT 2.2014; Ergebnis: \u201esehr gut\u201c; www.satdigital.de<br \/>Magazin: Cable!Vision 3.2015; Ergebnis: \u201esehr gut\u201c; www.cablevision-europe.de&nbsp;<\/p>","protected":false},"excerpt":{"rendered":"<p>Highlights: &#8211; In Stabilit\u00e4t, Qualit\u00e4t und Empfangsleistung auf dem neuesten Stand der Technik&#8211; R\u00fcckenteil, LNB-Arm und Halter sind aus Aluminium-Druckguss. Der Reflektor [&hellip;]<\/p>","protected":false},"featured_media":1952,"template":"","meta":[],"product_cat":[46,115],"product_tag":[],"_links":{"self":[{"href":"https:\/\/satmediawp.edv-kroiss.com\/en\/wp-json\/wp\/v2\/product\/1953"}],"collection":[{"href":"https:\/\/satmediawp.edv-kroiss.com\/en\/wp-json\/wp\/v2\/product"}],"about":[{"href":"https:\/\/satmediawp.edv-kroiss.com\/en\/wp-json\/wp\/v2\/types\/product"}],"wp:featuredmedia":[{"embeddable":true,"href":"https:\/\/satmediawp.edv-kroiss.com\/en\/wp-json\/wp\/v2\/media\/1952"}],"wp:attachment":[{"href":"https:\/\/satmediawp.edv-kroiss.com\/en\/wp-json\/wp\/v2\/media?parent=1953"}],"wp:term":[{"taxonomy":"product_cat","embeddable":true,"href":"https:\/\/satmediawp.edv-kroiss.com\/en\/wp-json\/wp\/v2\/product_cat?post=1953"},{"taxonomy":"product_tag","embeddable":true,"href":"https:\/\/satmediawp.edv-kroiss.com\/en\/wp-json\/wp\/v2\/product_tag?post=1953"}],"curies":[{"name":"wp","href":"https:\/\/api.w.org\/{rel}","templated":true}]}}