{"id":1974,"date":"2021-09-03T11:00:05","date_gmt":"2021-09-03T11:00:05","guid":{"rendered":"https:\/\/satmediawp.edv-kroiss.com\/produkt\/profi-uv-vollkupfer-koaxkabel-7mm-3-fach-geschirmt-100m-uhd\/"},"modified":"2024-05-17T11:20:17","modified_gmt":"2024-05-17T09:20:17","slug":"profi-uv-vollkupfer-koaxkabel-7mm-3-fach-geschirmt-100m-uhd","status":"publish","type":"product","link":"https:\/\/satmediawp.edv-kroiss.com\/en\/product\/profi-uv-vollkupfer-koaxkabel-7mm-3-fach-geschirmt-100m-uhd\/","title":{"rendered":"Profi UV Vollkupfer Koaxkabel 7mm 3-fach geschirmt 100m UHD"},"content":{"rendered":"<p>Profi UV-best\u00e4ndiges Vollkupfer-Kabel mit optimalen D\u00e4mpfungswerten und &gt;95db Schirmungsma\u00df (3 fach Abschirmung).<br \/>Geeignet f\u00fcr Verlegungen im Innen und Au\u00dfenbereich!<br \/>Geeignet f\u00fcr Verlegungen zusammen mit Stromleitungen!<br \/>100m Rolle auf praktischer Abrolltrommel.<br \/>DVB-C\/DVB-T2\/DVB-S2 &#8211; HD\/FullHD\/UHD 4k Koaxkabel mit Meteraufdruck f\u00fcr 7mm F-Stecker (Schraub, PushOn, Kompression)<\/p>\n<p>Au\u00dfendurchmesser: 6,9mm  <br \/><b>Inner diameter Cu wire: 1.13 mm <\/b><br \/>Insulation: 5.0 mm PEE<br \/><b>UV- &amp; Witterungsbest\u00e4ndig<\/b><br \/><b>new, high-quality PVC jacket<br \/><\/b>Shielding: AL + 128 * 0.12 mm AL braiding<br \/>Fire behavior class: Eca (according to the construction products regulation EN 50575)<\/p>\n<p>D\u00e4mpfung:<br \/>80MHz: 4.8 dB\/100m<br \/>400MHz: 11,2 dB\/100m<br \/>750MHz: 16,4 dB\/100m<br \/>1600MHz: 25.6 dB\/100m<br \/>2150MHz: 28,9 dB\/100m<\/p>","protected":false},"excerpt":{"rendered":"<p>Profi UV-best\u00e4ndiges Vollkupfer-Kabel mit optimalen D\u00e4mpfungswerten und &gt;95db Schirmungsma\u00df (3 fach Abschirmung).Geeignet f\u00fcr Verlegungen im Innen und Au\u00dfenbereich!Geeignet f\u00fcr Verlegungen zusammen mit [&hellip;]<\/p>","protected":false},"featured_media":1973,"template":"","meta":[],"product_cat":[77,49,130],"product_tag":[],"_links":{"self":[{"href":"https:\/\/satmediawp.edv-kroiss.com\/en\/wp-json\/wp\/v2\/product\/1974"}],"collection":[{"href":"https:\/\/satmediawp.edv-kroiss.com\/en\/wp-json\/wp\/v2\/product"}],"about":[{"href":"https:\/\/satmediawp.edv-kroiss.com\/en\/wp-json\/wp\/v2\/types\/product"}],"wp:featuredmedia":[{"embeddable":true,"href":"https:\/\/satmediawp.edv-kroiss.com\/en\/wp-json\/wp\/v2\/media\/1973"}],"wp:attachment":[{"href":"https:\/\/satmediawp.edv-kroiss.com\/en\/wp-json\/wp\/v2\/media?parent=1974"}],"wp:term":[{"taxonomy":"product_cat","embeddable":true,"href":"https:\/\/satmediawp.edv-kroiss.com\/en\/wp-json\/wp\/v2\/product_cat?post=1974"},{"taxonomy":"product_tag","embeddable":true,"href":"https:\/\/satmediawp.edv-kroiss.com\/en\/wp-json\/wp\/v2\/product_tag?post=1974"}],"curies":[{"name":"wp","href":"https:\/\/api.w.org\/{rel}","templated":true}]}}