{"id":1977,"date":"2021-09-03T11:01:46","date_gmt":"2021-09-03T11:01:46","guid":{"rendered":"https:\/\/satmediawp.edv-kroiss.com\/produkt\/profi-vollkupfer-koaxkabel-7mm-meterware-3-fach-geschirmt-uhd\/"},"modified":"2024-05-17T11:20:17","modified_gmt":"2024-05-17T09:20:17","slug":"profi-vollkupfer-koaxkabel-7mm-meterware-3-fach-geschirmt-uhd","status":"publish","type":"product","link":"https:\/\/satmediawp.edv-kroiss.com\/en\/product\/profi-vollkupfer-koaxkabel-7mm-meterware-3-fach-geschirmt-uhd\/","title":{"rendered":"Professional full copper coaxial cable 7mm sold by the meter 3-fold shielding UHD"},"content":{"rendered":"<p>Meterware &#8211; Preis pro Meter.<\/p>\n<p>Profi Vollkupfer-Kabel mit optimalen D\u00e4mpfungswerten und &gt;95db Schirmungsma\u00df (3 fach Abschirmung).<br \/>Geeignet f\u00fcr Verlegungen zusammen mit Stromleitungen!<br \/>DVB-C\/DVB-T2\/DVB-S2 &#8211; HD\/FullHD\/UHD 4k Koaxkabel mit Meteraufdruck f\u00fcr 7mm F-Stecker (Schraub, PushOn, Kompression)<\/p>\n<p>Au\u00dfendurchmesser: 7,0mm  <br \/><b>Inner diameter Cu wire: 1.02 mm <\/b><br \/>Insulation: 4,8 mm<br \/><b> Shielding: AL foil + 96 x 0.12 mm AL braiding + AL foil<\/b><br \/>AL-Drahtgeflecht  Schirmungsma\u00df: &gt;95-110db <\/p>\n<p>D\u00e4mpfung:<br \/>80MHz: 5.3 dB\/100m<br \/>400MHz: 12,3 dB\/100m<br \/>750MHz: 17.4 dB\/100m<br \/>1600MHz: 27,6 dB\/100m<br \/>2150MHz: 30,7 dB\/100m<\/p>","protected":false},"excerpt":{"rendered":"<p>Meterware &#8211; Preis pro Meter. Profi Vollkupfer-Kabel mit optimalen D\u00e4mpfungswerten und &gt;95db Schirmungsma\u00df (3 fach Abschirmung).Geeignet f\u00fcr Verlegungen zusammen mit Stromleitungen!DVB-C\/DVB-T2\/DVB-S2 &#8211; [&hellip;]<\/p>","protected":false},"featured_media":1976,"template":"","meta":[],"product_cat":[77,49,130],"product_tag":[],"_links":{"self":[{"href":"https:\/\/satmediawp.edv-kroiss.com\/en\/wp-json\/wp\/v2\/product\/1977"}],"collection":[{"href":"https:\/\/satmediawp.edv-kroiss.com\/en\/wp-json\/wp\/v2\/product"}],"about":[{"href":"https:\/\/satmediawp.edv-kroiss.com\/en\/wp-json\/wp\/v2\/types\/product"}],"wp:featuredmedia":[{"embeddable":true,"href":"https:\/\/satmediawp.edv-kroiss.com\/en\/wp-json\/wp\/v2\/media\/1976"}],"wp:attachment":[{"href":"https:\/\/satmediawp.edv-kroiss.com\/en\/wp-json\/wp\/v2\/media?parent=1977"}],"wp:term":[{"taxonomy":"product_cat","embeddable":true,"href":"https:\/\/satmediawp.edv-kroiss.com\/en\/wp-json\/wp\/v2\/product_cat?post=1977"},{"taxonomy":"product_tag","embeddable":true,"href":"https:\/\/satmediawp.edv-kroiss.com\/en\/wp-json\/wp\/v2\/product_tag?post=1977"}],"curies":[{"name":"wp","href":"https:\/\/api.w.org\/{rel}","templated":true}]}}