{"id":1980,"date":"2021-09-07T10:51:34","date_gmt":"2021-09-07T10:51:34","guid":{"rendered":"https:\/\/satmediawp.edv-kroiss.com\/produkt\/ab-quad-lnb-01db-60db-verstaerkung-lte-filter-uhd\/"},"modified":"2024-05-17T13:43:03","modified_gmt":"2024-05-17T11:43:03","slug":"ab-quad-lnb-01db-60db-verstaerkung-lte-filter-uhd","status":"publish","type":"product","link":"https:\/\/satmediawp.edv-kroiss.com\/en\/product\/ab-quad-lnb-01db-60db-verstaerkung-lte-filter-uhd\/","title":{"rendered":"AB Quad LNB 0,1db >60db Verst\u00e4rkung LTE Filter UHD"},"content":{"rendered":"<p>Neue Universal LNB Generation mit <b>LTE Filter<\/b>, 0,1dB Rauschma\u00df und eingebautem 55-70dB Verst\u00e4rker!<br \/> Geeignet f\u00fcr 4 Teilnehmer f\u00fcr Digital und Full HDTV\/4k UHD Empfang.  <\/p>\n<p>Technical Data:<\/p>\n<ul>\n<li>Universal Frequenzbereich: 10,7 &#8211; 12,75 GHz<\/li>\n<li>eingebauter <b>LTE Filter<\/b><\/li>\n<li>0,1dB Rauschma\u00df mit 55-70dB Verst\u00e4rkung!<\/li>\n<li>Hohe Frequenzstabilit\u00e4t &lt;\u00b11MHz @ (-40\u00b0C to +60\u00b0C)<\/li>\n<li>Full-HD\/UHD DVB-S2 und 3D Kompatibel<\/li>\n<li>geringer Stromverbrauch von 135mA mit Long Life Elektronik<\/li>\n<li>Hitze und K\u00e4ltebest\u00e4ndig inkl. Wasserschutzfunktion<\/li>\n<li>40mm Feed-Durchmesser<\/li>\n<\/ul>","protected":false},"excerpt":{"rendered":"<p>Neue Universal LNB Generation mit LTE Filter, 0,1dB Rauschma\u00df und eingebautem 55-70dB Verst\u00e4rker! Geeignet f\u00fcr 4 Teilnehmer f\u00fcr Digital und Full HDTV\/4k [&hellip;]<\/p>","protected":false},"featured_media":1979,"template":"","meta":[],"product_cat":[47,106],"product_tag":[],"_links":{"self":[{"href":"https:\/\/satmediawp.edv-kroiss.com\/en\/wp-json\/wp\/v2\/product\/1980"}],"collection":[{"href":"https:\/\/satmediawp.edv-kroiss.com\/en\/wp-json\/wp\/v2\/product"}],"about":[{"href":"https:\/\/satmediawp.edv-kroiss.com\/en\/wp-json\/wp\/v2\/types\/product"}],"wp:featuredmedia":[{"embeddable":true,"href":"https:\/\/satmediawp.edv-kroiss.com\/en\/wp-json\/wp\/v2\/media\/1979"}],"wp:attachment":[{"href":"https:\/\/satmediawp.edv-kroiss.com\/en\/wp-json\/wp\/v2\/media?parent=1980"}],"wp:term":[{"taxonomy":"product_cat","embeddable":true,"href":"https:\/\/satmediawp.edv-kroiss.com\/en\/wp-json\/wp\/v2\/product_cat?post=1980"},{"taxonomy":"product_tag","embeddable":true,"href":"https:\/\/satmediawp.edv-kroiss.com\/en\/wp-json\/wp\/v2\/product_tag?post=1980"}],"curies":[{"name":"wp","href":"https:\/\/api.w.org\/{rel}","templated":true}]}}