{"id":1992,"date":"2021-10-05T13:58:10","date_gmt":"2021-10-05T13:58:10","guid":{"rendered":"https:\/\/satmediawp.edv-kroiss.com\/produkt\/terra-unicable-srm522-dscr-profi-class-a-multischalter\/"},"modified":"2024-05-17T11:20:17","modified_gmt":"2024-05-17T09:20:17","slug":"terra-unicable-srm522-dscr-profi-class-a-multischalter","status":"publish","type":"product","link":"https:\/\/satmediawp.edv-kroiss.com\/en\/product\/terra-unicable-srm522-dscr-profi-class-a-multischalter\/","title":{"rendered":"Terra Unicable SRM522 dscr Profi Class A Multischalter"},"content":{"rendered":"<p>Wir sind offizieller Terra \u00d6sterreich Distributor!<br \/><b>Terra Distributor Aktion -25% Rabatt:<\/b> <font color=\"#FF0000\"><b>TERRA25<\/b><\/font><b>&nbsp;<\/b> (Gutschein im Warenkorb einl\u00f6sbar, ab einem Bestellwert von 650 \u20ac netto)&nbsp;<\/p>\n<p>Installationsdiagramme und Beispielschemas siehe <a href=\"http:\/\/satmediawp.edv-kroiss.com\/wp-content\/uploads\/2021\/10\/Terra_Katalog_EN_latest.pdf\" target=\"_blank\" rel=\"noopener\">Terra Katalog<\/a>!<\/p>\n<p>Der Einkabel-Multischalter SRM-522 ist kompatibel mit:<\/p>\n<p>ein Quatro-LNB &#8211; die vier Satelliteneing\u00e4nge sind mit vier Signalen Polarisation\/Band (VL\u2013HL\u2013VH\u2013HH) verbunden, der f\u00fcnfte ist der Eingang des passiven terrestrischen TV\/Radio-Pfads;<\/p>\n<p>ein Breitband-LNB &#8211; die vier Satelliteneing\u00e4nge werden als zwei Paare f\u00fcr SAT-ZF-Signale im Bereich 290&#8230;2340 MHz verwendet, der f\u00fcnfte ist der Eingang des passiven terrestrischen TV\/Radio-Pfads.<\/p>\n<p>Der programmierbare Multischalter SRM-522 verf\u00fcgt \u00fcber zwei SAT-ZF-Ausg\u00e4nge (dSCR1 DC IN und dSCR2 Legacy, 950&#8230;2150 MHz ) und erm\u00f6glicht im dSCR-Modus den unabh\u00e4ngigen Betrieb von bis zu 32 SAT-dSCR-Empf\u00e4ngern\/STBs, eingespeist \u00fcber zwei Koaxialkabel ( 16+16, Standardkonfiguration) oder \u00fcber ein Koaxialkabel (32 von einem Ausgang, nach Umprogrammierung mit dem Programmierger\u00e4t PC102W R80561). Der dSCR2 Legacy-Ausgang kann im Legacy-Modus als typischer SAT-Ausgang verwendet werden (wie bei Universal-LNBs oder Standard-(Legacy-)Multischaltern) zum Anschluss eines alten SAT-TV-Empf\u00e4ngers).<\/p>\n<p>Notiz! Der Legacy-Ausgang ist nur mit einem Quatro-LNB betreibbar.<\/p>\n<p><b>Hauptmerkmale<\/b><\/p>\n<p>Signale von einem Wideband LNB werden nur \u00fcber zwei Kabel (ein Satellit) oder vier Kabel (zwei Satelliten) eingespeist<\/p>\n<p>Kompatibilit\u00e4t mit Quatro-LNBs (nach Umprogrammierung mit PC102W Programmer)<\/p>\n<p>AGC-System sorgt f\u00fcr einen stabilen Ausgangspegel von 84 dB\u03bcV<\/p>\n<p>Vollst\u00e4ndige Konformit\u00e4t mit EN50494 &#8211; Unicable I, 8 UBs (User Bands)<\/p>\n<p>Vollst\u00e4ndige Konformit\u00e4t mit EN50607 &#8211; Unicable II, 32 UBs<\/p>\n<p>M\u00f6glichkeit der Verwendung von Empf\u00e4ngern gem\u00e4\u00df EN50607 und EN50494 im selben Verteilernetz (8 x EN50494 + 24 x EN50607)<\/p>\n<p>Statischer Modus: ZF\/ZF-Wandler<\/p>\n<p>Dynamischer Modus: Verteilung der Signale an bis zu 32 Empf\u00e4nger<\/p>\n<p>SRM522 R80522 kaskadierbarer Einkabel-Multischalter erm\u00f6glicht die Verteilung von DVB-S\/S2-Signalen von einem Satelliten und von terrestrischen Signalen (DVB-T, DAB\/FM-Radio). Die Satellitensignale k\u00f6nnen mittels dSCR-Technologie (Digital Satellite Cable Router) verteilt werden, wobei nur eine Koaxialleitung und Satelliten-Splitter ben\u00f6tigt werden, um die Signale an kompatible SAT-Receiver zu liefern, zusammen mit terrestrischen Signalen, die von Standardfernsehern und -radios empfangen werden k\u00f6nnen. Der Multischalter SRM522 R80522 unterst\u00fctzt vollst\u00e4ndig Empf\u00e4nger, die in zwei dynamischen Modi betrieben werden: SCR (Unicable I &#8211; 8 User Bands) und dSCR (Unicable II &#8211; 32 User Bands). Der Multischalter hat 5 Eing\u00e4nge. Zwei Paar SAT-ZF-Eing\u00e4nge (V1, H1, V2, H2, 290&#8230;2340 MHz) sollten an zwei A98222 Wide Band LNBs oder an Quatro-LNBs angeschlossen werden, der f\u00fcnfte Eingang ist f\u00fcr terrestrische Signale (DVB-T, DAB (+) und UKW-Radio). Zwei SAT-ZF-Ausg\u00e4nge (dSCR1 DC IN und dSCR2 Legacy, 950&#8230;2150 MHz ) erm\u00f6glichen im dSCR-Modus den unabh\u00e4ngigen Betrieb von bis zu 32 SAT-dSCR-Empf\u00e4ngern\/STBs, eingespeist \u00fcber zwei Koaxialkabel (16+16, Standardkonfiguration) oder \u00fcber ein Koaxialkabel (32 von einem Ausgang, nach Umprogrammierung mit dem Programmierger\u00e4t PC102W R80561). Der dSCR2 \/ Legacy-Ausgang kann als typischer SAT-Ausgang (wie bei Universal-LNBs oder Standard-(Legacy-)Multischaltern) zum Anschluss eines alten SAT-TV-Empf\u00e4ngers verwendet werden.<\/p>\n<p>Standardm\u00e4\u00dfig ist der Multiswitch SRM522 R80522 im dynamischen Modus konfiguriert, wobei dSCR OUT als Unicable-Port und Legacy OUT als universeller (Legacy-)Port arbeitet, der nach dem Empfang eines DiSEqC-Befehls von einem Empf\u00e4nger\/STB in den Unicable-Modus wechselt (kompatibel mit EN50494 oder EN50607 Standard .) ). Das bedeutet, dass jeder der beiden Ausg\u00e4nge des Multischalters bis zu 16 Empf\u00e4nger (in der Norm EN50607) unabh\u00e4ngig versorgen kann. Die digitalen Signale sollten unter Verwendung von Satelliten-Splittern, die im 5-2400-MHz-Band arbeiten, auf die Empf\u00e4nger aufgeteilt werden.<\/p>\n<p>Das Ger\u00e4t kann in zwei Modi betrieben werden;<\/p>\n<p>DYNAMIC &#8211; feste Ausgangsfrequenzen (User Bands) zugewiesen f\u00fcr einzelne dSCR\/Unicable-Empf\u00e4nger (Verteilung \u00fcber einzelnes Koaxialkabel an bis zu 8 (EN50494 &#8211; UNICABLE I) oder 32 (EN50607 &#8211; UNICABLE II) Empf\u00e4nger);<\/p>\n<p>STATIC &#8211; feste Eingangs- und Ausgangsfrequenzen, ZF\/ZF-Umwandlung erm\u00f6glicht die Verteilung der Signale von 32 Satelliten-Transpondern an eine unbegrenzte Anzahl von Empf\u00e4ngern.<\/p>\n<p>Die Programmierung von dSCR-Multischaltern erfolgt durch den dedizierten PC102W R80561 Programmierer.<\/p>\n<p>Das Druckgussgeh\u00e4use bietet eine hohe Schirmungseffizienz, indem es das Eindringen von St\u00f6rsignalen in das Ger\u00e4t verhindert.<\/p>\n<p>SMATV-Systeme auf Basis von SRM522-Multischaltern sollten aus Wideband- oder Quatro-LNBs gespeist werden.<\/p>\n<p>Der Multischalter sollte \u00fcber ein externes Netzteil versorgt werden, z.B. PS202F R71468 (20 VDC, 2 A).<\/p>","protected":false},"excerpt":{"rendered":"<p>Wir sind offizieller Terra \u00d6sterreich Distributor!Terra Distributor Aktion -25% Rabatt: TERRA25&nbsp; (Gutschein im Warenkorb einl\u00f6sbar, ab einem Bestellwert von 650 \u20ac netto)&nbsp; [&hellip;]<\/p>","protected":false},"featured_media":1989,"template":"","meta":[],"product_cat":[42,110,48,123],"product_tag":[],"_links":{"self":[{"href":"https:\/\/satmediawp.edv-kroiss.com\/en\/wp-json\/wp\/v2\/product\/1992"}],"collection":[{"href":"https:\/\/satmediawp.edv-kroiss.com\/en\/wp-json\/wp\/v2\/product"}],"about":[{"href":"https:\/\/satmediawp.edv-kroiss.com\/en\/wp-json\/wp\/v2\/types\/product"}],"wp:featuredmedia":[{"embeddable":true,"href":"https:\/\/satmediawp.edv-kroiss.com\/en\/wp-json\/wp\/v2\/media\/1989"}],"wp:attachment":[{"href":"https:\/\/satmediawp.edv-kroiss.com\/en\/wp-json\/wp\/v2\/media?parent=1992"}],"wp:term":[{"taxonomy":"product_cat","embeddable":true,"href":"https:\/\/satmediawp.edv-kroiss.com\/en\/wp-json\/wp\/v2\/product_cat?post=1992"},{"taxonomy":"product_tag","embeddable":true,"href":"https:\/\/satmediawp.edv-kroiss.com\/en\/wp-json\/wp\/v2\/product_tag?post=1992"}],"curies":[{"name":"wp","href":"https:\/\/api.w.org\/{rel}","templated":true}]}}