{"id":2000,"date":"2021-10-05T15:24:02","date_gmt":"2021-10-05T15:24:02","guid":{"rendered":"https:\/\/satmediawp.edv-kroiss.com\/produkt\/terra-unicable-programmer-pc102w-inkl-netzteil\/"},"modified":"2024-05-17T11:20:16","modified_gmt":"2024-05-17T09:20:16","slug":"terra-unicable-programmer-pc102w-inkl-netzteil","status":"publish","type":"product","link":"https:\/\/satmediawp.edv-kroiss.com\/en\/product\/terra-unicable-programmer-pc102w-inkl-netzteil\/","title":{"rendered":"Terra Unicable Programmer PC102W inkl. Netzteil"},"content":{"rendered":"<p>Wir sind offizieller Terra \u00d6sterreich Distributor!<br \/><b>Terra Distributor Aktion -25% Rabatt:<\/b> <font color=\"#FF0000\"><b>TERRA25<\/b><\/font><b>&nbsp;<\/b> (Gutscheincode in Warenkorb einl\u00f6sbar, ab einem Bestellwert von 650 \u20ac netto)&nbsp;<\/p>\n<p>Installationsdiagramme und Beispielschemas siehe <a href=\"http:\/\/satmediawp.edv-kroiss.com\/wp-content\/uploads\/2021\/10\/Terra_Katalog_EN_latest.pdf\" target=\"_blank\" rel=\"noopener\">Terra Katalog<\/a>!<\/p>\n<p>Das Programmierger\u00e4t PC102W ist f\u00fcr die Konfiguration und Fehlerbehebung von SAT-ZF-Verteilungssystemen, die auf dSCR-Multischaltern basieren, ausgelegt. <br \/>Durch den drahtlosen Zugriff auf das Ger\u00e4t von jeder Plattform (Tablet, Smartphone, Laptop, PC) lassen sich SMATV-Systeme auf Basis von dSCR-Multischaltern einfach \u00fcber einen Webbrowser konfigurieren: <\/p>\n<p>Betriebsart (statisch oder dynamisch), Frequenzplan f\u00fcr statischen Betrieb, zentral Frequenzen und Bandbreiten der Benutzerb\u00e4nder f\u00fcr den dynamischen Modus, Ausgangsleistungspegel jedes Benutzerbandtr\u00e4gers, PINs.<br \/>Das Programmierger\u00e4t PC102W kann bis zu 4 verschiedene Konfigurationsdateien speichern und erm\u00f6glicht es dem Techniker dann, Multischalter vor Ort zu programmieren, indem er einfach die Tasten auf der Vorderseite des Hauptmoduls verwendet.<\/p>","protected":false},"excerpt":{"rendered":"<p>Wir sind offizieller Terra \u00d6sterreich Distributor!Terra Distributor Aktion -25% Rabatt: TERRA25&nbsp; (Gutscheincode in Warenkorb einl\u00f6sbar, ab einem Bestellwert von 650 \u20ac netto)&nbsp; [&hellip;]<\/p>","protected":false},"featured_media":1997,"template":"","meta":[],"product_cat":[42,110,48,123],"product_tag":[],"_links":{"self":[{"href":"https:\/\/satmediawp.edv-kroiss.com\/en\/wp-json\/wp\/v2\/product\/2000"}],"collection":[{"href":"https:\/\/satmediawp.edv-kroiss.com\/en\/wp-json\/wp\/v2\/product"}],"about":[{"href":"https:\/\/satmediawp.edv-kroiss.com\/en\/wp-json\/wp\/v2\/types\/product"}],"wp:featuredmedia":[{"embeddable":true,"href":"https:\/\/satmediawp.edv-kroiss.com\/en\/wp-json\/wp\/v2\/media\/1997"}],"wp:attachment":[{"href":"https:\/\/satmediawp.edv-kroiss.com\/en\/wp-json\/wp\/v2\/media?parent=2000"}],"wp:term":[{"taxonomy":"product_cat","embeddable":true,"href":"https:\/\/satmediawp.edv-kroiss.com\/en\/wp-json\/wp\/v2\/product_cat?post=2000"},{"taxonomy":"product_tag","embeddable":true,"href":"https:\/\/satmediawp.edv-kroiss.com\/en\/wp-json\/wp\/v2\/product_tag?post=2000"}],"curies":[{"name":"wp","href":"https:\/\/api.w.org\/{rel}","templated":true}]}}