{"id":2011,"date":"2021-10-05T15:51:26","date_gmt":"2021-10-05T15:51:26","guid":{"rendered":"https:\/\/satmediawp.edv-kroiss.com\/produkt\/terra-unicable-srm524-dscr-profi-class-a-multischalter\/"},"modified":"2024-05-17T11:20:16","modified_gmt":"2024-05-17T09:20:16","slug":"terra-unicable-srm524-dscr-profi-class-a-multischalter","status":"publish","type":"product","link":"https:\/\/satmediawp.edv-kroiss.com\/en\/product\/terra-unicable-srm524-dscr-profi-class-a-multischalter\/","title":{"rendered":"Terra Unicable SRM524 dscr Profi Class A Multischalter"},"content":{"rendered":"<p>Wir sind offizieller Terra \u00d6sterreich Distributor!<br \/><b>Terra Distributor Aktion -25% Rabatt:<\/b> <font color=\"#FF0000\"><b>TERRA25<\/b><\/font><b>&nbsp;<\/b> (Gutschein im Warenkorb einl\u00f6sbar, ab einem Bestellwert von 650 \u20ac netto)&nbsp;<\/p>\n<p>Installationsdiagramme und Beispielschemas siehe <a href=\"http:\/\/satmediawp.edv-kroiss.com\/wp-content\/uploads\/2021\/10\/Terra_Katalog_EN_latest.pdf\" target=\"_blank\" rel=\"noopener\">Terra Katalog<\/a>!<\/p>\n<div>\n<div>Der programmierbare Multischalter SRM-524 R80524 verf\u00fcgt \u00fcber ein Paar Legacy \/dSCR + DTT-Ausg\u00e4nge. Die Ausg\u00e4nge erm\u00f6glichen im dSCR-Modus den unabh\u00e4ngigen Betrieb von bis zu 32 SAT-dSCR-Receivern\/STBs, eingespeist \u00fcber zwei Koaxialkabel (16+16, Standardkonfiguration) oder \u00fcber ein Koaxialkabel (32 von einem Ausgang im Unicable II-Standard, nach Umprogrammierung) mit dem PC102W R80561-Programmierger\u00e4t) und \u00fcber ein Verteilungsnetzwerk, das auf typischen passiven Satellitenabgriffen und Splittern basiert, die im Frequenzbereich von 5-2400 MHz betrieben werden. Im Legacy-Modus kann jeder der Ausg\u00e4nge als typischer SAT-Ausgang (wie bei Universal-LNBs oder Standard-(Legacy-)Multischaltern) zum Anschluss eines alten SAT-TV-Empf\u00e4ngers verwendet werden.<\/div>\n<div><b>Hauptmerkmale<\/b><\/div>\n<div>Eingebauter LNB-Schalter zur Auswahl von Breitband- oder Quatro-LNB<\/div>\n<div>Ein Paar dSCR\/Legacy-Tap-Ausg\u00e4nge<\/div>\n<div>DISEqC-Steuerungsanschluss f\u00fcr den Anschluss des PC102W R80561-Programmierers und die gleichzeitige Konfiguration aller Ausg\u00e4nge<\/div>\n<div>Volle Kompatibilit\u00e4t mit dem EN50494-Standard &#8211; Unicable I &#8211; 8 UBs (User Bands) von jedem der 4 Paare<\/div>\n<div>Volle Kompatibilit\u00e4t mit EN50607 &#8211; Unicable II &#8211; 32 UBs (User Bands) von jedem der 3 Paare<\/div>\n<div>AGC-System sorgt f\u00fcr stabilen 84 dB\u03bcV Ausgangspegel im SAT-Pfad und 82 dB\u03bcV Pegel im terrestrischen Pfad<\/div>\n<div>M\u00f6glichkeit der Verwendung von Empf\u00e4ngern, die die Normen EN50607 und EN50494 unterst\u00fctzen, im selben Subsystem (8 x EN50494 + 24 x EN50607)<\/div>\n<div>Diagnose der Stromversorgung durch LEDs am Ger\u00e4tegeh\u00e4use.<\/div>\n<div>Der einkabel-kaskadierbare Multischalter SRM-524 R80524 erm\u00f6glicht die Verteilung von DVB-S\/S2-Signalen von einem Satelliten (oder bei Breitband-LNBs von zwei Satelliten) und terrestrischen Signalen (DVB-T, DAB\/FM-Radio). Die Satellitensignale k\u00f6nnen mittels dSCR-Technologie (Digital Satellite Cable Router) verteilt werden, wobei nur eine Koaxialleitung und Satellitensplitter ben\u00f6tigt werden, um die Signale an kompatible SAT-Receiver zu liefern, zusammen mit terrestrischen Signalen, die von Standardfernsehern und -radios empfangen werden k\u00f6nnen. Der kaskadierbare Multischalter SRM-524 R80524 unterst\u00fctzt vollst\u00e4ndig Empf\u00e4nger, die in zwei dynamischen Modi betrieben werden: SCR (Unicable I &#8211; 8 User Bans) und dSCR (Unicable II &#8211; 32 User Bands).<\/div>\n<div>Der Multischalter SRM-524 verf\u00fcgt \u00fcber 5 Eing\u00e4nge (vier Polarisations-\/Bandpaare (VL\u2013HL\u2013VH\u2013HH) plus aktiver terrestrischer Pfad (DTT)) und zwei Ausg\u00e4nge: dSCR (jeweils f\u00fcr den unabh\u00e4ngigen Betrieb von bis zu 16 SAT-dSCR-Empf\u00e4ngern\/ STBs, die \u00fcber ein Koaxialkabel gespeist werden &#8211; EN50607-Standard) oder als Legacy (typischer SAT-Ausgang wie bei Universal-LNBs oder Standard-(Legacy-)Multischalter zum Anschluss eines \u00e4lteren SAT-TV-Empf\u00e4ngers) betrieben werden.<\/div>\n<div>Die eingebaute Automatic Gain Control (AGC) passt die Multiswitch-Verst\u00e4rkung entsprechend an, um voreingestellte, konstante Ausgangssignalpegel zu gew\u00e4hrleisten.<\/div>\n<div>Standardm\u00e4\u00dfig sind alle Ausg\u00e4nge des Multischalters SRM-524 R80524 als Legacy konfiguriert (gesteuert durch 14\/18 V und 0\/22 kHz Befehle von SAT-Receivern). Jeder Ausgang wechselt in den dynamischen Unicable-Modus, nachdem ein DiSEqC-Befehl gem\u00e4\u00df EN50494\/EN50607-Standard empfangen wurde. Somit kann jeder einzelne Ausgang \u00fcber ein einziges Koaxialkabel und 5-2400 MHz Satellitensplitter bis zu 16 Receiver (EN50607) speisen.<\/div>\n<div>Das Ger\u00e4t kann in zwei Modi betrieben werden;<\/div>\n<div>DYNAMIC &#8211; feste Ausgangsfrequenzen (User Bands) zugewiesen f\u00fcr einzelne dSCR\/Unicable-Empf\u00e4nger (Verteilung \u00fcber einzelnes Koaxialkabel an bis zu 8 (EN50494 &#8211; UNICABLE I) oder 32 (EN50607 &#8211; UNICABLE II) Empf\u00e4nger);<\/div>\n<div>STATIC &#8211; feste Eingangs- und Ausgangsfrequenzen, ZF\/ZF-Umwandlung, die die Verteilung der Signale von 32 Satellitentranspondern an eine unbegrenzte Anzahl von Empf\u00e4ngern erm\u00f6glicht (die praktische Grenze ergibt sich nur aus der D\u00e4mpfung des passiven Verteilungsnetzes).<\/div>\n<div>Die Programmierung von dSCR-Multischaltern erfolgt durch den dedizierten PC102W R80561 Programmierer.<\/div>\n<div>Das Druckgussgeh\u00e4use bietet eine hohe Schirmungseffizienz, indem es das Eindringen von St\u00f6rsignalen in das Ger\u00e4t verhindert.<\/div>\n<div>Der Multischalter sollte \u00fcber ein externes Netzteil versorgt werden, z.B. PS202F R71468 (20 VDC, 2 A).<\/div>\n<\/div>","protected":false},"excerpt":{"rendered":"<p>Wir sind offizieller Terra \u00d6sterreich Distributor!Terra Distributor Aktion -25% Rabatt: TERRA25&nbsp; (Gutschein im Warenkorb einl\u00f6sbar, ab einem Bestellwert von 650 \u20ac netto)&nbsp; [&hellip;]<\/p>","protected":false},"featured_media":2008,"template":"","meta":[],"product_cat":[42,110,48,123],"product_tag":[],"_links":{"self":[{"href":"https:\/\/satmediawp.edv-kroiss.com\/en\/wp-json\/wp\/v2\/product\/2011"}],"collection":[{"href":"https:\/\/satmediawp.edv-kroiss.com\/en\/wp-json\/wp\/v2\/product"}],"about":[{"href":"https:\/\/satmediawp.edv-kroiss.com\/en\/wp-json\/wp\/v2\/types\/product"}],"wp:featuredmedia":[{"embeddable":true,"href":"https:\/\/satmediawp.edv-kroiss.com\/en\/wp-json\/wp\/v2\/media\/2008"}],"wp:attachment":[{"href":"https:\/\/satmediawp.edv-kroiss.com\/en\/wp-json\/wp\/v2\/media?parent=2011"}],"wp:term":[{"taxonomy":"product_cat","embeddable":true,"href":"https:\/\/satmediawp.edv-kroiss.com\/en\/wp-json\/wp\/v2\/product_cat?post=2011"},{"taxonomy":"product_tag","embeddable":true,"href":"https:\/\/satmediawp.edv-kroiss.com\/en\/wp-json\/wp\/v2\/product_tag?post=2011"}],"curies":[{"name":"wp","href":"https:\/\/api.w.org\/{rel}","templated":true}]}}