{"id":2047,"date":"2021-10-07T10:53:01","date_gmt":"2021-10-07T10:53:01","guid":{"rendered":"https:\/\/satmediawp.edv-kroiss.com\/produkt\/terra-od004a-optical-node-ftth-receiver-fuer-dvb-c-t-1x-sat-if-dvb-s2\/"},"modified":"2024-05-17T13:43:03","modified_gmt":"2024-05-17T11:43:03","slug":"terra-od004a-optical-node-ftth-receiver-fuer-dvb-c-t-1x-sat-if-dvb-s2","status":"publish","type":"product","link":"https:\/\/satmediawp.edv-kroiss.com\/en\/product\/terra-od004a-optical-node-ftth-receiver-fuer-dvb-c-t-1x-sat-if-dvb-s2\/","title":{"rendered":"Terra OD004A Optical Node FTTH Receiver f\u00fcr DVB-C\/T &#038; 1x SAT IF (DVB-S2)"},"content":{"rendered":"<p>Wir sind offizieller Terra \u00d6sterreich Distributor!<\/p>\n<p><b>Terra Distributor Aktion -25% Rabatt:<\/b> <font color=\"#FF0000\"><b>TERRA25<\/b><\/font><b>&nbsp;<\/b> (Gutschein im Warenkorb einl\u00f6sbar, ab einem Bestellwert von 650 \u20ac netto)&nbsp;<\/p>\n<p>Installationsdiagramme und Beispielschemas siehe <a href=\"http:\/\/satmediawp.edv-kroiss.com\/wp-content\/uploads\/2021\/10\/Terra_Katalog_EN_latest.pdf\" target=\"_blank\" rel=\"noopener\">Terra Katalog<\/a>!<\/p>\n<p>Der optische FTTH-Empf\u00e4nger TERRA OD-004A wird in Systemen verwendet, die Satelliten-DVB-S\/S2-, DVB-C\/T- und FM\/DAB-Signale \u00fcber Lichtwellenleiter verteilen. Lichtwellenleitersysteme zeichnen sich durch geringe Verluste und Immunit\u00e4t gegen elektromagnetische St\u00f6rungen aus, sodass sie Signale problemlos \u00fcber gro\u00dfe Entfernungen \u00fcbertragen k\u00f6nnen.<\/p>\n<p>Der optische Empf\u00e4nger OD-004A wandelt optische Signale in HF-Spektrum um. <br \/>Dieses moderne Kleinger\u00e4t ist f\u00fcr Endbenutzer in FTTH-Verteilungsnetzen bestimmt. Es kann zB vom optischen TV-Sender mo418 4D31 gespeist werden.<\/p>\n<p>Die hohe Empfindlichkeit des Ger\u00e4tes im Bereich von -15&#8230;-6 dBm und optional -8&#8230;0 dBm erm\u00f6glicht eine wirtschaftliche Verteilung des optischen Signals. Der maximale Ausgangspegel von 80 dB\u00b5V ist geeignet, um HF-Signale \u00fcber passive Splitter\/Abgriffe an zig Steckdosen in Wohnungen oder B\u00fcros ohne zus\u00e4tzlichen Verst\u00e4rker bereitzustellen.<\/p>\n<p>\u00dcbersicht Optische FTTH Receiver \/ Optical Nodes<\/p>\n<\/p>\n<table>\n<thead>\n<tr>\n<th>Modell&nbsp; &nbsp; &nbsp; &nbsp; &nbsp;<\/th>\n<th>Type&nbsp; &nbsp; &nbsp; &nbsp; &nbsp; &nbsp; &nbsp; &nbsp; &nbsp; &nbsp; &nbsp; &nbsp; &nbsp;<\/th>\n<th>Optical Input&nbsp; &nbsp;&nbsp;<\/th>\n<th>&nbsp;Optical Wave&nbsp; &nbsp;<\/th>\n<th>RF Level&nbsp; &nbsp; &nbsp;<\/th>\n<th>RF Bereich&nbsp; &nbsp; &nbsp; &nbsp; &nbsp;<\/th>\n<th>Datenblatt<\/th>\n<\/tr>\n<\/thead>\n<tbody>\n<tr>\n<td>OD001A<\/td>\n<td>DVB-C\/T<\/td>\n<td>-7 &#8211; +2dBm<\/td>\n<td>1100-1600nm<\/td>\n<td>94dBuV<\/td>\n<td>47-862MHz<\/td>\n<td><a href=\"http:\/\/www.terraelectronics.com\/Pub\/Temp\/OD001A_OD002_en.pdf\" target=\"_blank\" rel=\"noopener\">Link<\/a><\/td>\n<\/tr>\n<tr>\n<td>OD002<\/td>\n<td>DVB-C\/T<\/td>\n<td>-7 &#8211; +2dBm<\/td>\n<td>1100-1600nm<\/td>\n<td>106dBuV<\/td>\n<td>47-862MHz<\/td>\n<td><a href=\"http:\/\/www.terraelectronics.com\/Pub\/Temp\/OD001A_OD002_en.pdf\" target=\"_blank\" rel=\"noopener\">Link<\/a><\/td>\n<\/tr>\n<tr>\n<td>OD003<\/td>\n<td>DVB-C\/T<\/td>\n<td>-10 &#8211; -3dBm<\/td>\n<td>1100-1600nm<\/td>\n<td>80dBuV<\/td>\n<td>47-1002MHz<\/td>\n<td><a href=\"http:\/\/www.terraelectronics.com\/Pub\/Temp\/OD003_en.pdf\" target=\"_blank\" rel=\"noopener\">Link<\/a><\/td>\n<\/tr>\n<tr>\n<td>OD004A<\/td>\n<td>DVB-C\/T\/1xSatIF<\/td>\n<td>-15 &#8211; 0dBm<\/td>\n<td>1100-1600nm<\/td>\n<td>80dBuV<\/td>\n<td>47-2400MHz<\/td>\n<td><a href=\"http:\/\/www.terraelectronics.com\/Pub\/Temp\/OD004A_en.pdf\" target=\"_blank\" rel=\"noopener\">Link<\/a><\/td>\n<\/tr>\n<tr>\n<td>OD005P<\/td>\n<td>DVB-C\/T<\/td>\n<td>-6 &#8211; 0dBm<\/td>\n<td>1100-1600nm<\/td>\n<td>106dBuV<\/td>\n<td>47-862MHz<\/td>\n<td><a href=\"http:\/\/www.terraelectronics.com\/Pub\/Temp\/OD005P_en.pdf\" target=\"_blank\" rel=\"noopener\">Link<\/a><\/td>\n<\/tr>\n<tr>\n<td>OD006<\/td>\n<td>DVB-C\/T<\/td>\n<td>-6 &#8211; 0dBm<\/td>\n<td>1100-1600nm<\/td>\n<td>80dBuV<\/td>\n<td>47-1006MHz<\/td>\n<td><a href=\"http:\/\/www.terraelectronics.com\/Pub\/Temp\/OD006_OD006_55_en.pdf\" target=\"_blank\" rel=\"noopener\">Link<\/a><\/td>\n<\/tr>\n<tr>\n<td>OD007<\/td>\n<td>DVB-C\/T\/1 SatIF<\/td>\n<td>-15 &#8211; 0dBm<\/td>\n<td>1100-1600nm<\/td>\n<td>70dBuV<\/td>\n<td>47-2400MHz<\/td>\n<td><a href=\"http:\/\/www.terraelectronics.com\/Pub\/Temp\/OD007_OD007H_en.pdf\" target=\"_blank\" rel=\"noopener\">Link<\/a><\/td>\n<\/tr>\n<tr>\n<td>OR401<\/td>\n<td>4 SatIF<\/td>\n<td>-15 &#8211; -5dBm<\/td>\n<td>1100-1650nm<\/td>\n<td>80dBuV<\/td>\n<td>950-2150MHz<\/td>\n<td><a href=\"http:\/\/www.terraelectronics.com\/Pub\/Temp\/OR401_en.pdf\" target=\"_blank\" rel=\"noopener\">Link<\/a><\/td>\n<\/tr>\n<tr>\n<td>OF501W<\/td>\n<td>4 SatIF\/DVB-C\/T<\/td>\n<td>-15 &#8211; -5dBm<\/td>\n<td>1100-1650nm<\/td>\n<td>80dBuV<\/td>\n<td>47-2150MHz<\/td>\n<td><a href=\"http:\/\/www.terraelectronics.com\/Pub\/Temp\/OR501MW_OR501W_en.pdf\" target=\"_blank\" rel=\"noopener\">Link<\/a><\/td>\n<\/tr>\n<tr>\n<td>OF501MW<\/td>\n<td>4 SatIF\/DVB-C\/T<\/td>\n<td>-15 &#8211; -5dBm<\/td>\n<td>1100-1650nm<\/td>\n<td>75dBuV<\/td>\n<td>47-2150MHz<\/td>\n<td><a href=\"http:\/\/www.terraelectronics.com\/Pub\/Temp\/OR501MW_OR501W_en.pdf\" target=\"_blank\" rel=\"noopener\">Link<\/a><\/td>\n<\/tr>\n<\/tbody>\n<\/table>","protected":false},"excerpt":{"rendered":"<p>Wir sind offizieller Terra \u00d6sterreich Distributor! Terra Distributor Aktion -25% Rabatt: TERRA25&nbsp; (Gutschein im Warenkorb einl\u00f6sbar, ab einem Bestellwert von 650 \u20ac [&hellip;]<\/p>","protected":false},"featured_media":619,"template":"","meta":[],"product_cat":[42,160],"product_tag":[],"_links":{"self":[{"href":"https:\/\/satmediawp.edv-kroiss.com\/en\/wp-json\/wp\/v2\/product\/2047"}],"collection":[{"href":"https:\/\/satmediawp.edv-kroiss.com\/en\/wp-json\/wp\/v2\/product"}],"about":[{"href":"https:\/\/satmediawp.edv-kroiss.com\/en\/wp-json\/wp\/v2\/types\/product"}],"wp:featuredmedia":[{"embeddable":true,"href":"https:\/\/satmediawp.edv-kroiss.com\/en\/wp-json\/wp\/v2\/media\/619"}],"wp:attachment":[{"href":"https:\/\/satmediawp.edv-kroiss.com\/en\/wp-json\/wp\/v2\/media?parent=2047"}],"wp:term":[{"taxonomy":"product_cat","embeddable":true,"href":"https:\/\/satmediawp.edv-kroiss.com\/en\/wp-json\/wp\/v2\/product_cat?post=2047"},{"taxonomy":"product_tag","embeddable":true,"href":"https:\/\/satmediawp.edv-kroiss.com\/en\/wp-json\/wp\/v2\/product_tag?post=2047"}],"curies":[{"name":"wp","href":"https:\/\/api.w.org\/{rel}","templated":true}]}}