{"id":2051,"date":"2021-10-07T14:23:01","date_gmt":"2021-10-07T14:23:01","guid":{"rendered":"https:\/\/satmediawp.edv-kroiss.com\/produkt\/terra-od003-optical-node-ftth-receiver-fuer-dvb-c-t\/"},"modified":"2024-05-17T11:20:15","modified_gmt":"2024-05-17T09:20:15","slug":"terra-od003-optical-node-ftth-receiver-fuer-dvb-c-t","status":"publish","type":"product","link":"https:\/\/satmediawp.edv-kroiss.com\/en\/product\/terra-od003-optical-node-ftth-receiver-fuer-dvb-c-t\/","title":{"rendered":"Terra OD003 Optical Node FTTH Receiver f\u00fcr DVB-C\/T"},"content":{"rendered":"<p>Wir sind offizieller Terra \u00d6sterreich Distributor!<\/p>\n<p><b>Terra Distributor Aktion -25% Rabatt:<\/b> <font color=\"#FF0000\"><b>TERRA25<\/b><\/font><b>&nbsp;<\/b> (Gutschein im Warenkorb einl\u00f6sbar, ab einem Bestellwert von 650 \u20ac netto)&nbsp;<\/p>\n<p>Installationsdiagramme und Beispielschemas siehe <a href=\"http:\/\/satmediawp.edv-kroiss.com\/wp-content\/uploads\/2021\/10\/Terra_Katalog_EN_latest.pdf\" target=\"_blank\" rel=\"noopener\">Terra Katalog<\/a>!<\/p>\n<p>Der optische Knoten OD-003 wandelt optische Signale in elektrische RF-Signale um. Er arbeitet u.a. mit optischen Sendern der MOS-211x-Serie zusammen, die moduliertes Licht \u00fcber Singlemode-Glasfaser \u00fcbertragen. Solche optischen Verbindungen k\u00f6nnen unter Verwendung von Glasfaser- und PON-Technologie (Passive Optical Network) mehrere Kan\u00e4le von der Kopfstelle zu entfernten Orten in der Stadt usw. \u00fcbertragen.<\/p>\n<p>Aufgrund der geringen Gr\u00f6\u00dfe, des modernen Designs und der geeigneten Parameter ist OD-003 der ideale Teilnehmerempf\u00e4nger f\u00fcr FTTH-Systeme. Sein erweiterter Frequenzbereich des HF-Ausgangssignals (47-1002 MHz) erm\u00f6glicht die Zuweisung zus\u00e4tzlicher Kan\u00e4le.<\/p>\n<p>Der optische Empf\u00e4nger zeichnet sich durch eine hohe Empfindlichkeit (-10&#8230;-3 dBm) aus und kann somit am Ende vergleichsweise langer optischer Strecken eingesetzt werden. Der maximale RF-Ausgangspegel von 80 dBuV eignet sich zur Verteilung der Kan\u00e4le \u00fcber passive Komponenten in einer Wohnung, einem B\u00fcro oder einem Einfamilienhaus.<\/p>\n<p><\/p>\n<p>\u00dcbersicht Optische FTTH Receiver \/ Optical Nodes<\/p>\n<\/p>\n<table>\n<thead>\n<tr>\n<th>Modell&nbsp; &nbsp; &nbsp; &nbsp; &nbsp;<\/th>\n<th>Type&nbsp; &nbsp; &nbsp; &nbsp; &nbsp; &nbsp; &nbsp; &nbsp; &nbsp; &nbsp; &nbsp; &nbsp; &nbsp;<\/th>\n<th>Optical Input&nbsp; &nbsp;&nbsp;<\/th>\n<th>&nbsp;Optical Wave&nbsp; &nbsp;<\/th>\n<th>RF Level&nbsp; &nbsp; &nbsp;<\/th>\n<th>RF Bereich&nbsp; &nbsp; &nbsp; &nbsp; &nbsp;<\/th>\n<th>Datenblatt<\/th>\n<\/tr>\n<\/thead>\n<tbody>\n<tr>\n<td>OD001A<\/td>\n<td>DVB-C\/T<\/td>\n<td>-7 &#8211; +2dBm<\/td>\n<td>1100-1600nm<\/td>\n<td>94dBuV<\/td>\n<td>47-862MHz<\/td>\n<td><a href=\"http:\/\/www.terraelectronics.com\/Pub\/Temp\/OD001A_OD002_en.pdf\" target=\"_blank\" rel=\"noopener\">Link<\/a><\/td>\n<\/tr>\n<tr>\n<td>OD002<\/td>\n<td>DVB-C\/T<\/td>\n<td>-7 &#8211; +2dBm<\/td>\n<td>1100-1600nm<\/td>\n<td>106dBuV<\/td>\n<td>47-862MHz<\/td>\n<td><a href=\"http:\/\/www.terraelectronics.com\/Pub\/Temp\/OD001A_OD002_en.pdf\" target=\"_blank\" rel=\"noopener\">Link<\/a><\/td>\n<\/tr>\n<tr>\n<td>OD003<\/td>\n<td>DVB-C\/T<\/td>\n<td>-10 &#8211; -3dBm<\/td>\n<td>1100-1600nm<\/td>\n<td>80dBuV<\/td>\n<td>47-1002MHz<\/td>\n<td><a href=\"http:\/\/www.terraelectronics.com\/Pub\/Temp\/OD003_en.pdf\" target=\"_blank\" rel=\"noopener\">Link<\/a><\/td>\n<\/tr>\n<tr>\n<td>OD004A<\/td>\n<td>DVB-C\/T\/1xSatIF<\/td>\n<td>-15 &#8211; 0dBm<\/td>\n<td>1100-1600nm<\/td>\n<td>80dBuV<\/td>\n<td>47-2400MHz<\/td>\n<td><a href=\"http:\/\/www.terraelectronics.com\/Pub\/Temp\/OD004A_en.pdf\" target=\"_blank\" rel=\"noopener\">Link<\/a><\/td>\n<\/tr>\n<tr>\n<td>OD005P<\/td>\n<td>DVB-C\/T<\/td>\n<td>-6 &#8211; 0dBm<\/td>\n<td>1100-1600nm<\/td>\n<td>106dBuV<\/td>\n<td>47-862MHz<\/td>\n<td><a href=\"http:\/\/www.terraelectronics.com\/Pub\/Temp\/OD005P_en.pdf\" target=\"_blank\" rel=\"noopener\">Link<\/a><\/td>\n<\/tr>\n<tr>\n<td>OD006<\/td>\n<td>DVB-C\/T<\/td>\n<td>-6 &#8211; 0dBm<\/td>\n<td>1100-1600nm<\/td>\n<td>80dBuV<\/td>\n<td>47-1006MHz<\/td>\n<td><a href=\"http:\/\/www.terraelectronics.com\/Pub\/Temp\/OD006_OD006_55_en.pdf\" target=\"_blank\" rel=\"noopener\">Link<\/a><\/td>\n<\/tr>\n<tr>\n<td>OD007<\/td>\n<td>DVB-C\/T\/1 SatIF<\/td>\n<td>-15 &#8211; 0dBm<\/td>\n<td>1100-1600nm<\/td>\n<td>70dBuV<\/td>\n<td>47-2400MHz<\/td>\n<td><a href=\"http:\/\/www.terraelectronics.com\/Pub\/Temp\/OD007_OD007H_en.pdf\" target=\"_blank\" rel=\"noopener\">Link<\/a><\/td>\n<\/tr>\n<tr>\n<td>OR401<\/td>\n<td>4 SatIF<\/td>\n<td>-15 &#8211; -5dBm<\/td>\n<td>1100-1650nm<\/td>\n<td>80dBuV<\/td>\n<td>950-2150MHz<\/td>\n<td><a href=\"http:\/\/www.terraelectronics.com\/Pub\/Temp\/OR401_en.pdf\" target=\"_blank\" rel=\"noopener\">Link<\/a><\/td>\n<\/tr>\n<tr>\n<td>OF501W<\/td>\n<td>4 SatIF\/DVB-C\/T<\/td>\n<td>-15 &#8211; -5dBm<\/td>\n<td>1100-1650nm<\/td>\n<td>80dBuV<\/td>\n<td>47-2150MHz<\/td>\n<td><a href=\"http:\/\/www.terraelectronics.com\/Pub\/Temp\/OR501MW_OR501W_en.pdf\" target=\"_blank\" rel=\"noopener\">Link<\/a><\/td>\n<\/tr>\n<tr>\n<td>OF501MW<\/td>\n<td>4 SatIF\/DVB-C\/T<\/td>\n<td>-15 &#8211; -5dBm<\/td>\n<td>1100-1650nm<\/td>\n<td>75dBuV<\/td>\n<td>47-2150MHz<\/td>\n<td><a href=\"http:\/\/www.terraelectronics.com\/Pub\/Temp\/OR501MW_OR501W_en.pdf\" target=\"_blank\" rel=\"noopener\">Link<\/a><\/td>\n<\/tr>\n<\/tbody>\n<\/table>","protected":false},"excerpt":{"rendered":"<p>Wir sind offizieller Terra \u00d6sterreich Distributor! Terra Distributor Aktion -25% Rabatt: TERRA25&nbsp; (Gutschein im Warenkorb einl\u00f6sbar, ab einem Bestellwert von 650 \u20ac [&hellip;]<\/p>","protected":false},"featured_media":2050,"template":"","meta":[],"product_cat":[42,160],"product_tag":[],"_links":{"self":[{"href":"https:\/\/satmediawp.edv-kroiss.com\/en\/wp-json\/wp\/v2\/product\/2051"}],"collection":[{"href":"https:\/\/satmediawp.edv-kroiss.com\/en\/wp-json\/wp\/v2\/product"}],"about":[{"href":"https:\/\/satmediawp.edv-kroiss.com\/en\/wp-json\/wp\/v2\/types\/product"}],"wp:featuredmedia":[{"embeddable":true,"href":"https:\/\/satmediawp.edv-kroiss.com\/en\/wp-json\/wp\/v2\/media\/2050"}],"wp:attachment":[{"href":"https:\/\/satmediawp.edv-kroiss.com\/en\/wp-json\/wp\/v2\/media?parent=2051"}],"wp:term":[{"taxonomy":"product_cat","embeddable":true,"href":"https:\/\/satmediawp.edv-kroiss.com\/en\/wp-json\/wp\/v2\/product_cat?post=2051"},{"taxonomy":"product_tag","embeddable":true,"href":"https:\/\/satmediawp.edv-kroiss.com\/en\/wp-json\/wp\/v2\/product_tag?post=2051"}],"curies":[{"name":"wp","href":"https:\/\/api.w.org\/{rel}","templated":true}]}}