{"id":2088,"date":"2021-10-12T08:45:31","date_gmt":"2021-10-12T08:45:31","guid":{"rendered":"https:\/\/satmediawp.edv-kroiss.com\/produkt\/d-line-alu-spiegel-80-cm-dunkelgrau\/"},"modified":"2024-05-17T13:43:02","modified_gmt":"2024-05-17T11:43:02","slug":"d-line-alu-spiegel-80-cm-dunkelgrau","status":"publish","type":"product","link":"https:\/\/satmediawp.edv-kroiss.com\/en\/product\/d-line-alu-spiegel-80-cm-dunkelgrau\/","title":{"rendered":"D-Line ALU Spiegel 80 cm Dunkelgrau"},"content":{"rendered":"<p><span style=\"color: rgb(86, 86, 85); font-family: calibri, &quot;Open Sans&quot;, arial, helvetica, clean, sans-serif; font-size: 14px;\">Ein technisch perfekter, montagefreundlicher 80cm Aluminium-Spiegel, der durch tolle neue Ideen und durch einen sehr guten Empfang \u00fcberzeugt.<\/p>\n<p><\/span>In der Mitte des Spiegels befindet sich ein Schlitz, der so gro\u00df ist wie ein 2-Euro-St\u00fcck. An diesem Schlitz wird der Reflektor einfach eingeh\u00e4ngt.<br \/>Jetzt haben Sie beide H\u00e4nde frei um die Reflektorschrauben in die bereits vormontierten Muttern zu drehen.<span style=\"color: rgb(86, 86, 85); font-family: calibri, &quot;Open Sans&quot;, arial, helvetica, clean, sans-serif; font-size: 14px;\"><br \/><\/span><\/p>\n<p><b>Highlights:<\/b><\/p>\n<ul>\n<li>Hoher Antennengewinn<\/li>\n<li>Montage-freundlich<\/li>\n<li>Langlebiger, pr\u00e4ziser Hochleistungs-Aluminium-Reflektor<\/li>\n<li>Alle Muttern sind bereits als Niet-Muttern vormontiert<\/li>\n<li>Mit Kabeleinf\u00fchrung<\/li>\n<li>Gewicht:&nbsp; Nur 2,75kg mit Zubeh\u00f6r<\/li>\n<li>Gewinn bei 12,75GHz: 37,6dB<\/li>\n<\/ul>","protected":false},"excerpt":{"rendered":"<p>Ein technisch perfekter, montagefreundlicher 80cm Aluminium-Spiegel, der durch tolle neue Ideen und durch einen sehr guten Empfang \u00fcberzeugt. In der Mitte des [&hellip;]<\/p>","protected":false},"featured_media":2084,"template":"","meta":[],"product_cat":[46,115],"product_tag":[],"_links":{"self":[{"href":"https:\/\/satmediawp.edv-kroiss.com\/en\/wp-json\/wp\/v2\/product\/2088"}],"collection":[{"href":"https:\/\/satmediawp.edv-kroiss.com\/en\/wp-json\/wp\/v2\/product"}],"about":[{"href":"https:\/\/satmediawp.edv-kroiss.com\/en\/wp-json\/wp\/v2\/types\/product"}],"wp:featuredmedia":[{"embeddable":true,"href":"https:\/\/satmediawp.edv-kroiss.com\/en\/wp-json\/wp\/v2\/media\/2084"}],"wp:attachment":[{"href":"https:\/\/satmediawp.edv-kroiss.com\/en\/wp-json\/wp\/v2\/media?parent=2088"}],"wp:term":[{"taxonomy":"product_cat","embeddable":true,"href":"https:\/\/satmediawp.edv-kroiss.com\/en\/wp-json\/wp\/v2\/product_cat?post=2088"},{"taxonomy":"product_tag","embeddable":true,"href":"https:\/\/satmediawp.edv-kroiss.com\/en\/wp-json\/wp\/v2\/product_tag?post=2088"}],"curies":[{"name":"wp","href":"https:\/\/api.w.org\/{rel}","templated":true}]}}