{"id":2094,"date":"2021-10-25T11:46:38","date_gmt":"2021-10-25T11:46:38","guid":{"rendered":"https:\/\/satmediawp.edv-kroiss.com\/produkt\/24-fach-unicable-multischalter-6-satelliten-set-inkl-lnbs\/"},"modified":"2024-05-17T11:20:15","modified_gmt":"2024-05-17T09:20:15","slug":"24-fach-unicable-multischalter-6-satelliten-set-inkl-lnbs","status":"publish","type":"product","link":"https:\/\/satmediawp.edv-kroiss.com\/en\/product\/24-fach-unicable-multischalter-6-satelliten-set-inkl-lnbs\/","title":{"rendered":"24 fach Unicable-Multischalter (6 Satelliten SET inkl. LNBs)"},"content":{"rendered":"<p>Dieser Unicable Multischalter unterst\u00fctzt sowohl das Unicable I als auch das Unicable II Protokoll.<br \/>Somit k\u00f6nnen \u00fcber diesem Schalter bis zu 8 \u00e4ltere Sat Receiver (Unicable I) und 16 SAT-Receiver mit Unicable II Protokoll (fast alle Ger\u00e4te ab 2013) angeschlossen werden.<\/p>\n<p>Insgesamt somit 24 Receiver an nur einer Koax-Leitung. Ein 8-fach Splitter zur besseren Verteilung liegt unserem Angebot bei.<br \/>Nat\u00fcrlich k\u00f6nnen mit diesem Unicable System auch Mehrfach Tuner Receiver (Twin Tuner, 4-fach Tuner, Octo FBC Tuner) \u00fcber eine Koax Leitung betrieben werden. <\/p>\n<p>Dieses System erm\u00f6glicht den Empfang von 6 Satelliten mit nur 12 Koax Leitungen kommend von des SAT-Antenne.<br \/>Die 6 ben\u00f6tigten Wideband LNBs liegen dem Lieferumfang bei!<br \/>Die Unicable Schalter werden von uns f\u00fcr dieses 6 Sat-Set vorprogrammiert!<\/p>\n<p>Wichtig:<br \/>Zum Weiterschleifen der Koax-Leitung kann entweder eine  Unicable taugliche SAT-Dose mit DC-Durchlass oder ein Unicable  tauglicher SAT-Splitter verwendet werden.<br \/>Ein 8fach Splitter liegt unserem SET bereits bei.<\/p>\n<p>Scope of delivery:<br \/>3 x 24fach Unicable Multischalter inkl. Netzteil &#8211; Programmiert auf Unicable I\/II<br \/>6 x Wideband LNBs<br \/>1 x &nbsp;4-fach Unicable 2-wege Combiner<br \/>1 x 8-fach Splitter<br \/>4 x F-Verbindungskabel<\/p>","protected":false},"excerpt":{"rendered":"<p>Dieser Unicable Multischalter unterst\u00fctzt sowohl das Unicable I als auch das Unicable II Protokoll.Somit k\u00f6nnen \u00fcber diesem Schalter bis zu 8 \u00e4ltere [&hellip;]<\/p>","protected":false},"featured_media":2092,"template":"","meta":[],"product_cat":[48,123,126],"product_tag":[],"_links":{"self":[{"href":"https:\/\/satmediawp.edv-kroiss.com\/en\/wp-json\/wp\/v2\/product\/2094"}],"collection":[{"href":"https:\/\/satmediawp.edv-kroiss.com\/en\/wp-json\/wp\/v2\/product"}],"about":[{"href":"https:\/\/satmediawp.edv-kroiss.com\/en\/wp-json\/wp\/v2\/types\/product"}],"wp:featuredmedia":[{"embeddable":true,"href":"https:\/\/satmediawp.edv-kroiss.com\/en\/wp-json\/wp\/v2\/media\/2092"}],"wp:attachment":[{"href":"https:\/\/satmediawp.edv-kroiss.com\/en\/wp-json\/wp\/v2\/media?parent=2094"}],"wp:term":[{"taxonomy":"product_cat","embeddable":true,"href":"https:\/\/satmediawp.edv-kroiss.com\/en\/wp-json\/wp\/v2\/product_cat?post=2094"},{"taxonomy":"product_tag","embeddable":true,"href":"https:\/\/satmediawp.edv-kroiss.com\/en\/wp-json\/wp\/v2\/product_tag?post=2094"}],"curies":[{"name":"wp","href":"https:\/\/api.w.org\/{rel}","templated":true}]}}