{"id":2130,"date":"2022-06-21T11:55:53","date_gmt":"2022-06-21T11:55:53","guid":{"rendered":"https:\/\/satmediawp.edv-kroiss.com\/produkt\/profi-alu-dachziegel-45x50-cm-schwarz-mit-kabeldurchfuehrung-fuer-masten-bis-o-60-mm-3\/"},"modified":"2024-05-17T11:20:40","modified_gmt":"2024-05-17T09:20:40","slug":"profi-alu-dachziegel-45x50-cm-rot-mit-kabeldurchfuehrung-fuer-masten-bis-o-60-mm-3","status":"publish","type":"product","link":"https:\/\/satmediawp.edv-kroiss.com\/en\/product\/profi-alu-dachziegel-45x50-cm-rot-mit-kabeldurchfuehrung-fuer-masten-bis-o-60-mm-3\/","title":{"rendered":"Profi Alu-Dachziegel 45&#215;50 cm rot mit Kabeldurchf\u00fchrung f\u00fcr Masten bis \u00d8 60 mm"},"content":{"rendered":"<ul style=\"color: rgb(70, 70, 70); font-family: Verdana, Helvetica, Arial, sans-serif;\">\n<li>Material: Kombination aus Qualit\u00e4ts-Aluminumlegierung und UV- best\u00e4ndigem Kunststoff (im UV-Kammer getestet)<\/li>\n<li>Oberfl\u00e4che: ziegelrot kunststoffbeschichtet<\/li>\n<li>inkl. Kabeldurchf\u00fchrung<\/li>\n<li>passend f\u00fcr jede Dachziegelform<\/li>\n<li>L\u00e4nge: 450 mm &#8211; Breite: 500 mm<\/li>\n<li>verwendbar f\u00fcr Masten bis \u00d8 60 mm<\/li>\n<li>geeignet f\u00fcr Dachneigung bis 56\u00b0<\/li>\n<li>Klebestreifen zum Festkleben an anliegenden Dachziegeln<\/li>\n<li>umweltfreundlich (schwermetallfrei)<\/li>\n<li>passend f\u00fcr jede Dachziegelform<\/li>\n<li>dauerhaft wetterfest<\/li>\n<li>\u00e4sthetisches Aussehen durch ziegelrote Beschichtung<\/li>\n<li>keine Schlieren auf dem Dach (Temperaturbest\u00e4ndigkeit von -30\u00b0 bis +110\u00b0C)<\/li>\n<li>jedem Dachziegelformverlauf&nbsp;leicht anpassbar<\/li>\n<\/ul>","protected":false},"excerpt":{"rendered":"<p>Material: Kombination aus Qualit\u00e4ts-Aluminumlegierung und UV- best\u00e4ndigem Kunststoff (im UV-Kammer getestet) Oberfl\u00e4che: ziegelrot kunststoffbeschichtet inkl. Kabeldurchf\u00fchrung passend f\u00fcr jede Dachziegelform L\u00e4nge: 450 [&hellip;]<\/p>","protected":false},"featured_media":2128,"template":"","meta":[],"product_cat":[49,134],"product_tag":[],"_links":{"self":[{"href":"https:\/\/satmediawp.edv-kroiss.com\/en\/wp-json\/wp\/v2\/product\/2130"}],"collection":[{"href":"https:\/\/satmediawp.edv-kroiss.com\/en\/wp-json\/wp\/v2\/product"}],"about":[{"href":"https:\/\/satmediawp.edv-kroiss.com\/en\/wp-json\/wp\/v2\/types\/product"}],"wp:featuredmedia":[{"embeddable":true,"href":"https:\/\/satmediawp.edv-kroiss.com\/en\/wp-json\/wp\/v2\/media\/2128"}],"wp:attachment":[{"href":"https:\/\/satmediawp.edv-kroiss.com\/en\/wp-json\/wp\/v2\/media?parent=2130"}],"wp:term":[{"taxonomy":"product_cat","embeddable":true,"href":"https:\/\/satmediawp.edv-kroiss.com\/en\/wp-json\/wp\/v2\/product_cat?post=2130"},{"taxonomy":"product_tag","embeddable":true,"href":"https:\/\/satmediawp.edv-kroiss.com\/en\/wp-json\/wp\/v2\/product_tag?post=2130"}],"curies":[{"name":"wp","href":"https:\/\/api.w.org\/{rel}","templated":true}]}}