{"id":2150,"date":"2022-09-20T10:11:38","date_gmt":"2022-09-20T10:11:38","guid":{"rendered":"https:\/\/satmediawp.edv-kroiss.com\/produkt\/android-11-tv-homatics-box-g-dongle-4k-wlan-ethernet-dolby-chromecast\/"},"modified":"2024-05-17T11:20:13","modified_gmt":"2024-05-17T09:20:13","slug":"android-11-tv-homatics-box-g-dongle-4k-wlan-ethernet-dolby-chromecast","status":"publish","type":"product","link":"https:\/\/satmediawp.edv-kroiss.com\/en\/product\/android-11-tv-homatics-box-g-dongle-4k-wlan-ethernet-dolby-chromecast\/","title":{"rendered":"Android 11 TV Homatics Box G Dongle 4k WLAN\/Ethernet Dolby Chromecast"},"content":{"rendered":"<p><strong>Offizielle Google TV Android 11 Box\/Dongle mit Wlan und Ethernet LAN Anschluss!<\/strong><\/p>\n<p>Mit dem Homatics Dongle G 4K wurde ein leistungsstarker Smart-TV-Stick auf den Markt gebracht, der mit seinem kompakten Design aus einem normalen Fernseher einen Smart-TV macht. Genie\u00dfen Sie ein ultrahochaufl\u00f6sendes, lebensechtes Seherlebnis. Mit dem integrierten Chromecast k\u00f6nnen Sie Ihre Lieblingsfilme, Musik und mehr ganz einfach auf Ihren Fernseher \u00fcbertragen. Dazu erhalten Sie eine Fernbedienung mit Sprachsteuerung, sodass Ihr Fernsehabend so angenehm wie m\u00f6glich ist.<\/p>\n<p><strong>Features<\/strong><br \/>&#8211; Google TV\u0099<br \/>&#8211; Dolby Audio<br \/>&#8211; 4K Ultra HD Aufl\u00f6sung<br \/>&#8211; Intergrierter Chromecast<br \/>&#8211; integrierte Dual-WiFi (2.4\/5G)<br \/>&#8211; Google-zertifizierter Media Player<br \/>&#8211; Sprachfernbedienung mit Google Assistant<br \/>&#8211; Google TV, Netflix 4K, Disney+, Amazon Prime Video 4K, YouTube Music, HBO Max, Spotify<\/p>\n<p><strong>Google Voice Assistant<\/strong><br \/>Mit dem integrierten Chromecast k\u00f6nnen Sie Inhalte von fast jedem Smartphone, Tablet oder Laptop drahtlos auf Ihren Fernseher \u00fcbertragen. Die Fernbedienung verf\u00fcgt \u00fcber eine Sprachsteuerung mit Google Assistant und das Ger\u00e4t unterst\u00fctzt die g\u00e4ngigsten Apps wie Netflix, Disney+, Amazon Prime Video und YouTube Music.<\/p>\n<p><strong>Lebensechte Bildqualit\u00e4t<\/strong><br \/>Mit einer Aufl\u00f6sung von 4K liefert der Dongle G eine unglaublich detaillierte und lebensechte Bildqualit\u00e4t. Jede Farbe, jeder Schatten und jedes Detail wird mit einer atemberaubenden Klarheit und Genauigkeit wiedergegeben, sodass Sie sich direkt in das Geschehen hineinversetzen k\u00f6nnen. Selbst die schnellsten Bewegungen werden fl\u00fcssig und ohne Ruckeln dargestellt, was Ihnen ein unglaublich immersives Erlebnis erm\u00f6glicht.<\/p>\n<p><strong>Dolby Audio<\/strong><br \/>Mit Dolby Audio k\u00f6nnen Sie einen beeindruckenden Surround-Sound genie\u00dfen, der Sie vollst\u00e4ndig in Ihre Lieblingsfilme und -spiele eintauchen l\u00e4sst. Jeder Ton wird mit unglaublicher Klarheit und Pr\u00e4zision wiedergegeben, sodass Sie jedes Ger\u00e4usch und jeden Ton vollst\u00e4ndig erleben k\u00f6nnen.<\/p>\n<p><strong>Viele Funktionen und kompakte Abmessungen<\/strong><br \/>Dank seiner kompakten Abmessungen k\u00f6nnen Sie Homatics Dongle G \u00fcberall hin mitnehmen. Ob Gesch\u00e4ftsreise, Urlaub oder bei Freunden, mit diesem kleinen Ger\u00e4t haben Sie immer Ihre Lieblingsfilme, Musik und Spiele dabei. Die integrierte Chromecast-Funktion sorgt daf\u00fcr, dass Sie Ihr Smartphone einfach und drahtlos mit Ihrem Fernseher verbinden k\u00f6nnen. Diese Funktion kann Inhalte von fast jedem Smartphone, Tablet oder Laptop spiegeln.<\/p>\n<p><strong>Technische Daten<\/strong><br \/>&#8211; CPU: Amlogic S905Y2 \/ Quad-Core Cortex-A35<br \/>&#8211; 16.500 DMIPS<br \/>&#8211; 2 GB DDR3 RAM &amp; 8GB eMMC Flash<br \/>&#8211; Zertifizierungen*: Google TV, Netflix 4K, Disney+, Amazon Prime Video 4K, YouTube Music, HBO Max, Spotify, uvm.<br \/>&#8211; Leistungsaufnahme: max. 5 W<br \/>* Die genannten Dienste erfordern ein bestehendes Abonnement.<\/p>\n<p><strong>Dekodierung<\/strong><br \/>&#8211; Audio-Decoder: Dolby Audio<br \/>&#8211; Bilddecoder: JPG, BMP, GIF, PNG<br \/>&#8211; Audioformat: MP3, AAC, FLAC, OGG<br \/>&#8211; Videoformat: RM, MOV, VOB, AVI, MKV, TS, MP4<br \/>&#8211; Maximale Ausgangsaufl\u00f6sung: 4Kx2K bei 60fps<br \/>&#8211; Videodecoder: AV1, VP9, H.265 HEVC, AVS2, H.264 AVC, H.264 MVC, MPEG-4 ASP, WMV\/VC-1, AVS-P16\/AVS-P2, MPEG-2 MP\/HL, MPEG-1 MP\/HL und RealVideo 8\/9\/10.<\/p>\n<p><strong>Anschl\u00fcsse &amp; Konnektivit\u00e4t<\/strong><br \/>1x HDMI<br \/>1x Ethernet<br \/>1x Micro USB<br \/>1x USB-C<br \/>1x Reset-Taste<br \/>&#8211; Dual-WiFi (2.4\/5G)<br \/>&#8211; Bluetooth 5.0<\/p>\n<p><strong>Lieferumfang<\/strong><br \/>1x Homatics Box\/Dongle G 4K Google TV Mediaplayer, Grau<br \/>1x Sprachfernbedienung<br \/>1x Netzkabel<br \/>1x Netzteil<br \/>1x Kurzanleitung<\/p><\/p>","protected":false},"excerpt":{"rendered":"<p>Offizielle Google TV Android 11 Box\/Dongle mit Wlan und Ethernet LAN Anschluss! Mit dem Homatics Dongle G 4K wurde ein leistungsstarker Smart-TV-Stick [&hellip;]<\/p>","protected":false},"featured_media":2143,"template":"","meta":[],"product_cat":[44,68,71,67],"product_tag":[],"_links":{"self":[{"href":"https:\/\/satmediawp.edv-kroiss.com\/en\/wp-json\/wp\/v2\/product\/2150"}],"collection":[{"href":"https:\/\/satmediawp.edv-kroiss.com\/en\/wp-json\/wp\/v2\/product"}],"about":[{"href":"https:\/\/satmediawp.edv-kroiss.com\/en\/wp-json\/wp\/v2\/types\/product"}],"wp:featuredmedia":[{"embeddable":true,"href":"https:\/\/satmediawp.edv-kroiss.com\/en\/wp-json\/wp\/v2\/media\/2143"}],"wp:attachment":[{"href":"https:\/\/satmediawp.edv-kroiss.com\/en\/wp-json\/wp\/v2\/media?parent=2150"}],"wp:term":[{"taxonomy":"product_cat","embeddable":true,"href":"https:\/\/satmediawp.edv-kroiss.com\/en\/wp-json\/wp\/v2\/product_cat?post=2150"},{"taxonomy":"product_tag","embeddable":true,"href":"https:\/\/satmediawp.edv-kroiss.com\/en\/wp-json\/wp\/v2\/product_tag?post=2150"}],"curies":[{"name":"wp","href":"https:\/\/api.w.org\/{rel}","templated":true}]}}