{"id":2165,"date":"2022-09-27T11:29:40","date_gmt":"2022-09-27T11:29:40","guid":{"rendered":"https:\/\/satmediawp.edv-kroiss.com\/produkt\/amiko-multitracker-3-dvb-s2-c2-t2-satelliten-kabel-messgeraet-multi-tracker\/"},"modified":"2024-05-17T11:20:15","modified_gmt":"2024-05-17T09:20:15","slug":"amiko-multitracker-3-dvb-s2-c2-t2-satelliten-kabel-messgeraet-multi-tracker","status":"publish","type":"product","link":"https:\/\/satmediawp.edv-kroiss.com\/en\/product\/amiko-multitracker-3-dvb-s2-c2-t2-satelliten-kabel-messgeraet-multi-tracker\/","title":{"rendered":"Amiko Multitracker 3 DVB-S2\/C2\/T2 Satelliten Kabel Messger\u00e4t Multi Tracker"},"content":{"rendered":"<p>Der Amiko Multi Tracker 3 ist ein fortschrittliches Messger\u00e4t zur Durchf\u00fchrung der Signalanalyse der Standards DVB-T \/ T2, DVB-S \/ S2, DVB-C \/ C2.<br \/>Es erm\u00f6glicht nicht nur die genaue Positionierung von terrestrischen oder Satellitenantennen, sondern auch die Messung der Signalst\u00e4rke und -qualit\u00e4t an jedem Punkt der Antenneninstallation.<\/p>\n<p>Der Signalmesser ist mit einem hellen, farbenfrohen und gut ablesbaren AMOLED-Display mit einer Diagonale von 5 Zoll ausgestattet. Es erm\u00f6glicht sowohl die Anzeige von Signalparametern als auch die Vorschau einzelner Kan\u00e4le.<\/p>\n<p>Das Hauptmen\u00fc hat 6 Punkte:<\/p>\n<ul>\n<li>Satellit &#8211; DVB-S + DVB-S2 Satelliten-TV-Signalmessung<\/li>\n<li>Terrestrisch &#8211; DVB-T + DVB-T2 Messung des terrestrischen TV-Signals<\/li>\n<li>Kabel &#8211; DVB-C + DVB-C2 Kabelfernsehsignalmessung<\/li>\n<li>DV in &#8211; Vorschau des Signals vom HDMI-Eingang des Messger\u00e4ts<\/li>\n<li>USB &#8211; Software-Update, Senderliste, Screenshots, USB-Log<\/li>\n<li>System &#8211; Systeminformationen<\/li>\n<\/ul>\n<p><strong>Satellitenmessfunktionen:<\/strong><\/p>\n<p><strong>TP Control<\/strong> &#8211; zeigt Anzeigen f\u00fcr vier ausgew\u00e4hlte Transponder auf einem Bildschirm an.<\/p>\n<p><strong>Messung<\/strong> &#8211; Leistung (dBuV) und Signalqualit\u00e4t (CBER, LBER) Wir k\u00f6nnen zwischen Satelliten wechseln und Transponder wechseln.<\/p>\n<p><strong>Konstellation<\/strong> &#8211; Analysiert und zeigt das Eingangssignal der ausgew\u00e4hlten Frequenz an. DBuV-Signalst\u00e4rke, Leistung und Qualit\u00e4t in Prozent. C \/ N-Verh\u00e4ltnis und CBER-Parameter.<\/p>\n<p><strong>Spektrum<\/strong> &#8211; zeigt das Spektrum des Eingangssignals an. Sie k\u00f6nnen den Analysebereich eingrenzen oder erweitern: 200, 400, 800 und 1200 MHz. M\u00f6glichkeit zur \u00c4nderung der Steuerspannung 13 \/ 18V sowie LO Low und LO High.<\/p>\n<p><strong>Satelliten<\/strong> bearbeiten &#8211; Sie k\u00f6nnen Satelliten bearbeiten, hinzuf\u00fcgen und aus der Liste entfernen, sowie ausgew\u00e4hlte Transponder aus dem Satelliten.<\/p>\n<p><strong>Antennenkonfiguration<\/strong> &#8211; Einstellungen des Umrichtertyps, der Stromversorgung, eventueller DiSEqC-Schalter oder des Motors<\/p>\n<p><strong>Winkelberechnung<\/strong> &#8211; die F\u00e4higkeit , den Azimutwinkel und Elevations der montierten Satellitenantenne f\u00fcr jeden Ort und ausgew\u00e4hlten Satelliten zu berechnen.<\/p>\n<p>======================================================<\/p>\n<p><strong>Messfunktionen f\u00fcr terrestrische Signale:<\/strong><\/p>\n<p><strong>Reichweite<\/strong> &#8211; Das Messger\u00e4t analysiert vier ausgew\u00e4hlte Kan\u00e4le (Multiplexe) und liefert f\u00fcr jeden von ihnen die Parameter Signalst\u00e4rke und -qualit\u00e4t.<\/p>\n<p><strong>Messung<\/strong> aller Signalparameter &#8211; Leistung und Qualit\u00e4t (CBER, VBER, MER) mit Angabe des Standards (DVB-T \/ T2).<\/p>\n<p><strong>Spektrum<\/strong> &#8211; Vollansicht des gesamten Frequenzbereichs mit Ermittlung der Mittenfrequenz. Sie k\u00f6nnen den Analysebereich eingrenzen oder erweitern: 200, 400, 600 und 800 MHz.<\/p>\n<p><strong>Die Konstellation<\/strong> analysiert das Signal der ausgew\u00e4hlten Frequenz (Kanal) durch Angabe der Werte der MER-, CBER-Parameter und der Signalst\u00e4rke dBuV.<\/p>\n<p><strong>Frequenztabelle<\/strong> &#8211; wir k\u00f6nnen die Frequenz f\u00fcr jeden Kanal und seinen Standard (DVB-T \/ T2) und Band (6, 7, 8 MHz) bearbeiten.<\/p>\n<p><strong>Senderliste<\/strong> &#8211; Wir k\u00f6nnen eine Liste von Sendern oder Bereichen erstellen, in denen wir Messungen durchf\u00fchren, und die Kan\u00e4le ausw\u00e4hlen, die wir in einem bestimmten Bereich messen m\u00f6chten.<br \/>Dadurch bewegen wir uns schneller zwischen den Kan\u00e4len, ohne Kan\u00e4le in der Liste &#8222;scrollen&#8220; zu m\u00fcssen, die f\u00fcr uns nicht wichtig sind.<\/p>\n<p>======================================================<\/p>\n<p><strong>DVB-C \/ C2-Kabelsignalmessung und andere Hauptmen\u00fcpunkte<\/strong><\/p>\n<p><strong>Kabel<\/strong> &#8211; DVB-C \/ C2-Signalmess- und Analysefunktionen. Diese Funktionen \u00e4hneln denen f\u00fcr terrestrisches Fernsehen.<\/p>\n<p>======================================================<\/p>\n<p><strong>USB<\/strong><\/p>\n<p>Eine Funktion, mit der Sie die Software aktualisieren k\u00f6nnen.<br \/>Import\/Export von Senderlisten.<br \/>Screenshot auf USB-Stick.<br \/>Signal Log auf USB-Stick.<\/p>\n<p>======================================================<\/p>\n<p><strong>System<\/strong><\/p>\n<p>Systemeinstellung und Vorschau der Softwareversion.<\/p>\n<p>======================================================<\/p>\n<p><strong>Live-Kanalansicht<\/strong><\/p>\n<p>Mit dem Amiko Multi Tracker 3 Meter k\u00f6nnen Sie terrestrische, Satelliten- und Kabelkan\u00e4le anzeigen. Das Messger\u00e4t erm\u00f6glicht keine Vorschau des Bildes von 4K-Kan\u00e4len.<\/p>\n<p>======================================================<\/p>\n<p><strong>DV-Eingang<\/strong><\/p>\n<p>Aktivieren Sie die Vorschaufunktion einer \u00fcber HDMI angeschlossenen externen Eingangsquelle. Im Beispiel ist ein externer Android-Tuner angeschlossen<\/p>\n<p>======================================================<\/p>\n<p><strong>Das Amiko Multi Tracker 3 Set beinhaltet:<\/strong><\/p>\n<ul>\n<li>Amiko Multitracker 3<\/li>\n<li>Schutzh\u00fclle mit Trageriemen<\/li>\n<li>230 V Ladeger\u00e4t<\/li>\n<li>12V Ladeger\u00e4t f\u00fcr den Zigarettenanz\u00fcnder im Auto<\/li>\n<li>3 x Cinch auf 4-Pin-Klinkenkabel<\/li>\n<li>F-Buchse an TV-Buchse, F-Buchse an F-Buchse (Fass)<\/li>\n<li>CD mit .pdf Handbuch in Englisch<\/li>\n<\/ul>\n<p><strong>Technische Daten des Amiko Multi Tracker 3 Meter:<\/strong><\/p>\n<p><strong>DVB-T<\/strong><\/p>\n<ul>\n<li>Bitfehlerrate: CBER (vor Viterbi): 1E-7\u20131E-3 VBER (vor Reed Solomon): 1E-7\u20131E-3<\/li>\n<li>Frequenzbereich: 42-1005MHz<\/li>\n<li>Leistungspegel: 30 &#8230; 115 dB\u03bcV<\/li>\n<li>MER: 5 &#8211; 35dB<\/li>\n<li>Bandbreite: 6MHz, 7MHz, 8MHz<\/li>\n<li>FFT-Typ: 2k, 8k<\/li>\n<li>Konstellation: QPSK, 16QAM, 64QAM<\/li>\n<li>Viterbi-Rate: 1\/2, 2\/3, 3\/4, 5\/6, 7\/8<\/li>\n<li>Schutzintervall: automatisch<\/li>\n<li>Spektrumumkehrung: auto<\/li>\n<\/ul>\n<p><strong>DVB-T2 \/ T2 Lite<\/strong><\/p>\n<ul>\n<li>Bitfehlerrate: CBER (vor LDPC): 1E-7 &#8211; 1E-3 \/ LBER (vor BCH): 1E-9 &#8211; 1E-5<\/li>\n<li>Frequenzbereich: 42-1005MHz<\/li>\n<li>Leistungspegel: 30 &#8230; 115 dB\u03bcV<\/li>\n<li>Modulationsfehlerrate (MER): 5 &#8211; 35dB<\/li>\n<li>Bandbreite: 1,7MHz, 5MHz, 6MHz, 7MHz, 8MHz<\/li>\n<li>Modus: SISO, MISO, PLP einfach oder mehrfach<\/li>\n<li>FFT-Typ: 1k, 2k, 4k, 8k, 16k, 32k + erweiterte Bandbreite<\/li>\n<li>Konstellation: QPSK, 16QAM, 64QAM, 256QAM<\/li>\n<li>Viterbi-Rate: 1\/2, 3\/5, 2\/3, 3\/4, 4\/5, 5\/6, 1\/3, 2\/5<\/li>\n<li>Schutzintervall: automatisch<\/li>\n<li>Spektrumumkehrung: auto<\/li>\n<\/ul>\n<p><strong>DVB-C<\/strong><\/p>\n<ul>\n<li>Bitfehlerrate: CBER (vor Reed Solomon): 1E-7\u20131E-3 \/ PER (Paketfehlerrate): 1E-6\u20131E-2<\/li>\n<li>Frequenzbereich: 42-1005MHz<\/li>\n<li>Leistungspegel: 30-115 dB\u03bcV<\/li>\n<li>Modulationsfehlerrate (MER): 20 &#8211; 40dB<\/li>\n<li>Symbolrate: 1,7 bis 7,2 Msym\/s<\/li>\n<li>Konstellation: 16QAM, 32QAM, 64QAM, 128QAM, 256QAM<\/li>\n<li>Spektrumumkehrung: auto<\/li>\n<\/ul>\n<p><strong>DVB-C2<\/strong><\/p>\n<ul>\n<li>Bitfehlerrate: CBER (vor LDPC): 1E-7 &#8211; 1E-3 \/ LBER (vor BCH): 1E-9 &#8211; 1E-5<\/li>\n<li>Frequenzbereich: 42-1005MHz<\/li>\n<li>Leistungspegel: 30-115 dB\u03bcV<\/li>\n<li>Modulationsfehlerrate (MER): 5 &#8211; 35dB<\/li>\n<li>Bandbreite: 6MHz, 8MHz<\/li>\n<li>FFT-Typ: 4k<\/li>\n<li>Konstellation: 16QAM, 64QAM, 256QAM, 1024QAM, 4096QAM<\/li>\n<li>Viterbi-Rate: 2\/3, 3\/4, 4\/5, 5\/6, 8\/9, 9\/10<\/li>\n<li>Schutzintervall: automatisch<\/li>\n<li>Spektrumumkehrung: auto<\/li>\n<\/ul>\n<p><strong>DVB-S<\/strong><\/p>\n<ul>\n<li>Bitfehlerrate: CBER (vor Viterbi): 1E-7 &#8211; 1E-3 \/ VBER (vor Reed Solomon): 1E-7 \u2013 1E-3<\/li>\n<li>Frequenzbereich: 950-2150MHz<\/li>\n<li>Leistungspegel: 35 &#8230; 115 dB\u03bcV<\/li>\n<li>CNR: 0 &#8211; 20dB<\/li>\n<li>Symbolrate: 1 Msym \/ s bis 45 Msym \/ s<\/li>\n<li>Konstellation: QPSK<\/li>\n<li>Viterbi-Rate: 1\/2, 2\/3, 3\/4, 5\/6, 6\/7, 7\/8<\/li>\n<li>Spektrumumkehrung: auto<\/li>\n<\/ul>\n<p><strong>DVB-S2<\/strong><\/p>\n<ul>\n<li>Bitfehlerrate: CBER (vor LDPC): 1E-7 &#8211; 1E-3 \/ LBER (vor BCH): 1E-9 &#8211; 1E-5<\/li>\n<li>Frequenzbereich: 950-2150MHz<\/li>\n<li>Leistungspegel: 35 &#8230; 115 dB\u03bcV<\/li>\n<li>CNR: 0 &#8211; 20dB<\/li>\n<li>Symbolrate: 1 Msym \/ s bis 45 Msym \/ s<\/li>\n<li>Konstellation: QPSK, 8PSK<\/li>\n<li>Viterbi-Rate: 2\/5, 1\/2, 3\/5, 2\/3, 3\/4, 5\/6, 8\/9, 9\/10<\/li>\n<li>Spektrumumkehrung: auto<\/li>\n<\/ul>","protected":false},"excerpt":{"rendered":"<p>Der Amiko Multi Tracker 3 ist ein fortschrittliches Messger\u00e4t zur Durchf\u00fchrung der Signalanalyse der Standards DVB-T \/ T2, DVB-S \/ S2, DVB-C [&hellip;]<\/p>","protected":false},"featured_media":2158,"template":"","meta":[],"product_cat":[78,49,136],"product_tag":[],"_links":{"self":[{"href":"https:\/\/satmediawp.edv-kroiss.com\/en\/wp-json\/wp\/v2\/product\/2165"}],"collection":[{"href":"https:\/\/satmediawp.edv-kroiss.com\/en\/wp-json\/wp\/v2\/product"}],"about":[{"href":"https:\/\/satmediawp.edv-kroiss.com\/en\/wp-json\/wp\/v2\/types\/product"}],"wp:featuredmedia":[{"embeddable":true,"href":"https:\/\/satmediawp.edv-kroiss.com\/en\/wp-json\/wp\/v2\/media\/2158"}],"wp:attachment":[{"href":"https:\/\/satmediawp.edv-kroiss.com\/en\/wp-json\/wp\/v2\/media?parent=2165"}],"wp:term":[{"taxonomy":"product_cat","embeddable":true,"href":"https:\/\/satmediawp.edv-kroiss.com\/en\/wp-json\/wp\/v2\/product_cat?post=2165"},{"taxonomy":"product_tag","embeddable":true,"href":"https:\/\/satmediawp.edv-kroiss.com\/en\/wp-json\/wp\/v2\/product_tag?post=2165"}],"curies":[{"name":"wp","href":"https:\/\/api.w.org\/{rel}","templated":true}]}}