{"id":2182,"date":"2023-01-10T09:20:46","date_gmt":"2023-01-10T09:20:46","guid":{"rendered":"https:\/\/satmediawp.edv-kroiss.com\/produkt\/android-11-tv-box-r-4k-dolby-chromecast\/"},"modified":"2024-05-17T11:20:13","modified_gmt":"2024-05-17T09:20:13","slug":"android-11-tv-box-r-4k-dolby-chromecast","status":"publish","type":"product","link":"https:\/\/satmediawp.edv-kroiss.com\/en\/product\/android-11-tv-box-r-4k-dolby-chromecast\/","title":{"rendered":"Android 11 TV Box R 4k Dolby Chromecast"},"content":{"rendered":"<p>Homatics Box R Android TV Mediaplayer (4K UHD, HDR, 5GHz WiFi, Bluetooth, Sprachfernbedienung, Wei\u00df)&#8220;<\/p>\n<p>Die Homatics Box R ist eines der leistungsst\u00e4rksten 4K -Multimediager\u00e4te auf dem Markt, das einen gew\u00f6hnlichen Fernseher in einen leistungsstarken Smart-TV verwandelt. Als Betriebssystem dient das offizielle Android Betriebssystem. F\u00fcr schnelle Reaktionen sorgt der leistungsstarke Amlogic S905X4- Prozessor f\u00fcr h\u00f6here Geschwindigkeit und ein besseres Benutzererlebnis, der von bis zu 2 GB DDR-RAM und 16 GB eMMC-Flash unterst\u00fctzt wird.<\/p>\n<p><strong>Features<\/strong><br \/>&#8211; Android 11.0<br \/>&#8211; Integrierter Google Chromecast<br \/>&#8211; 4K Ultra HD Aufl\u00f6sung bei 60fps<br \/>&#8211; Bluetooth 5.0<br \/>&#8211; 2GB RAM &amp; 16GB Flash<br \/>&#8211; 2.4 &amp; 5GHz Dual WiFi<\/p>\n<p><strong>Achtung!<\/strong><br \/>4K- oder HDR-Wiedergaben sind nur mit kompatiblen Medien und TV-Ger\u00e4ten m\u00f6glich. Es sind keine IP-Sender vorinstalliert!<\/p>\n<p><strong>Alles auf Ihrem Bildschirm<\/strong><br \/>Die Wiedergabe auf Android TV 11.0 ist einfach und intuitiv. Alles beginnt mit dem Hauptmen\u00fc, wo Sie schnell auf Ihre Lieblingsinhalte zugreifen k\u00f6nnen. Entdecken Sie Filme und Shows aus all Ihren Lieblings-Apps. Rufen Sie die neueste Folge auf, machen Sie dort weiter, wo Sie aufgeh\u00f6rt haben, oder springen Sie im Handumdrehen zu einer neuen Sendung.<\/p>\n<p><strong>Eingebauter Chromecast<\/strong><br \/>Wiedergeben Sie im Handumdrehen von Ihrem Telefon, Tablet oder Laptop auf Ihren Fernseher. Stellen Sie Ihren kleinen Bildschirm auf Ihren gro\u00dfen Bildschirm. \u00dcbertragen Sie schnell alle Ihre Lieblingsfilme, -shows, -fotos, -videos, -musik, -spiele und andere Inhalte, die Sie lieben, direkt auf Ihren Fernseher mit integriertem Chromecast.<\/p>\n<p><strong>Holen Sie sich ganz einfach alle Top-Apps und -Spiele<\/strong><br \/>Holen Sie sich alle Top-Apps und -Spiele direkt auf Ihren Fernseher. Sehen, spielen und tun Sie, was immer Sie wollen, wann immer Sie wollen, mit \u00fcber 5000 Apps von Google Play. Es k\u00f6nnen Abonnementgeb\u00fchren anfallen.<\/p>\n<p><strong>Brillantes 4K-Bild<\/strong><br \/>Genie\u00dfen Sie atemberaubendes 4K Ultra HD mit bis zu 60 fps mit HDMI 2.1. Embedded Widevine Level 1 DRM schaltet den Zugriff auf Premium- und Ultra High-Definition-Inhalte frei.<\/p>\n<p><strong>Sound<\/strong><br \/>F\u00fchlen Sie, wie Szenen mit Dolby Audio lebendig werden, wenn Sie es mit kompatiblen Fernsehern und Lautsprechern verbinden.<\/p>\n<p><strong>Google Voice-Fernbedienung mit TV-Steuerung<\/strong><br \/>Schalten Sie Ihren Fernseher ein, stellen Sie die Lautst\u00e4rke ein, schalten Sie ihn stumm und steuern Sie Ihr Streaming mit einer einzigen Fernbedienung. Greifen Sie mit voreingestellten Schaltfl\u00e4chen schnell auf Ihre Lieblings-Apps zu \u2013 Netflix, Prime Video, Youtube. Sprechen Sie mit Google, um Ihren Fernseher und Ihre Smart-Home-Ger\u00e4te zu steuern, Antworten zu erhalten und vieles mehr.<\/p>\n<p><strong>Gaming<\/strong><br \/>Erhalten Sie mit Box R 4K ein fl\u00fcssiges Gameplay und schnelle Rendering-Grafiken. Koppeln Sie es mit einem Bluetooth-Gamepad und genie\u00dfen Sie einfaches Gaming.<\/p>\n<p><strong>Technische Daten<\/strong><br \/>&#8211; Aufl\u00f6sung: 4K bei 60fps<br \/>&#8211; 2.4 &amp; 5GHz Dual WiFi<br \/>&#8211; Prozessor: Amlogic S905X4(Quad Core ARM Cortex-A55 CPU)<br \/>&#8211; DIMPS: 24.000<br \/>&#8211; Grafikprozessor: ARM Mali-G31 MP2<br \/>&#8211; Arbeitsspeicher: 2GB RAM<br \/>&#8211; 16GB eMMC Flash-Speicher<br \/>&#8211; Betriebssystem: Android 11.0<br \/>&#8211; Ethernet: 10\/100M RJ Netzwerk-Port<br \/>&#8211; Wi-Fi: 802.11 b\/g\/n\/a\/ac 2.4G\/5G 2T2R MIMO Wi-Fi 5<br \/>&#8211; Audio Decoder: Unterst\u00fctzt MP3, AAC, WMA, RM, FLAC, Ogg<br \/>&#8211; Dolby Digital\/Dolby Digital Plus Unterst\u00fctzung<br \/>&#8211; MicroSD-Slot bis zu 64GB<br \/>&#8211; DC-Eingangsbereich: 12V \/ 1,0A<br \/>&#8211; Eingangsspannung AC: 100V \u2013 240V<br \/>&#8211; Stromverbrauch: max. 12W<br \/>&#8211; Betriebstemperatur: 0\u00b0C \u2013 50\u00b0C<br \/>&#8211; Lagertemperatur: -20\u00b0C \u2013 70\u00b0C<br \/>&#8211; Luftfeuchtigkeit: &lt;95%<br \/>&#8211; Farbe: Wei\u00df<\/p>\n<p><strong>Abmessungen &amp; Gewicht<\/strong><br \/>&#8211; Gr\u00f6\u00dfe (BxHxT): 110 x 21 x 108 mm<br \/>&#8211; Gewicht: 140 g<\/p>\n<p><strong>Anschl\u00fcsse &amp; Konnektivit\u00e4t<\/strong><br \/>1x HDMI 2.1<br \/>1x AV-Anschluss<br \/>1x USB 2.0<br \/>1x USB 3.0<br \/>1x MicroSD-Slot<br \/>1x Ethernet<br \/>1x DC-Anschluss 12V<br \/>1x S\/PDIF (optical)<br \/>1x USB-C<br \/>&#8211; WLAN (Dual-Band WiFi)<br \/>&#8211; Bluetooth 5.0<\/p>\n<p><strong>Lieferumfang<\/strong><br \/>1x Homatics Box R 4K Android TV Mediaplayer, Wei\u00df<br \/>1x Netzteil<br \/>1x HDMI-Kabel<br \/>1x Sprachfernbedienung<br \/>1x Bedienungsanleitung<\/p>\n<p>Vielseitige Ultra-HD Android TV Box mit 4K Aufl\u00f6sung (3.840 x 2.160 Pixel) und HDR10 f\u00fcr perfekte und intensive Farben Vollwertiges Android TV 11 Betriebssystem mit Google Playstore f\u00fcr den Download vieler Tausend Apps und integriertem Chromecast Einfache Bedienung des Streaming Player durch Spracheingabe und Direktwahltasten f\u00fcr Google Play, Prime Video und Netflix App auf der Fernbedienung Zukunftssicher durch leistungsstarke Hardware (Quad Core Cortex-A55 CPU DIMPS: 24.000) interner Speicher erweiterbar durch Micro SD Karten-Port<\/p>","protected":false},"excerpt":{"rendered":"<p>Homatics Box R Android TV Mediaplayer (4K UHD, HDR, 5GHz WiFi, Bluetooth, Sprachfernbedienung, Wei\u00df)&#8220; Die Homatics Box R ist eines der leistungsst\u00e4rksten [&hellip;]<\/p>","protected":false},"featured_media":2180,"template":"","meta":[],"product_cat":[44,68,71,67],"product_tag":[],"_links":{"self":[{"href":"https:\/\/satmediawp.edv-kroiss.com\/en\/wp-json\/wp\/v2\/product\/2182"}],"collection":[{"href":"https:\/\/satmediawp.edv-kroiss.com\/en\/wp-json\/wp\/v2\/product"}],"about":[{"href":"https:\/\/satmediawp.edv-kroiss.com\/en\/wp-json\/wp\/v2\/types\/product"}],"wp:featuredmedia":[{"embeddable":true,"href":"https:\/\/satmediawp.edv-kroiss.com\/en\/wp-json\/wp\/v2\/media\/2180"}],"wp:attachment":[{"href":"https:\/\/satmediawp.edv-kroiss.com\/en\/wp-json\/wp\/v2\/media?parent=2182"}],"wp:term":[{"taxonomy":"product_cat","embeddable":true,"href":"https:\/\/satmediawp.edv-kroiss.com\/en\/wp-json\/wp\/v2\/product_cat?post=2182"},{"taxonomy":"product_tag","embeddable":true,"href":"https:\/\/satmediawp.edv-kroiss.com\/en\/wp-json\/wp\/v2\/product_tag?post=2182"}],"curies":[{"name":"wp","href":"https:\/\/api.w.org\/{rel}","templated":true}]}}