{"id":2184,"date":"2023-01-18T11:35:29","date_gmt":"2023-01-18T11:35:29","guid":{"rendered":"https:\/\/satmediawp.edv-kroiss.com\/produkt\/interne-5-tb-hdd-25-sata-geraeuscharm\/"},"modified":"2024-05-17T11:20:45","modified_gmt":"2024-05-17T09:20:45","slug":"interne-5-tb-hdd-25-sata-geraeuscharm","status":"publish","type":"product","link":"https:\/\/satmediawp.edv-kroiss.com\/en\/product\/interne-5-tb-hdd-25-sata-geraeuscharm\/","title":{"rendered":"Interne 5 TB HDD 2,5 SATA Ger\u00e4uscharm"},"content":{"rendered":"<p>Diese Festplatte wird extra produziert f\u00fcr Digital Receiver und DVD-Brenner und verf\u00fcgt \u00fcber 5400U\/min.  <br \/>Die Platten zeichnet sich aus durch eine geringe Stromaufnahme und einem leisen Lauf!  <br \/>Preis inkl. Festplatteneinbau!<\/p>","protected":false},"excerpt":{"rendered":"<p>Diese Festplatte wird extra produziert f\u00fcr Digital Receiver und DVD-Brenner und verf\u00fcgt \u00fcber 5400U\/min. Die Platten zeichnet sich aus durch eine geringe [&hellip;]<\/p>","protected":false},"featured_media":2183,"template":"","meta":[],"product_cat":[50,96],"product_tag":[],"_links":{"self":[{"href":"https:\/\/satmediawp.edv-kroiss.com\/en\/wp-json\/wp\/v2\/product\/2184"}],"collection":[{"href":"https:\/\/satmediawp.edv-kroiss.com\/en\/wp-json\/wp\/v2\/product"}],"about":[{"href":"https:\/\/satmediawp.edv-kroiss.com\/en\/wp-json\/wp\/v2\/types\/product"}],"wp:featuredmedia":[{"embeddable":true,"href":"https:\/\/satmediawp.edv-kroiss.com\/en\/wp-json\/wp\/v2\/media\/2183"}],"wp:attachment":[{"href":"https:\/\/satmediawp.edv-kroiss.com\/en\/wp-json\/wp\/v2\/media?parent=2184"}],"wp:term":[{"taxonomy":"product_cat","embeddable":true,"href":"https:\/\/satmediawp.edv-kroiss.com\/en\/wp-json\/wp\/v2\/product_cat?post=2184"},{"taxonomy":"product_tag","embeddable":true,"href":"https:\/\/satmediawp.edv-kroiss.com\/en\/wp-json\/wp\/v2\/product_tag?post=2184"}],"curies":[{"name":"wp","href":"https:\/\/api.w.org\/{rel}","templated":true}]}}