{"id":2193,"date":"2023-03-02T11:20:12","date_gmt":"2023-03-02T11:20:12","guid":{"rendered":"https:\/\/satmediawp.edv-kroiss.com\/produkt\/f-schnellstecker-f-quick-schraubbar-neuheit\/"},"modified":"2024-05-17T13:43:02","modified_gmt":"2024-05-17T11:43:02","slug":"f-schnellstecker-f-quick-schraubbar-neuheit","status":"publish","type":"product","link":"https:\/\/satmediawp.edv-kroiss.com\/en\/product\/f-schnellstecker-f-quick-schraubbar-neuheit\/","title":{"rendered":"F quick connector F Quick twist-on \u2013 a novelty"},"content":{"rendered":"<p>Polo: <br \/>F-Quick plug directly to the coax cable twist-on.<br \/>Es wird kein zus\u00e4tzlicher F-Stecker ben\u00f6tigt.<\/p>\n<p>Erm\u00f6glicht das schnelle Aus\/Einstecken ohne Gewinde.<\/p>","protected":false},"excerpt":{"rendered":"<p>Neuheut: F-Quick Schnellstecker ist direkt auf das Koax-Kabel schraubbar.Es wird kein zus\u00e4tzlicher F-Stecker ben\u00f6tigt. Erm\u00f6glicht das schnelle Aus\/Einstecken ohne Gewinde.<\/p>","protected":false},"featured_media":2192,"template":"","meta":[],"product_cat":[49,128],"product_tag":[],"_links":{"self":[{"href":"https:\/\/satmediawp.edv-kroiss.com\/en\/wp-json\/wp\/v2\/product\/2193"}],"collection":[{"href":"https:\/\/satmediawp.edv-kroiss.com\/en\/wp-json\/wp\/v2\/product"}],"about":[{"href":"https:\/\/satmediawp.edv-kroiss.com\/en\/wp-json\/wp\/v2\/types\/product"}],"wp:featuredmedia":[{"embeddable":true,"href":"https:\/\/satmediawp.edv-kroiss.com\/en\/wp-json\/wp\/v2\/media\/2192"}],"wp:attachment":[{"href":"https:\/\/satmediawp.edv-kroiss.com\/en\/wp-json\/wp\/v2\/media?parent=2193"}],"wp:term":[{"taxonomy":"product_cat","embeddable":true,"href":"https:\/\/satmediawp.edv-kroiss.com\/en\/wp-json\/wp\/v2\/product_cat?post=2193"},{"taxonomy":"product_tag","embeddable":true,"href":"https:\/\/satmediawp.edv-kroiss.com\/en\/wp-json\/wp\/v2\/product_tag?post=2193"}],"curies":[{"name":"wp","href":"https:\/\/api.w.org\/{rel}","templated":true}]}}